{"id":22524,"date":"2023-06-08T11:44:49","date_gmt":"2023-06-08T09:44:49","guid":{"rendered":"https:\/\/alerno.de\/produkt\/matematik-tatil-kursu\/"},"modified":"2025-06-17T11:25:42","modified_gmt":"2025-06-17T09:25:42","slug":"matemati%cc%87k-tati%cc%87l-kursu","status":"publish","type":"product","link":"https:\/\/alerno.de\/tr\/produkt\/matemati%cc%87k-tati%cc%87l-kursu\/","title":{"rendered":"\u0130lkokul tatil kursu 1 hafta"},"content":{"rendered":"<h2 class=\"elementor-heading-title elementor-size-default\"><span class=\"ui-provider a b c d e f g h i j k l m n o p q r s t u v w x y z ab ac ae af ag ah ai aj ak\" dir=\"ltr\"><strong>Oyunla \u00f6\u011frenme: \u0130lkokul \u00e7ocuklar\u0131 i\u00e7in matematik ve Almanca yaz tatili kursu<\/strong><\/span><\/h2>\n<p>&nbsp;<\/p>\n<p>&#8220;Playful Learning\" kursu, ilkokul 1 ila 4. s\u0131n\u0131f \u00f6\u011frencilerine yaz tatillerinde matematik ve Almanca bilgilerini e\u011flenceli ve \u00e7ocuk dostu bir \u015fekilde geli\u015ftirme f\u0131rsat\u0131 sunuyor.<\/p>\n<p><strong>Detaylar:<\/strong><\/p>\n<ul>\n<li><strong>1. Hafta:<\/strong> 22.07.2024 - 26.07.2024<\/li>\n<li><strong>2. Hafta:<\/strong> 29.07.2024 - 02.08.2024<\/li>\n<li><strong>S\u00fcre:<\/strong> Pazartesiden cumaya, sabahlar\u0131 g\u00fcnde 180 dakika<\/li>\n<li><strong>\u0130\u00e7indekiler:<\/strong> Ya\u015fa uygun ve e\u011flenceli matematik ve Almanca al\u0131\u015ft\u0131rmalar\u0131<\/li>\n<li><strong>Molalar:<\/strong> e\u011fitici oyunlar ve ortak bir kahvalt\u0131 molas\u0131 (l\u00fctfen kendi kahvalt\u0131n\u0131z\u0131 getirin)<\/li>\n<li><strong>Konum:<\/strong> Bremen<\/li>\n<li><strong>Grup b\u00fcy\u00fckl\u00fc\u011f\u00fc:<\/strong> Bireysel destek i\u00e7in k\u00fc\u00e7\u00fck grup<\/li>\n<li>\u00dccret<strong>:<\/strong> \u20ac99 (Bremen Pass sahibi m\u00fc\u015fteriler i\u00e7in \u00fccretsiz)<\/li>\n<\/ul>\n<p><strong>\u0130lkokul tatili kursu neden yararl\u0131d\u0131r?<\/strong><\/p>\n<ul>\n<li><strong>\u00d6\u011frenme materyalinin tekrar\u0131:<\/strong> Almanca ve matematikte \u00f6\u011frenilenlerin peki\u015ftirilmesi.<\/li>\n<li><strong>Daha rahat \u00f6\u011frenme:<\/strong> Tatillerde okul bask\u0131s\u0131 yoktur, bu da e\u011flenceli ve rahat \u00f6\u011frenmeye olanak tan\u0131r.<\/li>\n<li><strong>Pozitif \u00f6\u011frenme atmosferi:<\/strong> Rahat \u00f6\u011frenme atmosferimiz bu yakla\u015f\u0131m\u0131 en iyi \u015fekilde desteklemektedir.<\/li>\n<li><strong>Olumlu \u00f6\u011frenme deneyimi:<\/strong> \u00c7ocuklar yaz tatili boyunca olumlu ve e\u011flenceli bir \u00f6\u011frenme deneyimi ya\u015famal\u0131d\u0131r.<\/li>\n<\/ul>\n<p><strong>\u00d6\u011frenme hedefleri:<\/strong><\/p>\n<ul>\n<li><strong>Matematik:<\/strong> Temel bilgileri peki\u015ftirin, pratik ve e\u011flenceli matematiksel g\u00f6revleri \u00e7\u00f6z\u00fcn.<\/li>\n<li><strong>Almanca:<\/strong> Dil becerilerini geli\u015ftirme, hikayeler ve yarat\u0131c\u0131 al\u0131\u015ft\u0131rmalar yoluyla okumay\u0131 geli\u015ftirme, yaz\u0131l\u0131 ifade.<\/li>\n<li><strong>Genel \u00f6\u011frenme hedefleri:<\/strong> \u00d6\u011frenme motivasyonu, ortak faaliyetler yoluyla sosyal beceriler, rehberli g\u00f6revler yoluyla ba\u011f\u0131ms\u0131z \u00f6\u011frenme.<\/li>\n<\/ul>\n<p><strong>Ebeveynler i\u00e7in avantajlar: <\/strong>\u00c7ocu\u011funuz g\u00fcnde 3 saatini anlaml\u0131 bir \u015fekilde ge\u00e7irir ve bireysel olarak ilgilenilir. Deneyimli e\u011fitmenlerimiz, her \u00e7ocu\u011fun bireyselle\u015ftirilmi\u015f destek ald\u0131\u011f\u0131 ilham verici bir \u00f6\u011frenme ortam\u0131 sa\u011flar. Bu sayede \u00e7ocuklar bir sonraki okul y\u0131l\u0131na daha g\u00fc\u00e7l\u00fc ve yeni bir \u00f6zg\u00fcvenle ba\u015flayabilirler.<\/p>\n<hr>\n<p><strong>Bremen Pass arac\u0131l\u0131\u011f\u0131yla \u00f6\u011frenim deste\u011fi hakk\u0131nda not: <\/strong>Bremen Pass arac\u0131l\u0131\u011f\u0131yla \u00fccretsiz \u00f6\u011frenim deste\u011fi ba\u015fvurusu 2024\/25 yeni \u00f6\u011fretim y\u0131l\u0131 i\u00e7in \u015fimdiden yap\u0131labilir. Bunun i\u00e7in l\u00fctfen formumuzu kullan\u0131n: <a class=\"fui-Link ___1rxvrpe f2hkw1w f3rmtva f1ewtqcl fyind8e f1k6fduh f1w7gpdv fk6fouc fjoy568 figsok6 f1hu3pq6 f11qmguv f19f4twv f1tyq0we f1g0x7ka fhxju0i f1qch9an f1cnd47f fqv5qza f1vmzxwi f1o700av f13mvf36 f1cmlufx f9n3di6 f1ids18y f1tx3yz7 f1deo86v f1eh06m1 f1iescvh fhgqx19 f1olyrje f1p93eir f1nev41a f1h8hb77 f1lqvz6u f10aw75t fsle3fq f17ae5zn\" title=\"https:\/\/alerno.de\/but\/\" href=\"https:\/\/alerno.de\/tr\/?page_id=31480\" target=\"_blank\" rel=\"noopener\" aria-label=\"Link Bremen Pass Antrag\">Bremen Pasaport Ba\u015fvurusu<\/a>.<\/p>\n<p>\u00c7ocu\u011funuzu tatil kurslar\u0131m\u0131za bekliyoruz ve size harika ve dinlendirici bir yaz tatili sezonu diliyoruz!<\/p>\n","protected":false},"excerpt":{"rendered":"<p>Oyunla \u00f6\u011frenme: \u0130lkokul \u00e7ocuklar\u0131 i\u00e7in matematik ve Almanca yaz tatili kursu &nbsp; &#8220;Playful Learning\" kursu, ilkokul 1 ila 4. s\u0131n\u0131f \u00f6\u011frencilerine yaz tatillerinde matematik ve Almanca bilgilerini e\u011flenceli ve \u00e7ocuk dostu bir \u015fekilde geli\u015ftirme f\u0131rsat\u0131 sunuyor. Detaylar: 1. Hafta: 22.07.2024 - 26.07.2024 2. Hafta: 29.07.2024 - 02.08.2024 S\u00fcre: Pazartesiden cumaya, sabahlar\u0131 g\u00fcnde 180 dakika \u0130\u00e7indekiler: [&hellip;]<\/p>\n","protected":false},"featured_media":3734,"template":"","meta":{"_seopress_robots_primary_cat":"none","_seopress_titles_title":"","_seopress_titles_desc":"","_seopress_robots_index":"","site-sidebar-layout":"default","site-content-layout":"default","ast-site-content-layout":"default","site-content-style":"default","site-sidebar-style":"default","ast-global-header-display":"","ast-banner-title-visibility":"","ast-main-header-display":"","ast-hfb-above-header-display":"","ast-hfb-below-header-display":"","ast-hfb-mobile-header-display":"","site-post-title":"","ast-breadcrumbs-content":"","ast-featured-img":"","footer-sml-layout":"","ast-disable-related-posts":"","theme-transparent-header-meta":"default","adv-header-id-meta":"","stick-header-meta":"default","header-above-stick-meta":"","header-main-stick-meta":"","header-below-stick-meta":"","astra-migrate-meta-layouts":"default","ast-page-background-enabled":"default","ast-page-background-meta":{"desktop":{"background-color":"","background-image":"","background-repeat":"repeat","background-position":"center center","background-size":"auto","background-attachment":"scroll","background-type":"","background-media":"","overlay-type":"","overlay-color":"","overlay-opacity":"","overlay-gradient":""},"tablet":{"background-color":"","background-image":"","background-repeat":"repeat","background-position":"center center","background-size":"auto","background-attachment":"scroll","background-type":"","background-media":"","overlay-type":"","overlay-color":"","overlay-opacity":"","overlay-gradient":""},"mobile":{"background-color":"","background-image":"","background-repeat":"repeat","background-position":"center center","background-size":"auto","background-attachment":"scroll","background-type":"","background-media":"","overlay-type":"","overlay-color":"","overlay-opacity":"","overlay-gradient":""}},"ast-content-background-meta":{"desktop":{"background-color":"var(--ast-global-color-5)","background-image":"","background-repeat":"repeat","background-position":"center center","background-size":"auto","background-attachment":"scroll","background-type":"","background-media":"","overlay-type":"","overlay-color":"","overlay-opacity":"","overlay-gradient":""},"tablet":{"background-color":"var(--ast-global-color-5)","background-image":"","background-repeat":"repeat","background-position":"center center","background-size":"auto","background-attachment":"scroll","background-type":"","background-media":"","overlay-type":"","overlay-color":"","overlay-opacity":"","overlay-gradient":""},"mobile":{"background-color":"var(--ast-global-color-5)","background-image":"","background-repeat":"repeat","background-position":"center center","background-size":"auto","background-attachment":"scroll","background-type":"","background-media":"","overlay-type":"","overlay-color":"","overlay-opacity":"","overlay-gradient":""}}},"product_brand":[],"product_cat":[315],"product_tag":[],"class_list":{"0":"post-22524","1":"product","2":"type-product","3":"status-publish","4":"has-post-thumbnail","6":"product_cat-tatil-kurslari","7":"desktop-align-left","8":"tablet-align-left","9":"mobile-align-left","10":"ast-product-gallery-layout-horizontal-slider","11":"ast-product-gallery-with-no-image","12":"ast-product-single-variable","13":"ast-product-tabs-layout-horizontal","15":"first","16":"instock","17":"shipping-taxable","18":"purchasable","19":"product-type-variable"},"_links":{"self":[{"href":"https:\/\/alerno.de\/tr\/wp-json\/wp\/v2\/product\/22524","targetHints":{"allow":["GET"]}}],"collection":[{"href":"https:\/\/alerno.de\/tr\/wp-json\/wp\/v2\/product"}],"about":[{"href":"https:\/\/alerno.de\/tr\/wp-json\/wp\/v2\/types\/product"}],"wp:featuredmedia":[{"embeddable":true,"href":"https:\/\/alerno.de\/tr\/wp-json\/wp\/v2\/media\/3734"}],"wp:attachment":[{"href":"https:\/\/alerno.de\/tr\/wp-json\/wp\/v2\/media?parent=22524"}],"wp:term":[{"taxonomy":"product_brand","embeddable":true,"href":"https:\/\/alerno.de\/tr\/wp-json\/wp\/v2\/product_brand?post=22524"},{"taxonomy":"product_cat","embeddable":true,"href":"https:\/\/alerno.de\/tr\/wp-json\/wp\/v2\/product_cat?post=22524"},{"taxonomy":"product_tag","embeddable":true,"href":"https:\/\/alerno.de\/tr\/wp-json\/wp\/v2\/product_tag?post=22524"}],"curies":[{"name":"wp","href":"https:\/\/api.w.org\/{rel}","templated":true}]}}