{"id":22429,"date":"2023-06-08T11:44:42","date_gmt":"2023-06-08T09:44:42","guid":{"rendered":"https:\/\/alerno.de\/produkt\/ingilizce-tatil-kursu\/"},"modified":"2025-06-17T11:25:32","modified_gmt":"2025-06-17T09:25:32","slug":"i%cc%87ngi%cc%87li%cc%87zce-tati%cc%87l-kursu","status":"publish","type":"product","link":"https:\/\/alerno.de\/tr\/produkt\/i%cc%87ngi%cc%87li%cc%87zce-tati%cc%87l-kursu\/","title":{"rendered":"\u00dcst okul tatil kursu (5. s\u0131n\u0131ftan itibaren) 1 hafta"},"content":{"rendered":"<h2 class=\"elementor-heading-title elementor-size-default\"><span class=\"ui-provider a b c d e f g h i j k l m n o p q r s t u v w x y z ab ac ae af ag ah ai aj ak\" dir=\"ltr\"><strong>Yaz aylar\u0131nda e\u011flenceli \u00f6\u011frenme: 5. s\u0131n\u0131ftan itibaren \u00f6\u011frenciler i\u00e7in Matematik, Almanca ve \u0130ngilizce<\/strong><\/span><\/h2>\n<p>\u00c7ocu\u011funuza yaz tatili boyunca bilgi eksikliklerini kapatma ve yeni okul y\u0131l\u0131na en iyi \u015fekilde haz\u0131rlanma f\u0131rsat\u0131 verin. &#8220;Yaz\u0131n e\u011flenceli \u00f6\u011frenme\" kursumuz matematik, Almanca ve \u0130ngilizce dillerinde okul materyallerinin yo\u011fun bir \u015fekilde tekrarlanmas\u0131n\u0131 ve g\u00f6zden ge\u00e7irilmesini sa\u011flamaktad\u0131r.<\/p>\n<p><strong>Detaylar:<\/strong><\/p>\n<ul>\n<li><strong>1. Hafta:<\/strong> 22.07.2024 - 26.07.2024<\/li>\n<li><strong>2. Hafta:<\/strong> 29.07.2024 - 02.08.2024<\/li>\n<li><strong>S\u00fcre:<\/strong> Pazartesi&#8217;den Cuma&#8217;ya, sabahlar\u0131 g\u00fcnde 90 dakika<\/li>\n<li><strong>\u0130\u00e7indekiler:<\/strong> K\u00fc\u00e7\u00fck bir grupta bireysel \u00f6zel ders (en fazla 5 \u00f6\u011frenci)<\/li>\n<li><strong>Konumlar:<\/strong> Bremen<\/li>\n<\/ul>\n<p><strong>Mevcut m\u00fc\u015fteriler i\u00e7in tatil kurslar\u0131na kat\u0131l\u0131m hakk\u0131:<\/strong><\/p>\n<p>Haftada bir g\u00fcn \u00f6\u011fleden sonra bir dersten ek ders alan \u00f6\u011frenciler tatil kursuna kat\u0131lma hakk\u0131na sahiptir. Her tatil kursu i\u00e7in sadece bir ders (Almanca, Matematik veya \u0130ngilizce) se\u00e7ilebilir. Se\u00e7ilen tatil kurslar\u0131, alerno&#8217;nun okul d\u00f6neminde de e\u011fitim verdi\u011fi derslerden olmal\u0131d\u0131r. Ge\u00e7erli ve g\u00fcncel bir kay\u0131t veya 2023\/2024 \u00f6\u011fretim y\u0131l\u0131 sonuna kadar ge\u00e7erli bir Bremen Pass mevcut olmal\u0131d\u0131r. Bremen Pass sahibi \u00f6\u011frenciler i\u00e7in tatil kurslar\u0131 \u00fccretsizdir.<\/p>\n<p><strong>Neden yaz tatili kurslar\u0131?<\/strong><\/p>\n<ul>\n<li><strong>\u00d6\u011frenme materyalinin tekrar\u0131:<\/strong> Almanca, matematik ve \u0130ngilizce&#8217;de \u00f6\u011frenilenlerin peki\u015ftirilmesi.<\/li>\n<li><strong>Daha rahat \u00f6\u011frenme:<\/strong> Tatillerde okul bask\u0131s\u0131 yoktur, bu da e\u011flenceli ve rahat \u00f6\u011frenmeye olanak tan\u0131r.<\/li>\n<li><strong>Pozitif \u00f6\u011frenme atmosferi:<\/strong> Rahat \u00f6\u011frenme atmosferimiz bu yakla\u015f\u0131m\u0131 en iyi \u015fekilde desteklemektedir.<\/li>\n<\/ul>\n<p><strong>\u00d6\u011frenme hedefleri:<\/strong><\/p>\n<ul>\n<li><strong>Matematik:<\/strong> temel bilgileri peki\u015ftirin, karma\u015f\u0131k konular\u0131 derinle\u015ftirin, kavramlar\u0131 uygulay\u0131n.<\/li>\n<li><strong>Almanca:<\/strong> Yaz\u0131m ve dilbilgisini, okuma becerilerini, yaz\u0131l\u0131 ifadeyi geli\u015ftirmek.<\/li>\n<li><strong>\u0130ngilizce:<\/strong> dilbilgisi ve imla, okudu\u011funu anlama, dil prati\u011fi.<\/li>\n<li><strong>Genel \u00f6\u011frenme hedefleri:<\/strong> Ba\u011f\u0131ms\u0131z \u00f6\u011frenme, \u00f6\u011frenme motivasyonu, sosyal beceriler.<\/li>\n<\/ul>\n<p><strong>Ebeveynler i\u00e7in avantajlar:<\/strong><\/p>\n<p>\u00c7ocu\u011funuz g\u00fcnde 90 dakikas\u0131n\u0131 anlaml\u0131 ve bireyselle\u015ftirilmi\u015f bir \u015fekilde ge\u00e7irir.<\/p>\n","protected":false},"excerpt":{"rendered":"<p>Yaz aylar\u0131nda e\u011flenceli \u00f6\u011frenme: 5. s\u0131n\u0131ftan itibaren \u00f6\u011frenciler i\u00e7in Matematik, Almanca ve \u0130ngilizce \u00c7ocu\u011funuza yaz tatili boyunca bilgi eksikliklerini kapatma ve yeni okul y\u0131l\u0131na en iyi \u015fekilde haz\u0131rlanma f\u0131rsat\u0131 verin. &#8220;Yaz\u0131n e\u011flenceli \u00f6\u011frenme\" kursumuz matematik, Almanca ve \u0130ngilizce dillerinde okul materyallerinin yo\u011fun bir \u015fekilde tekrarlanmas\u0131n\u0131 ve g\u00f6zden ge\u00e7irilmesini sa\u011flamaktad\u0131r. Detaylar: 1. Hafta: 22.07.2024 - 26.07.2024 [&hellip;]<\/p>\n","protected":false},"featured_media":3750,"template":"","meta":{"_seopress_robots_primary_cat":"none","_seopress_titles_title":"","_seopress_titles_desc":"","_seopress_robots_index":"","site-sidebar-layout":"default","site-content-layout":"default","ast-site-content-layout":"default","site-content-style":"default","site-sidebar-style":"default","ast-global-header-display":"","ast-banner-title-visibility":"","ast-main-header-display":"","ast-hfb-above-header-display":"","ast-hfb-below-header-display":"","ast-hfb-mobile-header-display":"","site-post-title":"","ast-breadcrumbs-content":"","ast-featured-img":"","footer-sml-layout":"","ast-disable-related-posts":"","theme-transparent-header-meta":"default","adv-header-id-meta":"","stick-header-meta":"default","header-above-stick-meta":"","header-main-stick-meta":"","header-below-stick-meta":"","astra-migrate-meta-layouts":"default","ast-page-background-enabled":"default","ast-page-background-meta":{"desktop":{"background-color":"","background-image":"","background-repeat":"repeat","background-position":"center center","background-size":"auto","background-attachment":"scroll","background-type":"","background-media":"","overlay-type":"","overlay-color":"","overlay-opacity":"","overlay-gradient":""},"tablet":{"background-color":"","background-image":"","background-repeat":"repeat","background-position":"center center","background-size":"auto","background-attachment":"scroll","background-type":"","background-media":"","overlay-type":"","overlay-color":"","overlay-opacity":"","overlay-gradient":""},"mobile":{"background-color":"","background-image":"","background-repeat":"repeat","background-position":"center center","background-size":"auto","background-attachment":"scroll","background-type":"","background-media":"","overlay-type":"","overlay-color":"","overlay-opacity":"","overlay-gradient":""}},"ast-content-background-meta":{"desktop":{"background-color":"var(--ast-global-color-5)","background-image":"","background-repeat":"repeat","background-position":"center center","background-size":"auto","background-attachment":"scroll","background-type":"","background-media":"","overlay-type":"","overlay-color":"","overlay-opacity":"","overlay-gradient":""},"tablet":{"background-color":"var(--ast-global-color-5)","background-image":"","background-repeat":"repeat","background-position":"center center","background-size":"auto","background-attachment":"scroll","background-type":"","background-media":"","overlay-type":"","overlay-color":"","overlay-opacity":"","overlay-gradient":""},"mobile":{"background-color":"var(--ast-global-color-5)","background-image":"","background-repeat":"repeat","background-position":"center center","background-size":"auto","background-attachment":"scroll","background-type":"","background-media":"","overlay-type":"","overlay-color":"","overlay-opacity":"","overlay-gradient":""}}},"product_brand":[],"product_cat":[315],"product_tag":[],"class_list":{"0":"post-22429","1":"product","2":"type-product","3":"status-publish","4":"has-post-thumbnail","6":"product_cat-tatil-kurslari","7":"desktop-align-left","8":"tablet-align-left","9":"mobile-align-left","10":"ast-product-gallery-layout-horizontal-slider","11":"ast-product-gallery-with-no-image","12":"ast-product-single-variable","13":"ast-product-tabs-layout-horizontal","15":"first","16":"instock","17":"shipping-taxable","18":"purchasable","19":"product-type-variable"},"_links":{"self":[{"href":"https:\/\/alerno.de\/tr\/wp-json\/wp\/v2\/product\/22429","targetHints":{"allow":["GET"]}}],"collection":[{"href":"https:\/\/alerno.de\/tr\/wp-json\/wp\/v2\/product"}],"about":[{"href":"https:\/\/alerno.de\/tr\/wp-json\/wp\/v2\/types\/product"}],"wp:featuredmedia":[{"embeddable":true,"href":"https:\/\/alerno.de\/tr\/wp-json\/wp\/v2\/media\/3750"}],"wp:attachment":[{"href":"https:\/\/alerno.de\/tr\/wp-json\/wp\/v2\/media?parent=22429"}],"wp:term":[{"taxonomy":"product_brand","embeddable":true,"href":"https:\/\/alerno.de\/tr\/wp-json\/wp\/v2\/product_brand?post=22429"},{"taxonomy":"product_cat","embeddable":true,"href":"https:\/\/alerno.de\/tr\/wp-json\/wp\/v2\/product_cat?post=22429"},{"taxonomy":"product_tag","embeddable":true,"href":"https:\/\/alerno.de\/tr\/wp-json\/wp\/v2\/product_tag?post=22429"}],"curies":[{"name":"wp","href":"https:\/\/api.w.org\/{rel}","templated":true}]}}