{"id":22306,"date":"2023-06-08T11:41:15","date_gmt":"2023-06-08T09:41:15","guid":{"rendered":"https:\/\/alerno.de\/produkt\/almanca-tatil-kursu\/"},"modified":"2023-06-08T13:19:34","modified_gmt":"2023-06-08T11:19:34","slug":"almanca-tati%cc%87l-kursu","status":"publish","type":"product","link":"https:\/\/alerno.de\/tr\/produkt\/almanca-tati%cc%87l-kursu\/","title":{"rendered":"Almanca Tatil Kursu 1 hafta"},"content":{"rendered":"<p>Bireysel istek ve ihtiya\u00e7lara g\u00f6re metin anlama, heceleme ve di\u011fer konular \u00fczerinde \u00e7al\u0131\u015f\u0131labilir. Tatillerde aray\u0131 kapatmak ve bo\u015fluklar\u0131 kapatmak i\u00e7in zaman ve huzur vard\u0131r.<\/p>\n<p>Kurs saatleri m\u00fcsaitlik durumuna ve anla\u015fmaya tabidir. Kurs ger\u00e7ekle\u015fmezse, alternatif bir kursa kat\u0131l\u0131nabilir veya kurs \u00fccreti iade edilebilir.<\/p>\n","protected":false},"excerpt":{"rendered":"<p>Bireysel istek ve ihtiya\u00e7lara g\u00f6re metin anlama, heceleme ve di\u011fer konular \u00fczerinde \u00e7al\u0131\u015f\u0131labilir. Tatillerde aray\u0131 kapatmak ve bo\u015fluklar\u0131 kapatmak i\u00e7in zaman ve huzur vard\u0131r. Kurs saatleri m\u00fcsaitlik durumuna ve anla\u015fmaya tabidir. Kurs ger\u00e7ekle\u015fmezse, alternatif bir kursa kat\u0131l\u0131nabilir veya kurs \u00fccreti iade edilebilir.<\/p>\n","protected":false},"featured_media":3742,"template":"","meta":{"_seopress_robots_primary_cat":"none","_seopress_titles_title":"","_seopress_titles_desc":"","_seopress_robots_index":"","site-sidebar-layout":"default","site-content-layout":"default","ast-site-content-layout":"default","site-content-style":"default","site-sidebar-style":"default","ast-global-header-display":"","ast-banner-title-visibility":"","ast-main-header-display":"","ast-hfb-above-header-display":"","ast-hfb-below-header-display":"","ast-hfb-mobile-header-display":"","site-post-title":"","ast-breadcrumbs-content":"","ast-featured-img":"","footer-sml-layout":"","ast-disable-related-posts":"","theme-transparent-header-meta":"default","adv-header-id-meta":"","stick-header-meta":"default","header-above-stick-meta":"","header-main-stick-meta":"","header-below-stick-meta":"","astra-migrate-meta-layouts":"default","ast-page-background-enabled":"default","ast-page-background-meta":{"desktop":{"background-color":"","background-image":"","background-repeat":"repeat","background-position":"center center","background-size":"auto","background-attachment":"scroll","background-type":"","background-media":"","overlay-type":"","overlay-color":"","overlay-opacity":"","overlay-gradient":""},"tablet":{"background-color":"","background-image":"","background-repeat":"repeat","background-position":"center center","background-size":"auto","background-attachment":"scroll","background-type":"","background-media":"","overlay-type":"","overlay-color":"","overlay-opacity":"","overlay-gradient":""},"mobile":{"background-color":"","background-image":"","background-repeat":"repeat","background-position":"center center","background-size":"auto","background-attachment":"scroll","background-type":"","background-media":"","overlay-type":"","overlay-color":"","overlay-opacity":"","overlay-gradient":""}},"ast-content-background-meta":{"desktop":{"background-color":"var(--ast-global-color-5)","background-image":"","background-repeat":"repeat","background-position":"center center","background-size":"auto","background-attachment":"scroll","background-type":"","background-media":"","overlay-type":"","overlay-color":"","overlay-opacity":"","overlay-gradient":""},"tablet":{"background-color":"var(--ast-global-color-5)","background-image":"","background-repeat":"repeat","background-position":"center center","background-size":"auto","background-attachment":"scroll","background-type":"","background-media":"","overlay-type":"","overlay-color":"","overlay-opacity":"","overlay-gradient":""},"mobile":{"background-color":"var(--ast-global-color-5)","background-image":"","background-repeat":"repeat","background-position":"center center","background-size":"auto","background-attachment":"scroll","background-type":"","background-media":"","overlay-type":"","overlay-color":"","overlay-opacity":"","overlay-gradient":""}}},"product_brand":[],"product_cat":[315],"product_tag":[],"class_list":{"0":"post-22306","1":"product","2":"type-product","3":"status-publish","4":"has-post-thumbnail","6":"product_cat-tatil-kurslari","7":"desktop-align-left","8":"tablet-align-left","9":"mobile-align-left","10":"ast-product-gallery-layout-horizontal-slider","11":"ast-product-gallery-with-no-image","12":"ast-product-single-variable","13":"ast-product-tabs-layout-horizontal","15":"first","16":"instock","17":"shipping-taxable","18":"purchasable","19":"product-type-variable"},"_links":{"self":[{"href":"https:\/\/alerno.de\/tr\/wp-json\/wp\/v2\/product\/22306","targetHints":{"allow":["GET"]}}],"collection":[{"href":"https:\/\/alerno.de\/tr\/wp-json\/wp\/v2\/product"}],"about":[{"href":"https:\/\/alerno.de\/tr\/wp-json\/wp\/v2\/types\/product"}],"wp:featuredmedia":[{"embeddable":true,"href":"https:\/\/alerno.de\/tr\/wp-json\/wp\/v2\/media\/3742"}],"wp:attachment":[{"href":"https:\/\/alerno.de\/tr\/wp-json\/wp\/v2\/media?parent=22306"}],"wp:term":[{"taxonomy":"product_brand","embeddable":true,"href":"https:\/\/alerno.de\/tr\/wp-json\/wp\/v2\/product_brand?post=22306"},{"taxonomy":"product_cat","embeddable":true,"href":"https:\/\/alerno.de\/tr\/wp-json\/wp\/v2\/product_cat?post=22306"},{"taxonomy":"product_tag","embeddable":true,"href":"https:\/\/alerno.de\/tr\/wp-json\/wp\/v2\/product_tag?post=22306"}],"curies":[{"name":"wp","href":"https:\/\/api.w.org\/{rel}","templated":true}]}}