{"id":14118,"date":"2023-02-27T11:43:01","date_gmt":"2023-02-27T10:43:01","guid":{"rendered":"https:\/\/alerno.de\/produkt\/abi-crash-course-24-saat-muecadelesi\/"},"modified":"2023-04-12T15:12:00","modified_gmt":"2023-04-12T13:12:00","slug":"abi-crash-course-24-hours-challenge","status":"publish","type":"product","link":"https:\/\/alerno.de\/tr\/produkt\/abi-crash-course-24-hours-challenge\/","title":{"rendered":"Abi Crash Course - 24 Saat M\u00fccadelesi"},"content":{"rendered":"<section class=\"elementor-section elementor-top-section elementor-element elementor-element-5eac0c0 elementor-section-boxed elementor-section-height-default elementor-section-height-default\" data-id=\"5eac0c0\" data-element_type=\"section\">\n<div class=\"elementor-container elementor-column-gap-default\">\n<div class=\"elementor-column elementor-col-100 elementor-top-column elementor-element elementor-element-c0a42c7\" data-id=\"c0a42c7\" data-element_type=\"column\">\n<div class=\"elementor-widget-wrap elementor-element-populated\">\n<div class=\"elementor-element elementor-element-3d0f124 elementor-widget elementor-widget-heading\" data-id=\"3d0f124\" data-element_type=\"widget\" data-widget_type=\"heading.default\">\n<div class=\"elementor-widget-container\">\n<h2 class=\"elementor-heading-title elementor-size-default\">En \u00e7ok satan \u00fcr\u00fcn\u00fcm\u00fcz - 24 saatlik meydan okuma<\/h2>\n<\/p><\/div>\n<\/p><\/div>\n<\/p><\/div>\n<\/p><\/div>\n<\/p><\/div>\n<\/section>\n<section class=\"elementor-section elementor-top-section elementor-element elementor-element-bf7defa elementor-section-boxed elementor-section-height-default elementor-section-height-default\" data-id=\"bf7defa\" data-element_type=\"section\">\n<div class=\"elementor-container elementor-column-gap-default\">\n<div class=\"elementor-column elementor-col-100 elementor-top-column elementor-element elementor-element-53ef57f\" data-id=\"53ef57f\" data-element_type=\"column\">\n<div class=\"elementor-widget-wrap elementor-element-populated\">\n<div class=\"elementor-element elementor-element-85f5f9b elementor-widget elementor-widget-text-editor\" data-id=\"85f5f9b\" data-element_type=\"widget\" data-widget_type=\"text-editor.default\">\n<div class=\"elementor-widget-container\">\n<p>Abi&#8217;den hemen \u00f6nce her \u015feyi yo\u011fun bir \u015fekilde tekrarlamak ister misiniz?<\/p>\n<p>Grubunuz 5-10 kat\u0131l\u0131mc\u0131dan olu\u015fmaktad\u0131r. Di\u011fer sa\u011flay\u0131c\u0131lara k\u0131yasla \u00f6nemli \u00f6l\u00e7\u00fcde daha k\u00fc\u00e7\u00fck grup boyutu, \u00f6\u011frenme ba\u015far\u0131n\u0131z\u0131 art\u0131r\u0131r ve motive edici bir grup dinami\u011fi olu\u015fturur.<\/p>\n<h3><strong>Neden bu kursa kat\u0131lmal\u0131s\u0131n\u0131z?<\/strong><\/h3>\n<ul>\n<li>\u0130lgili t\u00fcm materyallerin 24 saat i\u00e7inde tekrarlanmas\u0131<\/li>\n<li>\u00d6rnek \u00e7\u00f6z\u00fcmlerle \u00f6nceki y\u0131llardan Abitur al\u0131\u015ft\u0131rmalar\u0131<\/li>\n<li>Deneyimli \u00f6\u011frenme ko\u00e7u, her zaman yan\u0131n\u0131zda<\/li>\n<\/ul>\n<h3><strong>24 Saat M\u00fccadelesi ne zaman ba\u015fl\u0131yor?<\/strong><\/h3>\n<p>1. B\u00f6l\u00fcm: Cumartesi-Pazar (22.04.-23.04.2023) 10.00 - 16.30 (30 dakika mola dahil)<br \/>\n2. B\u00f6l\u00fcm: Cumartesi - Pazar (29.04.-30.04.2023) 10.00 - 16.30 saatleri aras\u0131 (30 dakika ara dahil)<\/p>\n<h3><strong>24 Saat Yar\u0131\u015fmas\u0131 nerede ger\u00e7ekle\u015fiyor?<\/strong><\/h3>\n<ul>\n<li>Walle (Steffensweg 177)<\/li>\n<li>Mitte (Papenstr. 1)<\/li>\n<li>Vegesack (Gerhard-Rohlfs-Str. 21)<\/li>\n<li>Schwachhausen (Schwachhauser-Heerstr. 51)<\/li>\n<li>Horn-Lehe (Leher Heerstr. 173)<\/li>\n<\/ul>\n<h3><strong>24 Saat M\u00fccadelesine kat\u0131lman\u0131n maliyeti nedir?<\/strong><\/h3>\n<p>Matematik s\u0131nav\u0131n\u0131z i\u00e7in tek seferlik 249 \u20ac kar\u015f\u0131l\u0131\u011f\u0131nda turbo destek.<br \/>\nS\u0131n\u0131rl\u0131 say\u0131da kat\u0131l\u0131mc\u0131.<\/p>\n<\/div><\/div>\n<\/p><\/div>\n<\/p><\/div>\n<\/p><\/div>\n<\/section>\n","protected":false},"excerpt":{"rendered":"<p>En \u00e7ok satan \u00fcr\u00fcn\u00fcm\u00fcz - 24 saatlik meydan okuma Abi&#8217;den hemen \u00f6nce her \u015feyi yo\u011fun bir \u015fekilde tekrarlamak ister misiniz? Grubunuz 5-10 kat\u0131l\u0131mc\u0131dan olu\u015fmaktad\u0131r. Di\u011fer sa\u011flay\u0131c\u0131lara k\u0131yasla \u00f6nemli \u00f6l\u00e7\u00fcde daha k\u00fc\u00e7\u00fck grup boyutu, \u00f6\u011frenme ba\u015far\u0131n\u0131z\u0131 art\u0131r\u0131r ve motive edici bir grup dinami\u011fi olu\u015fturur. Neden bu kursa kat\u0131lmal\u0131s\u0131n\u0131z? \u0130lgili t\u00fcm materyallerin 24 saat i\u00e7inde tekrarlanmas\u0131 \u00d6rnek [&hellip;]<\/p>\n","protected":false},"featured_media":13594,"template":"","meta":{"_seopress_robots_primary_cat":"none","_seopress_titles_title":"","_seopress_titles_desc":"","_seopress_robots_index":"","site-sidebar-layout":"default","site-content-layout":"default","ast-site-content-layout":"default","site-content-style":"default","site-sidebar-style":"default","ast-global-header-display":"","ast-banner-title-visibility":"","ast-main-header-display":"","ast-hfb-above-header-display":"","ast-hfb-below-header-display":"","ast-hfb-mobile-header-display":"","site-post-title":"","ast-breadcrumbs-content":"","ast-featured-img":"","footer-sml-layout":"","ast-disable-related-posts":"","theme-transparent-header-meta":"default","adv-header-id-meta":"","stick-header-meta":"default","header-above-stick-meta":"","header-main-stick-meta":"","header-below-stick-meta":"","astra-migrate-meta-layouts":"default","ast-page-background-enabled":"default","ast-page-background-meta":{"desktop":{"background-color":"","background-image":"","background-repeat":"repeat","background-position":"center center","background-size":"auto","background-attachment":"scroll","background-type":"","background-media":"","overlay-type":"","overlay-color":"","overlay-opacity":"","overlay-gradient":""},"tablet":{"background-color":"","background-image":"","background-repeat":"repeat","background-position":"center center","background-size":"auto","background-attachment":"scroll","background-type":"","background-media":"","overlay-type":"","overlay-color":"","overlay-opacity":"","overlay-gradient":""},"mobile":{"background-color":"","background-image":"","background-repeat":"repeat","background-position":"center center","background-size":"auto","background-attachment":"scroll","background-type":"","background-media":"","overlay-type":"","overlay-color":"","overlay-opacity":"","overlay-gradient":""}},"ast-content-background-meta":{"desktop":{"background-color":"var(--ast-global-color-5)","background-image":"","background-repeat":"repeat","background-position":"center center","background-size":"auto","background-attachment":"scroll","background-type":"","background-media":"","overlay-type":"","overlay-color":"","overlay-opacity":"","overlay-gradient":""},"tablet":{"background-color":"var(--ast-global-color-5)","background-image":"","background-repeat":"repeat","background-position":"center center","background-size":"auto","background-attachment":"scroll","background-type":"","background-media":"","overlay-type":"","overlay-color":"","overlay-opacity":"","overlay-gradient":""},"mobile":{"background-color":"var(--ast-global-color-5)","background-image":"","background-repeat":"repeat","background-position":"center center","background-size":"auto","background-attachment":"scroll","background-type":"","background-media":"","overlay-type":"","overlay-color":"","overlay-opacity":"","overlay-gradient":""}}},"product_brand":[],"product_cat":[252],"product_tag":[],"class_list":{"0":"post-14118","1":"product","2":"type-product","3":"status-publish","4":"has-post-thumbnail","6":"product_cat-kurslar","7":"desktop-align-left","8":"tablet-align-left","9":"mobile-align-left","10":"ast-product-gallery-layout-horizontal-slider","11":"ast-product-gallery-with-no-image","12":"ast-product-single-variable","13":"ast-product-tabs-layout-horizontal","15":"first","16":"outofstock","17":"shipping-taxable","18":"purchasable","19":"product-type-variable"},"_links":{"self":[{"href":"https:\/\/alerno.de\/tr\/wp-json\/wp\/v2\/product\/14118","targetHints":{"allow":["GET"]}}],"collection":[{"href":"https:\/\/alerno.de\/tr\/wp-json\/wp\/v2\/product"}],"about":[{"href":"https:\/\/alerno.de\/tr\/wp-json\/wp\/v2\/types\/product"}],"wp:featuredmedia":[{"embeddable":true,"href":"https:\/\/alerno.de\/tr\/wp-json\/wp\/v2\/media\/13594"}],"wp:attachment":[{"href":"https:\/\/alerno.de\/tr\/wp-json\/wp\/v2\/media?parent=14118"}],"wp:term":[{"taxonomy":"product_brand","embeddable":true,"href":"https:\/\/alerno.de\/tr\/wp-json\/wp\/v2\/product_brand?post=14118"},{"taxonomy":"product_cat","embeddable":true,"href":"https:\/\/alerno.de\/tr\/wp-json\/wp\/v2\/product_cat?post=14118"},{"taxonomy":"product_tag","embeddable":true,"href":"https:\/\/alerno.de\/tr\/wp-json\/wp\/v2\/product_tag?post=14118"}],"curies":[{"name":"wp","href":"https:\/\/api.w.org\/{rel}","templated":true}]}}