{"id":7470,"date":"2023-01-10T18:03:24","date_gmt":"2023-01-10T17:03:24","guid":{"rendered":"https:\/\/alerno.de\/cinsiyet-referansi\/"},"modified":"2024-08-23T08:30:10","modified_gmt":"2024-08-23T06:30:10","slug":"cinsiyet-referansi","status":"publish","type":"page","link":"https:\/\/alerno.de\/tr\/cinsiyet-referansi\/","title":{"rendered":"Cinsiyet referans\u0131"},"content":{"rendered":"\t\t<div data-elementor-type=\"wp-post\" data-elementor-id=\"7470\" class=\"elementor elementor-7470 elementor-1260\" data-elementor-post-type=\"page\">\n\t\t\t\t\t\t<section class=\"elementor-section elementor-top-section elementor-element elementor-element-67e95b4e elementor-section-content-middle elementor-section-boxed elementor-section-height-default elementor-section-height-default\" data-id=\"67e95b4e\" data-element_type=\"section\" data-e-type=\"section\" data-settings=\"{&quot;background_background&quot;:&quot;classic&quot;}\">\n\t\t\t\t\t\t<div class=\"elementor-container elementor-column-gap-no\">\n\t\t\t\t\t<div class=\"elementor-column elementor-col-50 elementor-top-column elementor-element elementor-element-7fe8011\" data-id=\"7fe8011\" data-element_type=\"column\" data-e-type=\"column\" data-settings=\"{&quot;background_background&quot;:&quot;classic&quot;}\">\n\t\t\t<div class=\"elementor-widget-wrap elementor-element-populated\">\n\t\t\t\t\t\t<div class=\"elementor-element elementor-element-671febbd elementor-widget elementor-widget-heading\" data-id=\"671febbd\" data-element_type=\"widget\" data-e-type=\"widget\" data-widget_type=\"heading.default\">\n\t\t\t\t<div class=\"elementor-widget-container\">\n\t\t\t\t\t<h1 class=\"elementor-heading-title elementor-size-default\">Cinsiyet referans\u0131<\/h1>\t\t\t\t<\/div>\n\t\t\t\t<\/div>\n\t\t\t\t<div class=\"elementor-element elementor-element-1453cc30 elementor-widget-divider--view-line elementor-widget elementor-widget-divider\" data-id=\"1453cc30\" data-element_type=\"widget\" data-e-type=\"widget\" data-widget_type=\"divider.default\">\n\t\t\t\t<div class=\"elementor-widget-container\">\n\t\t\t\t\t\t\t<div class=\"elementor-divider\">\n\t\t\t<span class=\"elementor-divider-separator\">\n\t\t\t\t\t\t<\/span>\n\t\t<\/div>\n\t\t\t\t\t\t<\/div>\n\t\t\t\t<\/div>\n\t\t\t\t\t<\/div>\n\t\t<\/div>\n\t\t\t\t<div class=\"elementor-column elementor-col-50 elementor-top-column elementor-element elementor-element-72b76697\" data-id=\"72b76697\" data-element_type=\"column\" data-e-type=\"column\">\n\t\t\t<div class=\"elementor-widget-wrap\">\n\t\t\t\t\t\t\t<\/div>\n\t\t<\/div>\n\t\t\t\t\t<\/div>\n\t\t<\/section>\n\t\t\t\t<section class=\"elementor-section elementor-top-section elementor-element elementor-element-8f7adb2 elementor-section-boxed elementor-section-height-default elementor-section-height-default\" data-id=\"8f7adb2\" data-element_type=\"section\" data-e-type=\"section\">\n\t\t\t\t\t\t<div class=\"elementor-container elementor-column-gap-default\">\n\t\t\t\t\t<div class=\"elementor-column elementor-col-100 elementor-top-column elementor-element elementor-element-46c1a92\" data-id=\"46c1a92\" data-element_type=\"column\" data-e-type=\"column\">\n\t\t\t<div class=\"elementor-widget-wrap elementor-element-populated\">\n\t\t\t\t\t\t<div class=\"elementor-element elementor-element-8277b25 elementor-widget elementor-widget-spacer\" data-id=\"8277b25\" data-element_type=\"widget\" data-e-type=\"widget\" data-widget_type=\"spacer.default\">\n\t\t\t\t<div class=\"elementor-widget-container\">\n\t\t\t\t\t\t\t<div class=\"elementor-spacer\">\n\t\t\t<div class=\"elementor-spacer-inner\"><\/div>\n\t\t<\/div>\n\t\t\t\t\t\t<\/div>\n\t\t\t\t<\/div>\n\t\t\t\t\t<\/div>\n\t\t<\/div>\n\t\t\t\t\t<\/div>\n\t\t<\/section>\n\t\t\t\t<section class=\"elementor-section elementor-top-section elementor-element elementor-element-13ffab0b elementor-section-content-middle elementor-section-boxed elementor-section-height-default elementor-section-height-default\" data-id=\"13ffab0b\" data-element_type=\"section\" data-e-type=\"section\" data-settings=\"{&quot;background_background&quot;:&quot;classic&quot;}\">\n\t\t\t\t\t\t\t<div class=\"elementor-background-overlay\"><\/div>\n\t\t\t\t\t\t\t<div class=\"elementor-container elementor-column-gap-no\">\n\t\t\t\t\t<div class=\"elementor-column elementor-col-100 elementor-top-column elementor-element elementor-element-57978a14\" data-id=\"57978a14\" data-element_type=\"column\" data-e-type=\"column\">\n\t\t\t<div class=\"elementor-widget-wrap elementor-element-populated\">\n\t\t\t\t\t\t<div class=\"elementor-element elementor-element-f6f53f5 elementor-widget elementor-widget-text-editor\" data-id=\"f6f53f5\" data-element_type=\"widget\" data-e-type=\"widget\" data-widget_type=\"text-editor.default\">\n\t\t\t\t<div class=\"elementor-widget-container\">\n\t\t\t\t\t\t\t\t\t<p style=\"text-align: center;\"><br>Baz\u0131 sayfalar\u0131m\u0131zda m\u00fc\u015fterilerimize kas\u0131tl\u0131 olarak cinsiyetle ilgili hitap bi\u00e7imleri veya zamirler kullanmadan hitap ediyoruz. Bu sayfalarda eril formunu (genel eril) kullan\u0131yoruz.<\/p>\n<p style=\"text-align: center;\">Bunu yap\u0131yoruz \u00e7\u00fcnk\u00fc baz\u0131 m\u00fc\u015fterilerimiz zaten Almanca dilinde zorluklar ya\u015f\u0131yor&nbsp;<span style=\"color: var(--ast-global-color-3); font-size: 1rem;\">(\u00f6rne\u011fin, i\u015flevsel okuma yazma bilmeyenler, yabanc\u0131 anadil vb<\/span>.<span style=\"font-style: inherit; font-weight: inherit; color: var(--ast-global-color-3);\">&nbsp;Web sitemizde \u00f6nemli bilgileri bulmalar\u0131n\u0131 zorla\u015ft\u0131rmaktan ka\u00e7\u0131nmak istiyoruz<\/span>.<\/p>\n<p style=\"text-align: center;\">Bu alanda al\u0131\u015f\u0131lagelmi\u015f dil kullan\u0131m kurallar\u0131n\u0131n d\u0131\u015f\u0131na \u00e7\u0131kt\u0131\u011f\u0131m\u0131z\u0131 anlay\u0131\u015fla kar\u015f\u0131laman\u0131z\u0131 rica ediyoruz.<\/p>\t\t\t\t\t\t\t\t<\/div>\n\t\t\t\t<\/div>\n\t\t\t\t\t<\/div>\n\t\t<\/div>\n\t\t\t\t\t<\/div>\n\t\t<\/section>\n\t\t\t\t<section class=\"elementor-section elementor-top-section elementor-element elementor-element-cc699bf elementor-section-boxed elementor-section-height-default elementor-section-height-default\" data-id=\"cc699bf\" data-element_type=\"section\" data-e-type=\"section\">\n\t\t\t\t\t\t<div class=\"elementor-container elementor-column-gap-default\">\n\t\t\t\t\t<div class=\"elementor-column elementor-col-100 elementor-top-column elementor-element elementor-element-5a93877\" data-id=\"5a93877\" data-element_type=\"column\" data-e-type=\"column\">\n\t\t\t<div class=\"elementor-widget-wrap elementor-element-populated\">\n\t\t\t\t\t\t<div class=\"elementor-element elementor-element-5df4a73 elementor-widget elementor-widget-spacer\" data-id=\"5df4a73\" data-element_type=\"widget\" data-e-type=\"widget\" data-widget_type=\"spacer.default\">\n\t\t\t\t<div class=\"elementor-widget-container\">\n\t\t\t\t\t\t\t<div class=\"elementor-spacer\">\n\t\t\t<div class=\"elementor-spacer-inner\"><\/div>\n\t\t<\/div>\n\t\t\t\t\t\t<\/div>\n\t\t\t\t<\/div>\n\t\t\t\t\t<\/div>\n\t\t<\/div>\n\t\t\t\t\t<\/div>\n\t\t<\/section>\n\t\t\t\t<\/div>\n\t\t","protected":false},"excerpt":{"rendered":"<p>Cinsiyet referans\u0131 Baz\u0131 sayfalar\u0131m\u0131zda m\u00fc\u015fterilerimize kas\u0131tl\u0131 olarak cinsiyetle ilgili hitap bi\u00e7imleri veya zamirler kullanmadan hitap ediyoruz. Bu sayfalarda eril formunu (genel eril) kullan\u0131yoruz. Bunu yap\u0131yoruz \u00e7\u00fcnk\u00fc baz\u0131 m\u00fc\u015fterilerimiz zaten Almanca dilinde zorluklar ya\u015f\u0131yor&nbsp;(\u00f6rne\u011fin, i\u015flevsel okuma yazma bilmeyenler, yabanc\u0131 anadil vb.&nbsp;Web sitemizde \u00f6nemli bilgileri bulmalar\u0131n\u0131 zorla\u015ft\u0131rmaktan ka\u00e7\u0131nmak istiyoruz. Bu alanda al\u0131\u015f\u0131lagelmi\u015f dil kullan\u0131m kurallar\u0131n\u0131n d\u0131\u015f\u0131na \u00e7\u0131kt\u0131\u011f\u0131m\u0131z\u0131 [&hellip;]<\/p>\n","protected":false},"author":1,"featured_media":0,"parent":0,"menu_order":0,"comment_status":"closed","ping_status":"closed","template":"","meta":{"_seopress_robots_primary_cat":"","_seopress_titles_title":"","_seopress_titles_desc":"","_seopress_robots_index":"","site-sidebar-layout":"no-sidebar","site-content-layout":"page-builder","ast-site-content-layout":"default","site-content-style":"default","site-sidebar-style":"default","ast-global-header-display":"","ast-banner-title-visibility":"","ast-main-header-display":"","ast-hfb-above-header-display":"","ast-hfb-below-header-display":"","ast-hfb-mobile-header-display":"","site-post-title":"disabled","ast-breadcrumbs-content":"","ast-featured-img":"disabled","footer-sml-layout":"","ast-disable-related-posts":"","theme-transparent-header-meta":"default","adv-header-id-meta":"","stick-header-meta":"","header-above-stick-meta":"","header-main-stick-meta":"","header-below-stick-meta":"","astra-migrate-meta-layouts":"default","ast-page-background-enabled":"default","ast-page-background-meta":{"desktop":{"background-color":"","background-image":"","background-repeat":"repeat","background-position":"center center","background-size":"auto","background-attachment":"scroll","background-type":"","background-media":"","overlay-type":"","overlay-color":"","overlay-opacity":"","overlay-gradient":""},"tablet":{"background-color":"","background-image":"","background-repeat":"repeat","background-position":"center center","background-size":"auto","background-attachment":"scroll","background-type":"","background-media":"","overlay-type":"","overlay-color":"","overlay-opacity":"","overlay-gradient":""},"mobile":{"background-color":"","background-image":"","background-repeat":"repeat","background-position":"center center","background-size":"auto","background-attachment":"scroll","background-type":"","background-media":"","overlay-type":"","overlay-color":"","overlay-opacity":"","overlay-gradient":""}},"ast-content-background-meta":{"desktop":{"background-color":"var(--ast-global-color-5)","background-image":"","background-repeat":"repeat","background-position":"center center","background-size":"auto","background-attachment":"scroll","background-type":"","background-media":"","overlay-type":"","overlay-color":"","overlay-opacity":"","overlay-gradient":""},"tablet":{"background-color":"var(--ast-global-color-5)","background-image":"","background-repeat":"repeat","background-position":"center center","background-size":"auto","background-attachment":"scroll","background-type":"","background-media":"","overlay-type":"","overlay-color":"","overlay-opacity":"","overlay-gradient":""},"mobile":{"background-color":"var(--ast-global-color-5)","background-image":"","background-repeat":"repeat","background-position":"center center","background-size":"auto","background-attachment":"scroll","background-type":"","background-media":"","overlay-type":"","overlay-color":"","overlay-opacity":"","overlay-gradient":""}},"footnotes":""},"class_list":["post-7470","page","type-page","status-publish","hentry"],"_links":{"self":[{"href":"https:\/\/alerno.de\/tr\/wp-json\/wp\/v2\/pages\/7470","targetHints":{"allow":["GET"]}}],"collection":[{"href":"https:\/\/alerno.de\/tr\/wp-json\/wp\/v2\/pages"}],"about":[{"href":"https:\/\/alerno.de\/tr\/wp-json\/wp\/v2\/types\/page"}],"author":[{"embeddable":true,"href":"https:\/\/alerno.de\/tr\/wp-json\/wp\/v2\/users\/1"}],"replies":[{"embeddable":true,"href":"https:\/\/alerno.de\/tr\/wp-json\/wp\/v2\/comments?post=7470"}],"version-history":[{"count":3,"href":"https:\/\/alerno.de\/tr\/wp-json\/wp\/v2\/pages\/7470\/revisions"}],"predecessor-version":[{"id":38427,"href":"https:\/\/alerno.de\/tr\/wp-json\/wp\/v2\/pages\/7470\/revisions\/38427"}],"wp:attachment":[{"href":"https:\/\/alerno.de\/tr\/wp-json\/wp\/v2\/media?parent=7470"}],"curies":[{"name":"wp","href":"https:\/\/api.w.org\/{rel}","templated":true}]}}