{"id":7414,"date":"2023-01-10T11:52:27","date_gmt":"2023-01-10T10:52:27","guid":{"rendered":"https:\/\/alerno.de\/oezel-ders\/bireysel-ve-grup-oezel-ders\/"},"modified":"2023-01-17T16:26:00","modified_gmt":"2023-01-17T15:26:00","slug":"bireysel-ve-grup-oezel-ders","status":"publish","type":"page","link":"https:\/\/alerno.de\/tr\/oezel-ders\/bireysel-ve-grup-oezel-ders\/","title":{"rendered":"Bireysel ve grup \u00f6zel ders"},"content":{"rendered":"\t\t<div data-elementor-type=\"wp-post\" data-elementor-id=\"7414\" class=\"elementor elementor-7414 elementor-1107\" data-elementor-post-type=\"page\">\n\t\t\t\t\t\t<section class=\"elementor-section elementor-top-section elementor-element elementor-element-67e95b4e elementor-section-content-middle elementor-section-boxed elementor-section-height-default elementor-section-height-default\" data-id=\"67e95b4e\" data-element_type=\"section\" data-e-type=\"section\" data-settings=\"{&quot;background_background&quot;:&quot;classic&quot;}\">\n\t\t\t\t\t\t<div class=\"elementor-container elementor-column-gap-no\">\n\t\t\t\t\t<div class=\"elementor-column elementor-col-50 elementor-top-column elementor-element elementor-element-7fe8011\" data-id=\"7fe8011\" data-element_type=\"column\" data-e-type=\"column\" data-settings=\"{&quot;background_background&quot;:&quot;classic&quot;}\">\n\t\t\t<div class=\"elementor-widget-wrap elementor-element-populated\">\n\t\t\t\t\t\t<div class=\"elementor-element elementor-element-671febbd elementor-widget elementor-widget-heading\" data-id=\"671febbd\" data-element_type=\"widget\" data-e-type=\"widget\" data-widget_type=\"heading.default\">\n\t\t\t\t<div class=\"elementor-widget-container\">\n\t\t\t\t\t<h1 class=\"elementor-heading-title elementor-size-default\">Bireysel ve grup \u00f6zel ders<\/h1>\t\t\t\t<\/div>\n\t\t\t\t<\/div>\n\t\t\t\t<div class=\"elementor-element elementor-element-1453cc30 elementor-widget-divider--view-line elementor-widget elementor-widget-divider\" data-id=\"1453cc30\" data-element_type=\"widget\" data-e-type=\"widget\" data-widget_type=\"divider.default\">\n\t\t\t\t<div class=\"elementor-widget-container\">\n\t\t\t\t\t\t\t<div class=\"elementor-divider\">\n\t\t\t<span class=\"elementor-divider-separator\">\n\t\t\t\t\t\t<\/span>\n\t\t<\/div>\n\t\t\t\t\t\t<\/div>\n\t\t\t\t<\/div>\n\t\t\t\t\t<\/div>\n\t\t<\/div>\n\t\t\t\t<div class=\"elementor-column elementor-col-50 elementor-top-column elementor-element elementor-element-72b76697\" data-id=\"72b76697\" data-element_type=\"column\" data-e-type=\"column\">\n\t\t\t<div class=\"elementor-widget-wrap\">\n\t\t\t\t\t\t\t<\/div>\n\t\t<\/div>\n\t\t\t\t\t<\/div>\n\t\t<\/section>\n\t\t\t\t<section class=\"elementor-section elementor-top-section elementor-element elementor-element-13ffab0b elementor-section-content-middle elementor-section-boxed elementor-section-height-default elementor-section-height-default\" data-id=\"13ffab0b\" data-element_type=\"section\" data-e-type=\"section\" data-settings=\"{&quot;background_background&quot;:&quot;classic&quot;}\">\n\t\t\t\t\t\t\t<div class=\"elementor-background-overlay\"><\/div>\n\t\t\t\t\t\t\t<div class=\"elementor-container elementor-column-gap-no\">\n\t\t\t\t\t<div class=\"elementor-column elementor-col-100 elementor-top-column elementor-element elementor-element-57978a14\" data-id=\"57978a14\" data-element_type=\"column\" data-e-type=\"column\">\n\t\t\t<div class=\"elementor-widget-wrap elementor-element-populated\">\n\t\t\t\t\t\t<div class=\"elementor-element elementor-element-f6f53f5 elementor-widget elementor-widget-text-editor\" data-id=\"f6f53f5\" data-element_type=\"widget\" data-e-type=\"widget\" data-widget_type=\"text-editor.default\">\n\t\t\t\t<div class=\"elementor-widget-container\">\n\t\t\t\t\t\t\t\t\t<h2><strong>Alerno ile bireysel ve grup dersleri<\/strong><\/h2>\n<p>Alerno ile \u00f6\u011frenirken iyi e\u011flenceler.  <br \/>Devlet okullar\u0131n\u0131n bir orta\u011f\u0131 olarak, \u00f6\u011frencileri olumlu y\u00f6nde motive etmek ve b\u00f6ylece g\u00f6n\u00fcll\u00fc olarak \u00f6\u011frenmekten keyif almalar\u0131n\u0131 sa\u011flamak temel konseptimizin bir par\u00e7as\u0131d\u0131r. \u00d6\u011frenme ko\u00e7lar\u0131m\u0131z, her bir \u00f6\u011frencinin g\u00fc\u00e7l\u00fc ve zay\u0131f y\u00f6nlerini \u00f6zel olarak ele al\u0131r ve b\u00f6ylece optimum ve s\u00fcrd\u00fcr\u00fclebilir \u00f6\u011frenme ba\u015far\u0131s\u0131n\u0131n temelini atar. Bizimkilerden birini se\u00e7in <a href=\"https:\/\/www.alerno.de\/standorte\/\"><br \/>\n  <strong>Bremen ve \u00e7evresinde 11 alerno lokasyonu<\/strong><br \/>\n<\/a>evinize en yak\u0131n olan ve sadece u\u011fray\u0131n!<\/p>\n<h3>K\u00fc\u00e7\u00fck bir grupta bire bir e\u011fitim<\/h3>\n<ul>\n<li>\u00fc\u00e7 ila en fazla 5 e\u011fitmen<\/li>\n<li>haftal\u0131k olarak kararla\u015ft\u0131r\u0131lan zamanlarda<\/li>\n<li>t\u00fcm \u00f6\u011frenciler bireysel olarak g\u00f6zetim alt\u0131nda tutulur<\/li>\n<li>\u00d6\u011frenmek i\u00e7in iyi ve ho\u015f bir atmosfer<\/li>\n<\/ul>\n<h3>\u00d6zel dersler<\/h3>\n<ul>\n<li>\u00d6zel dersler<\/li>\n<li>K\u0131sa s\u00fcrede \u00e7ok fazla malzeme<\/li>\n<li>uzun s\u00fcreli bir devams\u0131zl\u0131k, yurtd\u0131\u015f\u0131nda kalma veya hastal\u0131ktan sonra (b\u00fcy\u00fck bilgi bo\u015fluklar\u0131 olmas\u0131 durumunda)<\/li>\n<li>Okul derslerinin haz\u0131rlanmas\u0131 ve takibi<\/li>\n<\/ul>\n<div>\n<table class=\"deedba\">\n<tbody>\n<tr>\n<td>\n<p><strong>K\u00fc\u00e7\u00fck bir grupta \u00f6\u011frenmenin avantajlar\u0131:<\/strong><\/p>\n<ul>\n<li><strong>Pozitif motivasyon, <\/strong>birlikte \u00f6\u011frenme<\/li>\n<li><strong>daha az stres <\/strong>, di\u011ferleri de hata yapar<\/li>\n<li>Grup konstelasyonu nedeniyle <strong>uygun fiyat<\/strong> <\/li>\n<li><strong>Yeterli \u00e7al\u0131\u015fma s\u00fcresi<\/strong> (90 dk. birimler)<\/li>\n<li>ayda bir \u00fccretsiz<strong> ekstra randevu<\/strong> <\/li>\n<li>\u00d6\u011frencilerin <strong>\u015feffaf \u00f6\u011frenme geli\u015fimi<\/strong> <\/li>\n<\/ul>\n<\/td>\n<td>\n<p><strong>\u00d6zel derslerde \u00f6\u011frenmenin avantajlar\u0131:<\/strong><\/p>\n<ul>\n<li>\u00f6\u011frenme ko\u00e7unun<strong> kendilerine <\/strong>ait olmas\u0131<strong><br \/><\/strong><\/li>\n<li><strong>Saatleri<\/strong> ve <strong>okul konular\u0131n\u0131<\/strong> <strong>k\u0131sa s\u00fcrede ayarlay\u0131n<\/strong><\/li>\n<li>kendi<strong> \u00f6\u011frenme h\u0131z\u0131n\u0131z<\/strong><\/li>\n<li>rahats\u0131z edilmeden \u00f6\u011frenme,<strong> dikkat da\u011f\u0131t\u0131c\u0131 unsurlar yok<\/strong><\/li>\n<li>\u00d6\u011frencilerin <strong>\u015feffaf \u00f6\u011frenme geli\u015fimi<\/strong> <\/li>\n<li><strong> S\u0131nava haz\u0131rl\u0131k<\/strong> i\u00e7in \u00f6zellikle etkili<\/li>\n<\/ul>\n<\/td>\n<\/tr>\n<\/tbody>\n<\/table>\n<\/div>\n\t\t\t\t\t\t\t\t<\/div>\n\t\t\t\t<\/div>\n\t\t\t\t\t<\/div>\n\t\t<\/div>\n\t\t\t\t\t<\/div>\n\t\t<\/section>\n\t\t\t\t<section class=\"elementor-section elementor-top-section elementor-element elementor-element-07ca8f4 elementor-section-boxed elementor-section-height-default elementor-section-height-default\" data-id=\"07ca8f4\" data-element_type=\"section\" data-e-type=\"section\">\n\t\t\t\t\t\t<div class=\"elementor-container elementor-column-gap-default\">\n\t\t\t\t\t<div class=\"elementor-column elementor-col-100 elementor-top-column elementor-element elementor-element-fd0c882\" data-id=\"fd0c882\" data-element_type=\"column\" data-e-type=\"column\">\n\t\t\t<div class=\"elementor-widget-wrap elementor-element-populated\">\n\t\t\t\t\t\t<div class=\"elementor-element elementor-element-3cf1dbc elementor-widget elementor-widget-text-editor\" data-id=\"3cf1dbc\" data-element_type=\"widget\" data-e-type=\"widget\" data-widget_type=\"text-editor.default\">\n\t\t\t\t<div class=\"elementor-widget-container\">\n\t\t\t\t\t\t\t\t\t<h3>\u0130lginizi \u00e7ekebildik mi?<\/h3>\n<p>O zaman \u015fimdi bizi aray\u0131n veya <a href=\"https:\/\/alerno.de\/tr\/iletisim\/\" target=\"_blank\" rel=\"noopener\">ileti\u015fim formu<\/a> arac\u0131l\u0131\u011f\u0131yla do\u011frudan bize e-posta g\u00f6nderin!<\/p>\n<p><strong>Pzt. - Fr. Sabah 9&#8217;dan ak\u015fam 5&#8217;e kadar:<\/strong>&nbsp;<b>0421-60 95 737<\/b><\/p>\t\t\t\t\t\t\t\t<\/div>\n\t\t\t\t<\/div>\n\t\t\t\t\t<\/div>\n\t\t<\/div>\n\t\t\t\t\t<\/div>\n\t\t<\/section>\n\t\t\t\t<\/div>\n\t\t","protected":false},"excerpt":{"rendered":"<p>Bireysel ve grup \u00f6zel ders Alerno ile bireysel ve grup dersleri Alerno ile \u00f6\u011frenirken iyi e\u011flenceler. Devlet okullar\u0131n\u0131n bir orta\u011f\u0131 olarak, \u00f6\u011frencileri olumlu y\u00f6nde motive etmek ve b\u00f6ylece g\u00f6n\u00fcll\u00fc olarak \u00f6\u011frenmekten keyif almalar\u0131n\u0131 sa\u011flamak temel konseptimizin bir par\u00e7as\u0131d\u0131r. \u00d6\u011frenme ko\u00e7lar\u0131m\u0131z, her bir \u00f6\u011frencinin g\u00fc\u00e7l\u00fc ve zay\u0131f y\u00f6nlerini \u00f6zel olarak ele al\u0131r ve b\u00f6ylece optimum ve [&hellip;]<\/p>\n","protected":false},"author":1,"featured_media":0,"parent":7007,"menu_order":0,"comment_status":"closed","ping_status":"closed","template":"","meta":{"_seopress_robots_primary_cat":"","_seopress_titles_title":"","_seopress_titles_desc":"","_seopress_robots_index":"","site-sidebar-layout":"no-sidebar","site-content-layout":"page-builder","ast-site-content-layout":"default","site-content-style":"default","site-sidebar-style":"default","ast-global-header-display":"","ast-banner-title-visibility":"","ast-main-header-display":"","ast-hfb-above-header-display":"","ast-hfb-below-header-display":"","ast-hfb-mobile-header-display":"","site-post-title":"disabled","ast-breadcrumbs-content":"","ast-featured-img":"disabled","footer-sml-layout":"","ast-disable-related-posts":"","theme-transparent-header-meta":"default","adv-header-id-meta":"","stick-header-meta":"","header-above-stick-meta":"","header-main-stick-meta":"","header-below-stick-meta":"","astra-migrate-meta-layouts":"default","ast-page-background-enabled":"default","ast-page-background-meta":{"desktop":{"background-color":"","background-image":"","background-repeat":"repeat","background-position":"center center","background-size":"auto","background-attachment":"scroll","background-type":"","background-media":"","overlay-type":"","overlay-color":"","overlay-opacity":"","overlay-gradient":""},"tablet":{"background-color":"","background-image":"","background-repeat":"repeat","background-position":"center center","background-size":"auto","background-attachment":"scroll","background-type":"","background-media":"","overlay-type":"","overlay-color":"","overlay-opacity":"","overlay-gradient":""},"mobile":{"background-color":"","background-image":"","background-repeat":"repeat","background-position":"center center","background-size":"auto","background-attachment":"scroll","background-type":"","background-media":"","overlay-type":"","overlay-color":"","overlay-opacity":"","overlay-gradient":""}},"ast-content-background-meta":{"desktop":{"background-color":"var(--ast-global-color-5)","background-image":"","background-repeat":"repeat","background-position":"center center","background-size":"auto","background-attachment":"scroll","background-type":"","background-media":"","overlay-type":"","overlay-color":"","overlay-opacity":"","overlay-gradient":""},"tablet":{"background-color":"var(--ast-global-color-5)","background-image":"","background-repeat":"repeat","background-position":"center center","background-size":"auto","background-attachment":"scroll","background-type":"","background-media":"","overlay-type":"","overlay-color":"","overlay-opacity":"","overlay-gradient":""},"mobile":{"background-color":"var(--ast-global-color-5)","background-image":"","background-repeat":"repeat","background-position":"center center","background-size":"auto","background-attachment":"scroll","background-type":"","background-media":"","overlay-type":"","overlay-color":"","overlay-opacity":"","overlay-gradient":""}},"footnotes":""},"class_list":["post-7414","page","type-page","status-publish","hentry"],"_links":{"self":[{"href":"https:\/\/alerno.de\/tr\/wp-json\/wp\/v2\/pages\/7414","targetHints":{"allow":["GET"]}}],"collection":[{"href":"https:\/\/alerno.de\/tr\/wp-json\/wp\/v2\/pages"}],"about":[{"href":"https:\/\/alerno.de\/tr\/wp-json\/wp\/v2\/types\/page"}],"author":[{"embeddable":true,"href":"https:\/\/alerno.de\/tr\/wp-json\/wp\/v2\/users\/1"}],"replies":[{"embeddable":true,"href":"https:\/\/alerno.de\/tr\/wp-json\/wp\/v2\/comments?post=7414"}],"version-history":[{"count":1,"href":"https:\/\/alerno.de\/tr\/wp-json\/wp\/v2\/pages\/7414\/revisions"}],"predecessor-version":[{"id":7416,"href":"https:\/\/alerno.de\/tr\/wp-json\/wp\/v2\/pages\/7414\/revisions\/7416"}],"up":[{"embeddable":true,"href":"https:\/\/alerno.de\/tr\/wp-json\/wp\/v2\/pages\/7007"}],"wp:attachment":[{"href":"https:\/\/alerno.de\/tr\/wp-json\/wp\/v2\/media?parent=7414"}],"curies":[{"name":"wp","href":"https:\/\/api.w.org\/{rel}","templated":true}]}}