{"id":6950,"date":"2022-09-22T11:43:49","date_gmt":"2022-09-22T09:43:49","guid":{"rendered":"https:\/\/alerno.de\/oernek-sayfa\/"},"modified":"2023-01-17T16:22:16","modified_gmt":"2023-01-17T15:22:16","slug":"oernek-sayfa","status":"publish","type":"page","link":"https:\/\/alerno.de\/tr\/oernek-sayfa\/","title":{"rendered":"\u00d6rnek sayfa"},"content":{"rendered":"\n<p>Bu \u00f6rnek bir sayfad\u0131r. Her zaman ayn\u0131 yerde kalmas\u0131 ve (\u00e7o\u011fu temada) web sitesi navigasyonunda g\u00f6r\u00fcnt\u00fclenmesi a\u00e7\u0131s\u0131ndan g\u00f6nderilerden farkl\u0131d\u0131r. \u00c7o\u011fu, potansiyel web sitesi ziyaret\u00e7ilerine kendilerini tan\u0131tmak i\u00e7in bir k\u00fcnye, gizlilik politikas\u0131 veya &#8220;hakk\u0131m\u0131zda\" sayfas\u0131 ile ba\u015flar. \u00d6rne\u011fin \u015f\u00f6yle diyebilir:<\/p>\n\n<blockquote class=\"wp-block-quote is-layout-flow wp-block-quote-is-layout-flow\"><p>Merhaba! G\u00fcnd\u00fczleri bisikletli kurye olarak \u00e7al\u0131\u015f\u0131yorum, geceleri hevesli bir akt\u00f6r\u00fcm ve bu da benim web sitem. Berlin&#8217;de ya\u015f\u0131yorum, Jack ad\u0131nda b\u00fcy\u00fck bir k\u00f6pe\u011fim var, pi\u00f1a coladalar\u0131 seviyorum ama ya\u011fmurda (\u015femsiyesiz) d\u0131\u015far\u0131da b\u0131rak\u0131lmay\u0131 daha az seviyorum.<\/p><\/blockquote>\n\n<p>&#8230; ya da onun gibi bir \u015fey:<\/p>\n\n<blockquote class=\"wp-block-quote is-layout-flow wp-block-quote-is-layout-flow\"><p>XYZ \u015firketi 1971 y\u0131l\u0131nda kurulmu\u015ftur ve o zamandan beri halka y\u00fcksek kaliteli \u00fcr\u00fcnler sunmaktad\u0131r. K\u00fc\u00e7\u00fck bir metropolde bulunan \u015firket, 2.000&#8217;den fazla ki\u015fiye istihdam sa\u011flamakta ve \u015fehir sakinlerini bir\u00e7ok y\u00f6nden desteklemektedir.<\/p><\/blockquote>\n\n<p>Yeni bir WordPress kullan\u0131c\u0131s\u0131 olarak, bu sayfay\u0131 silmek ve siteniz i\u00e7in yeni sayfalar ve yaz\u0131lar olu\u015fturmak i\u00e7in kontrol <a href=\"https:\/\/alerno.de\/wp-admin\/\">panelinize<\/a> gitmelisiniz. \u0130yi e\u011flenceler!<\/p>\n","protected":false},"excerpt":{"rendered":"<p>Bu \u00f6rnek bir sayfad\u0131r. Her zaman ayn\u0131 yerde kalmas\u0131 ve (\u00e7o\u011fu temada) web sitesi navigasyonunda g\u00f6r\u00fcnt\u00fclenmesi a\u00e7\u0131s\u0131ndan g\u00f6nderilerden farkl\u0131d\u0131r. \u00c7o\u011fu, potansiyel web sitesi ziyaret\u00e7ilerine kendilerini tan\u0131tmak i\u00e7in bir k\u00fcnye, gizlilik politikas\u0131 veya &#8220;hakk\u0131m\u0131zda\" sayfas\u0131 ile ba\u015flar. \u00d6rne\u011fin \u015f\u00f6yle diyebilir: Merhaba! G\u00fcnd\u00fczleri bisikletli kurye olarak \u00e7al\u0131\u015f\u0131yorum, geceleri hevesli bir akt\u00f6r\u00fcm ve bu da benim web sitem. [&hellip;]<\/p>\n","protected":false},"author":1,"featured_media":0,"parent":0,"menu_order":0,"comment_status":"closed","ping_status":"open","template":"","meta":{"_seopress_robots_primary_cat":"","_seopress_titles_title":"","_seopress_titles_desc":"","_seopress_robots_index":"","site-sidebar-layout":"default","site-content-layout":"","ast-site-content-layout":"default","site-content-style":"default","site-sidebar-style":"default","ast-global-header-display":"","ast-banner-title-visibility":"","ast-main-header-display":"","ast-hfb-above-header-display":"","ast-hfb-below-header-display":"","ast-hfb-mobile-header-display":"","site-post-title":"","ast-breadcrumbs-content":"","ast-featured-img":"","footer-sml-layout":"","ast-disable-related-posts":"","theme-transparent-header-meta":"","adv-header-id-meta":"","stick-header-meta":"","header-above-stick-meta":"","header-main-stick-meta":"","header-below-stick-meta":"","astra-migrate-meta-layouts":"default","ast-page-background-enabled":"default","ast-page-background-meta":{"desktop":{"background-color":"","background-image":"","background-repeat":"repeat","background-position":"center center","background-size":"auto","background-attachment":"scroll","background-type":"","background-media":"","overlay-type":"","overlay-color":"","overlay-opacity":"","overlay-gradient":""},"tablet":{"background-color":"","background-image":"","background-repeat":"repeat","background-position":"center center","background-size":"auto","background-attachment":"scroll","background-type":"","background-media":"","overlay-type":"","overlay-color":"","overlay-opacity":"","overlay-gradient":""},"mobile":{"background-color":"","background-image":"","background-repeat":"repeat","background-position":"center center","background-size":"auto","background-attachment":"scroll","background-type":"","background-media":"","overlay-type":"","overlay-color":"","overlay-opacity":"","overlay-gradient":""}},"ast-content-background-meta":{"desktop":{"background-color":"var(--ast-global-color-5)","background-image":"","background-repeat":"repeat","background-position":"center center","background-size":"auto","background-attachment":"scroll","background-type":"","background-media":"","overlay-type":"","overlay-color":"","overlay-opacity":"","overlay-gradient":""},"tablet":{"background-color":"var(--ast-global-color-5)","background-image":"","background-repeat":"repeat","background-position":"center center","background-size":"auto","background-attachment":"scroll","background-type":"","background-media":"","overlay-type":"","overlay-color":"","overlay-opacity":"","overlay-gradient":""},"mobile":{"background-color":"var(--ast-global-color-5)","background-image":"","background-repeat":"repeat","background-position":"center center","background-size":"auto","background-attachment":"scroll","background-type":"","background-media":"","overlay-type":"","overlay-color":"","overlay-opacity":"","overlay-gradient":""}},"footnotes":""},"class_list":["post-6950","page","type-page","status-publish","hentry"],"_links":{"self":[{"href":"https:\/\/alerno.de\/tr\/wp-json\/wp\/v2\/pages\/6950","targetHints":{"allow":["GET"]}}],"collection":[{"href":"https:\/\/alerno.de\/tr\/wp-json\/wp\/v2\/pages"}],"about":[{"href":"https:\/\/alerno.de\/tr\/wp-json\/wp\/v2\/types\/page"}],"author":[{"embeddable":true,"href":"https:\/\/alerno.de\/tr\/wp-json\/wp\/v2\/users\/1"}],"replies":[{"embeddable":true,"href":"https:\/\/alerno.de\/tr\/wp-json\/wp\/v2\/comments?post=6950"}],"version-history":[{"count":1,"href":"https:\/\/alerno.de\/tr\/wp-json\/wp\/v2\/pages\/6950\/revisions"}],"predecessor-version":[{"id":6952,"href":"https:\/\/alerno.de\/tr\/wp-json\/wp\/v2\/pages\/6950\/revisions\/6952"}],"wp:attachment":[{"href":"https:\/\/alerno.de\/tr\/wp-json\/wp\/v2\/media?parent=6950"}],"curies":[{"name":"wp","href":"https:\/\/api.w.org\/{rel}","templated":true}]}}