{"id":6737,"date":"2023-01-17T10:00:22","date_gmt":"2023-01-17T09:00:22","guid":{"rendered":"https:\/\/alerno.de\/meslekler\/"},"modified":"2025-08-14T10:56:47","modified_gmt":"2025-08-14T08:56:47","slug":"meslekler","status":"publish","type":"page","link":"https:\/\/alerno.de\/tr\/meslekler\/","title":{"rendered":"Meslekler"},"content":{"rendered":"\t\t<div data-elementor-type=\"wp-post\" data-elementor-id=\"6737\" class=\"elementor elementor-6737 elementor-4780\" data-elementor-post-type=\"page\">\n\t\t\t\t\t\t<section class=\"elementor-section elementor-top-section elementor-element elementor-element-bcc0daf elementor-section-content-middle elementor-section-boxed elementor-section-height-default elementor-section-height-default\" data-id=\"bcc0daf\" data-element_type=\"section\" data-e-type=\"section\" data-settings=\"{&quot;background_background&quot;:&quot;classic&quot;}\">\n\t\t\t\t\t\t<div class=\"elementor-container elementor-column-gap-no\">\n\t\t\t\t\t<div class=\"elementor-column elementor-col-50 elementor-top-column elementor-element elementor-element-c75ad66\" data-id=\"c75ad66\" data-element_type=\"column\" data-e-type=\"column\" data-settings=\"{&quot;background_background&quot;:&quot;classic&quot;}\">\n\t\t\t<div class=\"elementor-widget-wrap elementor-element-populated\">\n\t\t\t\t\t\t<div class=\"elementor-element elementor-element-cf7da91 elementor-widget elementor-widget-uael-infobox\" data-id=\"cf7da91\" data-element_type=\"widget\" data-e-type=\"widget\" data-widget_type=\"uael-infobox.default\">\n\t\t\t\t<div class=\"elementor-widget-container\">\n\t\t\t\t\t\n<div class=\"uael-module-content uael-infobox uael-imgicon-style-normal  uael-infobox-left  infobox-has-icon uael-infobox-icon-above-title  uael-infobox-link-type-none\">\n\t<div class=\"uael-infobox-left-right-wrap\">\n\t\t\t\t\t\t<div class=\"uael-infobox-content\">\n\t\t\t\t\t\t\t<div class=\"uael-module-content uael-imgicon-wrap \">\t\t\t\t\t\t\t\t\t\t\t\n\t\t\t\t\t\t\t\t\t\t\t\t\t\t<\/div>\n\t\t\t\t\t\t\t<div class='uael-infobox-title-wrap'><h1 class=\"uael-infobox-title elementor-inline-editing\" data-elementor-setting-key=\"infobox_title\" data-elementor-inline-editing-toolbar=\"basic\" >alerno'da \u00f6\u011fretmen olun<\/h1><\/div>\t\t\t\t\t\t<div class=\"uael-separator-parent\">\n\t\t\t\t<div class=\"uael-separator\"><\/div>\n\t\t\t<\/div>\n\t\t\t\t\t\t\t\t\t<div class=\"uael-infobox-text-wrap\">\n\t\t\t\t<div class=\"uael-infobox-text elementor-inline-editing\" data-elementor-setting-key=\"infobox_description\" data-elementor-inline-editing-toolbar=\"advanced\">\n\t\t\t\t\t\t\t\t\t<\/div>\n\t\t\t\t\t\n\t\t\t\t\t\t\t<\/div>\n\t\t<\/div>\n\t\t\t<\/div>\n<\/div>\n\t\t\t\t<\/div>\n\t\t\t\t<\/div>\n\t\t\t\t<div class=\"elementor-element elementor-element-739b5f8 elementor-widget elementor-widget-uael-infobox\" data-id=\"739b5f8\" data-element_type=\"widget\" data-e-type=\"widget\" data-widget_type=\"uael-infobox.default\">\n\t\t\t\t<div class=\"elementor-widget-container\">\n\t\t\t\t\t\n<div class=\"uael-module-content uael-infobox uael-imgicon-style-normal  uael-infobox-left  infobox-has-icon uael-infobox-icon-above-title  uael-infobox-link-type-none\">\n\t<div class=\"uael-infobox-left-right-wrap\">\n\t\t\t\t\t\t<div class=\"uael-infobox-content\">\n\t\t\t\t\t\t\t<div class=\"uael-module-content uael-imgicon-wrap \">\t\t\t\t\t\t\t\t\t\t\t\n\t\t\t\t\t\t\t\t\t\t\t\t\t\t<\/div>\n\t\t\t\t\t\t\t<div class='uael-infobox-title-wrap'><h3 class=\"uael-infobox-title elementor-inline-editing\" data-elementor-setting-key=\"infobox_title\" data-elementor-inline-editing-toolbar=\"basic\" >D\u00fcnyay\u0131 biraz daha ak\u0131ll\u0131 hale getirmeye yard\u0131mc\u0131 olun!<\/h3><\/div>\t\t\t\t\t\t\t\t\t<div class=\"uael-infobox-text-wrap\">\n\t\t\t\t<div class=\"uael-infobox-text elementor-inline-editing\" data-elementor-setting-key=\"infobox_description\" data-elementor-inline-editing-toolbar=\"advanced\">\n\t\t\t\t\t\t\t\t\t<\/div>\n\t\t\t\t\t\n\t\t\t\t\t\t\t<\/div>\n\t\t<\/div>\n\t\t\t<\/div>\n<\/div>\n\t\t\t\t<\/div>\n\t\t\t\t<\/div>\n\t\t\t\t\t<\/div>\n\t\t<\/div>\n\t\t\t\t<div class=\"elementor-column elementor-col-50 elementor-top-column elementor-element elementor-element-41aabf3\" data-id=\"41aabf3\" data-element_type=\"column\" data-e-type=\"column\">\n\t\t\t<div class=\"elementor-widget-wrap\">\n\t\t\t\t\t\t\t<\/div>\n\t\t<\/div>\n\t\t\t\t\t<\/div>\n\t\t<\/section>\n\t\t\t\t<section class=\"elementor-section elementor-top-section elementor-element elementor-element-2edeae1 elementor-section-content-middle elementor-section-boxed elementor-section-height-default elementor-section-height-default\" data-id=\"2edeae1\" data-element_type=\"section\" data-e-type=\"section\">\n\t\t\t\t\t\t\t<div class=\"elementor-background-overlay\"><\/div>\n\t\t\t\t\t\t\t<div class=\"elementor-container elementor-column-gap-no\">\n\t\t\t\t\t<div class=\"elementor-column elementor-col-100 elementor-top-column elementor-element elementor-element-8ff244e\" data-id=\"8ff244e\" data-element_type=\"column\" data-e-type=\"column\">\n\t\t\t<div class=\"elementor-widget-wrap elementor-element-populated\">\n\t\t\t\t\t\t<div class=\"elementor-element elementor-element-b344922 elementor-widget elementor-widget-heading\" data-id=\"b344922\" data-element_type=\"widget\" data-e-type=\"widget\" data-widget_type=\"heading.default\">\n\t\t\t\t<div class=\"elementor-widget-container\">\n\t\t\t\t\t<h2 class=\"elementor-heading-title elementor-size-default\">\u0130\u015f teklifleri<\/h2>\t\t\t\t<\/div>\n\t\t\t\t<\/div>\n\t\t\t\t<div class=\"elementor-element elementor-element-d032e1d elementor-widget-divider--view-line elementor-widget elementor-widget-divider\" data-id=\"d032e1d\" data-element_type=\"widget\" data-e-type=\"widget\" data-widget_type=\"divider.default\">\n\t\t\t\t<div class=\"elementor-widget-container\">\n\t\t\t\t\t\t\t<div class=\"elementor-divider\">\n\t\t\t<span class=\"elementor-divider-separator\">\n\t\t\t\t\t\t<\/span>\n\t\t<\/div>\n\t\t\t\t\t\t<\/div>\n\t\t\t\t<\/div>\n\t\t\t\t<section class=\"elementor-section elementor-inner-section elementor-element elementor-element-e11b7cf elementor-section-boxed elementor-section-height-default elementor-section-height-default\" data-id=\"e11b7cf\" data-element_type=\"section\" data-e-type=\"section\">\n\t\t\t\t\t\t<div class=\"elementor-container elementor-column-gap-default\">\n\t\t\t\t\t<div class=\"elementor-column elementor-col-100 elementor-inner-column elementor-element elementor-element-9df2c7b\" data-id=\"9df2c7b\" data-element_type=\"column\" data-e-type=\"column\">\n\t\t\t<div class=\"elementor-widget-wrap elementor-element-populated\">\n\t\t\t\t\t\t<div class=\"elementor-element elementor-element-8470e59 elementor-widget elementor-widget-text-editor\" data-id=\"8470e59\" data-element_type=\"widget\" data-e-type=\"widget\" data-widget_type=\"text-editor.default\">\n\t\t\t\t<div class=\"elementor-widget-container\">\n\t\t\t\t\t\t\t\t\t<p>alerno Bremen&#8217;den dostane bir e\u011fitim \u015firketidir. &#8220;\u00d6\u011frenirken e\u011flenin\" slogan\u0131 do\u011frultusunda Bremen, Bremerhaven ve Delmenhorst&#8217;taki merkezlerimizde her s\u0131n\u0131ftan \u00f6\u011frenciyi destekliyoruz.<\/p><p>Bu ekibin ve bu geli\u015fimin bir par\u00e7as\u0131 olmak ister misiniz? T\u00fcm dersler ve s\u0131n\u0131flar i\u00e7in \u00f6\u011fretmenler ar\u0131yoruz.<\/p>\t\t\t\t\t\t\t\t<\/div>\n\t\t\t\t<\/div>\n\t\t\t\t<div class=\"elementor-element elementor-element-c0a2cb9 elementor-widget elementor-widget-spacer\" data-id=\"c0a2cb9\" data-element_type=\"widget\" data-e-type=\"widget\" data-widget_type=\"spacer.default\">\n\t\t\t\t<div class=\"elementor-widget-container\">\n\t\t\t\t\t\t\t<div class=\"elementor-spacer\">\n\t\t\t<div class=\"elementor-spacer-inner\"><\/div>\n\t\t<\/div>\n\t\t\t\t\t\t<\/div>\n\t\t\t\t<\/div>\n\t\t\t\t<div class=\"elementor-element elementor-element-f8eccca elementor-widget elementor-widget-heading\" data-id=\"f8eccca\" data-element_type=\"widget\" data-e-type=\"widget\" data-widget_type=\"heading.default\">\n\t\t\t\t<div class=\"elementor-widget-container\">\n\t\t\t\t\t<h2 class=\"elementor-heading-title elementor-size-default\">Bo\u015f \u0130\u015fler<\/h2>\t\t\t\t<\/div>\n\t\t\t\t<\/div>\n\t\t\t\t<div class=\"elementor-element elementor-element-8d260de uael-faq-box-layout-yes align-at-left elementor-widget elementor-widget-uael-faq\" data-id=\"8d260de\" data-element_type=\"widget\" data-e-type=\"widget\" data-widget_type=\"uael-faq.default\">\n\t\t\t\t<div class=\"elementor-widget-container\">\n\t\t\t\t\t\n\t\t\t<div id='uael-faq-wrapper-148' class=\"uael-faq-wrapper\">\n\t\t\t\t<div class=\"uael-faq-container uael-faq-layout-accordion\" data-layout=\"accordion\" >\n\t\t\t\t\t\t\t\t\t\t\t\t<div id=\"uael-accordion-a01b6ac\" class=\"uael-faq-accordion\" role=\"tablist\">\n\t\t\t\t\t\t\t\t<div class= \"uael-accordion-title\" aria-expanded=\"false\" role=\"tab\">\n\t\t\t\t\t\t\t\t\t<span class=\"uael-accordion-icon uael-accordion-icon-left\">\n\t\t\t\t\t\t\t\t\t\t<span class=\"uael-accordion-icon-closed\"><i class=\"fas fa-angle-right\"><\/i><\/span>\n\t\t\t\t\t\t\t\t\t\t<span class=\"uael-accordion-icon-opened\"><i class=\"fas fa-angle-up\"><\/i><\/span>\n\t\t\t\t\t\t\t\t\t<\/span>\n\t\t\t\t\t\t\t\t\t<span class=\"uael-question-a01b6ac uael-question-span\" tabindex=\"0\" id=\"uael-faq-1-69def526b6194\">E\u011fitmenler (m\/f\/d) aran\u0131yor (HB, DEL) \ud83d\ude42<\/span>\n\t\t\t\t\t\t\t\t<\/div>\n\t\t\t\t\t\t\t\t<div class=\"uael-accordion-content\" role=\"tabpanel\">\n\t\t\t\t\t\t\t\t\t<span>\n\t\t\t\t\t\t\t\t\t<span><p>\u00d6zel \u00f6\u011fretmen olarak \u00f6\u011frencileri \u00f6\u011frenimlerinde desteklemek ve anlaml\u0131 bir i\u015f i\u00e7in cazip bir \u00fccret kazanmak ister misiniz? \"\u00d6\u011frenirken e\u011flenin!\" slogan\u0131m\u0131zla kendinizi \u00f6zde\u015fle\u015ftirebiliyor musunuz? - Tan\u0131mlamak m\u0131?<br>Evet! - O zaman Bremen veya Delmenhorst'ta \u00f6zel \u00f6\u011fretmen (m \/ f \/ d) olarak bize kat\u0131l\u0131n. Kariyer de\u011fi\u015ftirenlere, \u00f6\u011frencilere ve emeklilere kap\u0131m\u0131z a\u00e7\u0131k!  <\/p><p><strong>Seni ne bekliyor?<\/strong><\/p><ul><li>  Bireysel veya k\u00fc\u00e7\u00fck grup \u00f6zel dersi<\/li><li>  On bir lokasyonumuzdan birinde, devlet okullar\u0131nda veya \u00e7evrimi\u00e7i \u00f6zel ders<\/li><li>  Cazip \u00fccret<\/li><li>  Profesyonellik<\/li><\/ul><p><strong>Yan\u0131n\u0131zda ne getirmelisiniz?<\/strong><\/p><ul><li>  \u00d6\u011frenci: i\u00e7inde<\/li><li>  Stajyer:in, \u00d6\u011fretmen:in, Akademisyen:in<\/li><li>  Kariyer de\u011fi\u015ftiren: in<\/li><li>  Emekli akademisyenler<\/li><li>  En az bir okul dersi hakk\u0131nda \u00e7ok iyi bilgi.<\/li><li>  Mahzene g\u00fclmek i\u00e7in inilmez.<\/li><li>  Yard\u0131msever ve tak\u0131m oyuncususunuz.<\/li><\/ul><p><strong>Size ne sunuyoruz?<\/strong><\/p><ul><li>  Kalbi olan Bremen \u015firketi<\/li><li>  \u00c7evrimi\u00e7i\/sahada \u00f6\u011fretim materyalleri<\/li><li>  E\u011fitiminiz devam ederken pratik deneyim<\/li><li>  \u00c7al\u0131\u015ft\u0131\u011f\u0131n\u0131z saat say\u0131s\u0131nda mutlak \u00f6zg\u00fcrl\u00fck<\/li><li>  \u0130\u015f yeri se\u00e7me \u00f6zg\u00fcrl\u00fc\u011f\u00fc<\/li><li>  Ne\u015feli bir ekip<\/li><li>  G\u00fcvenilirlik<\/li><\/ul><p><strong>alerno'ya ba\u015fvurun<\/strong><br>Kula\u011fa ho\u015f geliyor mu? Harika - sizi tan\u0131mak isteriz.<br>Bize \u015fu anda ne yapt\u0131\u011f\u0131n\u0131z ve hangi ders(ler)i \u00f6\u011fretmek istedi\u011finiz hakk\u0131nda biraz bilgi g\u00f6nderin. <\/p><p>\u015eimdi alerno'ya ba\u015fvurun. Fazla T\u00fcdel\u00fct olmadan. Sadece 2 dakika i\u00e7inde.<\/p><p><strong>Konumlar\u0131m\u0131z<\/strong><\/p><ul><li> Blumenthal<\/li><li> Burglesum<\/li><li> Horn-Lehe<\/li><li>  Orta<\/li><li> Osterholz<\/li><li> Schwachhausen<\/li><li> Vegesack<\/li><li> Walle<\/li><li> Findorff<\/li><li> Delmenhorst<\/li><li>  Gr\u00f6pelingen<\/li><li>\u0130svi\u00e7re Mahallesi<\/li><li>Huchting<\/li><li>Yeni \u015fehir<\/li><\/ul><p>Sizi g\u00f6rmek i\u00e7in sab\u0131rs\u0131zlan\u0131yoruz!<br>alerno ekibiniz<br>Bremer Heerstra\u00dfe 49<br>28719 Bremen<\/p><p>0800 14 14 14 6<br>jobs@alerno.de<\/p><p>Ana sayfa<br>alerno.de<\/p><center><iframe style=\"border: 0; box-shadow: 5px 5px 56px 0px rgba(0,0,0,0.25);\" src=\"https:\/\/forms.monday.com\/forms\/embed\/9277c12897dcf19902f94b6e6e33220c?r=use1\" width=\"650\" height=\"800\"><\/iframe><\/center><\/span>\t\t\t\t\t\t\t\t\t<\/span>\n\t\t\t\t\t\t\t\t<\/div>\n\t\t\t\t\t\t\t<\/div>\n\t\t\t\t\t\t\t\t\t\t\t<\/div>\n\t\t\t<\/div>\n\t\t\t\t\t\t\t<\/div>\n\t\t\t\t<\/div>\n\t\t\t\t\t<\/div>\n\t\t<\/div>\n\t\t\t\t\t<\/div>\n\t\t<\/section>\n\t\t\t\t\t<\/div>\n\t\t<\/div>\n\t\t\t\t\t<\/div>\n\t\t<\/section>\n\t\t\t\t<section class=\"elementor-section elementor-top-section elementor-element elementor-element-bdbfe28 elementor-section-boxed elementor-section-height-default elementor-section-height-default\" data-id=\"bdbfe28\" data-element_type=\"section\" data-e-type=\"section\">\n\t\t\t\t\t\t<div class=\"elementor-container elementor-column-gap-default\">\n\t\t\t\t\t<div class=\"elementor-column elementor-col-100 elementor-top-column elementor-element elementor-element-280056c\" data-id=\"280056c\" data-element_type=\"column\" data-e-type=\"column\">\n\t\t\t<div class=\"elementor-widget-wrap elementor-element-populated\">\n\t\t\t\t\t\t<div class=\"elementor-element elementor-element-b8e4821 elementor-widget elementor-widget-spacer\" data-id=\"b8e4821\" data-element_type=\"widget\" data-e-type=\"widget\" data-widget_type=\"spacer.default\">\n\t\t\t\t<div class=\"elementor-widget-container\">\n\t\t\t\t\t\t\t<div class=\"elementor-spacer\">\n\t\t\t<div class=\"elementor-spacer-inner\"><\/div>\n\t\t<\/div>\n\t\t\t\t\t\t<\/div>\n\t\t\t\t<\/div>\n\t\t\t\t<div class=\"elementor-element elementor-element-d3b4ba9 elementor-widget elementor-widget-heading\" data-id=\"d3b4ba9\" data-element_type=\"widget\" data-e-type=\"widget\" data-widget_type=\"heading.default\">\n\t\t\t\t<div class=\"elementor-widget-container\">\n\t\t\t\t\t<h2 class=\"elementor-heading-title elementor-size-default\">Ba\u015fvuru formlar\u0131<\/h2>\t\t\t\t<\/div>\n\t\t\t\t<\/div>\n\t\t\t\t\t<\/div>\n\t\t<\/div>\n\t\t\t\t\t<\/div>\n\t\t<\/section>\n\t\t\t\t<section class=\"elementor-section elementor-top-section elementor-element elementor-element-5cd34a2 elementor-section-boxed elementor-section-height-default elementor-section-height-default\" data-id=\"5cd34a2\" data-element_type=\"section\" data-e-type=\"section\">\n\t\t\t\t\t\t<div class=\"elementor-container elementor-column-gap-default\">\n\t\t\t\t\t<div class=\"elementor-column elementor-col-100 elementor-top-column elementor-element elementor-element-6d3e78f\" data-id=\"6d3e78f\" data-element_type=\"column\" data-e-type=\"column\">\n\t\t\t<div class=\"elementor-widget-wrap elementor-element-populated\">\n\t\t\t\t\t\t<div class=\"elementor-element elementor-element-bab9dc7 elementor-widget elementor-widget-heading\" data-id=\"bab9dc7\" data-element_type=\"widget\" data-e-type=\"widget\" data-widget_type=\"heading.default\">\n\t\t\t\t<div class=\"elementor-widget-container\">\n\t\t\t\t\t<h3 class=\"elementor-heading-title elementor-size-default\">\u00d6\u011fretmen:in<\/h3>\t\t\t\t<\/div>\n\t\t\t\t<\/div>\n\t\t\t\t<div class=\"elementor-element elementor-element-734aec7 elementor-widget elementor-widget-text-editor\" data-id=\"734aec7\" data-element_type=\"widget\" data-e-type=\"widget\" data-widget_type=\"text-editor.default\">\n\t\t\t\t<div class=\"elementor-widget-container\">\n\t\t\t\t\t\t\t\t\t<p style=\"text-align: center;\">Formu doldururken sorun mu ya\u015f\u0131yorsunuz? -&gt; <a href=\"https:\/\/forms.monday.com\/forms\/9277c12897dcf19902f94b6e6e33220c?r=use1\" target=\"_blank\" rel=\"noopener\">Formu yeni pencerede a\u00e7<\/a>.<\/p>\t\t\t\t\t\t\t\t<\/div>\n\t\t\t\t<\/div>\n\t\t\t\t<div class=\"elementor-element elementor-element-ef2d73e elementor-widget elementor-widget-html\" data-id=\"ef2d73e\" data-element_type=\"widget\" data-e-type=\"widget\" data-widget_type=\"html.default\">\n\t\t\t\t<div class=\"elementor-widget-container\">\n\t\t\t\t\t<center><iframe src=\"https:\/\/forms.monday.com\/forms\/embed\/9277c12897dcf19902f94b6e6e33220c?r=use1\" width=\"650\" height=\"800\" style=\"border: 0; box-shadow: 5px 5px 56px 0px rgba(0,0,0,0.25);\"><\/iframe><\/center>\t\t\t\t<\/div>\n\t\t\t\t<\/div>\n\t\t\t\t\t<\/div>\n\t\t<\/div>\n\t\t\t\t\t<\/div>\n\t\t<\/section>\n\t\t\t\t<section class=\"elementor-section elementor-top-section elementor-element elementor-element-9c94e4d elementor-section-content-middle elementor-section-boxed elementor-section-height-default elementor-section-height-default\" data-id=\"9c94e4d\" data-element_type=\"section\" data-e-type=\"section\">\n\t\t\t\t\t\t\t<div class=\"elementor-background-overlay\"><\/div>\n\t\t\t\t\t\t\t<div class=\"elementor-container elementor-column-gap-no\">\n\t\t\t\t\t<div class=\"elementor-column elementor-col-100 elementor-top-column elementor-element elementor-element-4677dbf\" data-id=\"4677dbf\" data-element_type=\"column\" data-e-type=\"column\">\n\t\t\t<div class=\"elementor-widget-wrap elementor-element-populated\">\n\t\t\t\t\t\t<div class=\"elementor-element elementor-element-71c6847 elementor-widget elementor-widget-heading\" data-id=\"71c6847\" data-element_type=\"widget\" data-e-type=\"widget\" data-widget_type=\"heading.default\">\n\t\t\t\t<div class=\"elementor-widget-container\">\n\t\t\t\t\t<h5 class=\"elementor-heading-title elementor-size-default\">Burada bizi bulacaks\u0131n\u0131z:<\/h5>\t\t\t\t<\/div>\n\t\t\t\t<\/div>\n\t\t\t\t<div class=\"elementor-element elementor-element-26ea1f4 elementor-widget elementor-widget-google_maps\" data-id=\"26ea1f4\" data-element_type=\"widget\" data-e-type=\"widget\" data-widget_type=\"google_maps.default\">\n\t\t\t\t<div class=\"elementor-widget-container\">\n\t\t\t\t\t\t\t<div class=\"elementor-custom-embed\">\n\t\t\t<iframe loading=\"lazy\"\n\t\t\t\t\tsrc=\"https:\/\/maps.google.com\/maps?q=alerno%20nachhilfe&#038;t=m&#038;z=10&#038;output=embed&#038;iwloc=near\"\n\t\t\t\t\ttitle=\"alerno nachhilfe\"\n\t\t\t\t\taria-label=\"alerno nachhilfe\"\n\t\t\t><\/iframe>\n\t\t<\/div>\n\t\t\t\t\t\t<\/div>\n\t\t\t\t<\/div>\n\t\t\t\t<div class=\"elementor-element elementor-element-0bb786f elementor-widget-divider--view-line elementor-widget elementor-widget-divider\" data-id=\"0bb786f\" data-element_type=\"widget\" data-e-type=\"widget\" data-widget_type=\"divider.default\">\n\t\t\t\t<div class=\"elementor-widget-container\">\n\t\t\t\t\t\t\t<div class=\"elementor-divider\">\n\t\t\t<span class=\"elementor-divider-separator\">\n\t\t\t\t\t\t<\/span>\n\t\t<\/div>\n\t\t\t\t\t\t<\/div>\n\t\t\t\t<\/div>\n\t\t\t\t\t<\/div>\n\t\t<\/div>\n\t\t\t\t\t<\/div>\n\t\t<\/section>\n\t\t\t\t<\/div>\n\t\t","protected":false},"excerpt":{"rendered":"<p>alerno&#8217;da \u00f6\u011fretmen olun D\u00fcnyay\u0131 biraz daha ak\u0131ll\u0131 hale getirmeye yard\u0131mc\u0131 olun! \u0130\u015f teklifleri alerno Bremen&#8217;den dostane bir e\u011fitim \u015firketidir. &#8220;\u00d6\u011frenirken e\u011flenin\" slogan\u0131 do\u011frultusunda Bremen, Bremerhaven ve Delmenhorst&#8217;taki merkezlerimizde her s\u0131n\u0131ftan \u00f6\u011frenciyi destekliyoruz. Bu ekibin ve bu geli\u015fimin bir par\u00e7as\u0131 olmak ister misiniz? T\u00fcm dersler ve s\u0131n\u0131flar i\u00e7in \u00f6\u011fretmenler ar\u0131yoruz. Bo\u015f \u0130\u015fler E\u011fitmenler (m\/f\/d) aran\u0131yor (HB, [&hellip;]<\/p>\n","protected":false},"author":1,"featured_media":0,"parent":0,"menu_order":0,"comment_status":"closed","ping_status":"closed","template":"","meta":{"_seopress_robots_primary_cat":"","_seopress_titles_title":"","_seopress_titles_desc":"","_seopress_robots_index":"","site-sidebar-layout":"no-sidebar","site-content-layout":"page-builder","ast-site-content-layout":"default","site-content-style":"default","site-sidebar-style":"default","ast-global-header-display":"","ast-banner-title-visibility":"","ast-main-header-display":"","ast-hfb-above-header-display":"","ast-hfb-below-header-display":"","ast-hfb-mobile-header-display":"","site-post-title":"","ast-breadcrumbs-content":"","ast-featured-img":"disabled","footer-sml-layout":"","ast-disable-related-posts":"","theme-transparent-header-meta":"default","adv-header-id-meta":"","stick-header-meta":"","header-above-stick-meta":"","header-main-stick-meta":"","header-below-stick-meta":"","astra-migrate-meta-layouts":"default","ast-page-background-enabled":"default","ast-page-background-meta":{"desktop":{"background-color":"","background-image":"","background-repeat":"repeat","background-position":"center center","background-size":"auto","background-attachment":"scroll","background-type":"","background-media":"","overlay-type":"","overlay-color":"","overlay-opacity":"","overlay-gradient":""},"tablet":{"background-color":"","background-image":"","background-repeat":"repeat","background-position":"center center","background-size":"auto","background-attachment":"scroll","background-type":"","background-media":"","overlay-type":"","overlay-color":"","overlay-opacity":"","overlay-gradient":""},"mobile":{"background-color":"","background-image":"","background-repeat":"repeat","background-position":"center center","background-size":"auto","background-attachment":"scroll","background-type":"","background-media":"","overlay-type":"","overlay-color":"","overlay-opacity":"","overlay-gradient":""}},"ast-content-background-meta":{"desktop":{"background-color":"var(--ast-global-color-5)","background-image":"","background-repeat":"repeat","background-position":"center center","background-size":"auto","background-attachment":"scroll","background-type":"","background-media":"","overlay-type":"","overlay-color":"","overlay-opacity":"","overlay-gradient":""},"tablet":{"background-color":"var(--ast-global-color-5)","background-image":"","background-repeat":"repeat","background-position":"center center","background-size":"auto","background-attachment":"scroll","background-type":"","background-media":"","overlay-type":"","overlay-color":"","overlay-opacity":"","overlay-gradient":""},"mobile":{"background-color":"var(--ast-global-color-5)","background-image":"","background-repeat":"repeat","background-position":"center center","background-size":"auto","background-attachment":"scroll","background-type":"","background-media":"","overlay-type":"","overlay-color":"","overlay-opacity":"","overlay-gradient":""}},"footnotes":""},"class_list":["post-6737","page","type-page","status-publish","hentry"],"_links":{"self":[{"href":"https:\/\/alerno.de\/tr\/wp-json\/wp\/v2\/pages\/6737","targetHints":{"allow":["GET"]}}],"collection":[{"href":"https:\/\/alerno.de\/tr\/wp-json\/wp\/v2\/pages"}],"about":[{"href":"https:\/\/alerno.de\/tr\/wp-json\/wp\/v2\/types\/page"}],"author":[{"embeddable":true,"href":"https:\/\/alerno.de\/tr\/wp-json\/wp\/v2\/users\/1"}],"replies":[{"embeddable":true,"href":"https:\/\/alerno.de\/tr\/wp-json\/wp\/v2\/comments?post=6737"}],"version-history":[{"count":16,"href":"https:\/\/alerno.de\/tr\/wp-json\/wp\/v2\/pages\/6737\/revisions"}],"predecessor-version":[{"id":51452,"href":"https:\/\/alerno.de\/tr\/wp-json\/wp\/v2\/pages\/6737\/revisions\/51452"}],"wp:attachment":[{"href":"https:\/\/alerno.de\/tr\/wp-json\/wp\/v2\/media?parent=6737"}],"curies":[{"name":"wp","href":"https:\/\/api.w.org\/{rel}","templated":true}]}}