{"id":6656,"date":"2023-01-10T12:04:14","date_gmt":"2023-01-10T11:04:14","guid":{"rendered":"https:\/\/alerno.de\/konusmalar-bremen-gecidi\/"},"modified":"2023-01-17T16:10:53","modified_gmt":"2023-01-17T15:10:53","slug":"konusmalar-bremen-gecidi","status":"publish","type":"page","link":"https:\/\/alerno.de\/tr\/konusmalar-bremen-gecidi\/","title":{"rendered":"Konu\u015fmalar Bremen Ge\u00e7idi"},"content":{"rendered":"\t\t<div data-elementor-type=\"wp-post\" data-elementor-id=\"6656\" class=\"elementor elementor-6656 elementor-1117\" data-elementor-post-type=\"page\">\n\t\t\t\t\t\t<section class=\"elementor-section elementor-top-section elementor-element elementor-element-67e95b4e elementor-section-content-middle elementor-section-boxed elementor-section-height-default elementor-section-height-default\" data-id=\"67e95b4e\" data-element_type=\"section\" data-e-type=\"section\" data-settings=\"{&quot;background_background&quot;:&quot;classic&quot;}\">\n\t\t\t\t\t\t<div class=\"elementor-container elementor-column-gap-no\">\n\t\t\t\t\t<div class=\"elementor-column elementor-col-50 elementor-top-column elementor-element elementor-element-7fe8011\" data-id=\"7fe8011\" data-element_type=\"column\" data-e-type=\"column\" data-settings=\"{&quot;background_background&quot;:&quot;classic&quot;}\">\n\t\t\t<div class=\"elementor-widget-wrap elementor-element-populated\">\n\t\t\t\t\t\t<div class=\"elementor-element elementor-element-671febbd elementor-widget elementor-widget-heading\" data-id=\"671febbd\" data-element_type=\"widget\" data-e-type=\"widget\" data-widget_type=\"heading.default\">\n\t\t\t\t<div class=\"elementor-widget-container\">\n\t\t\t\t\t<h1 class=\"elementor-heading-title elementor-size-default\">Randevular<br>  Bremen Ge\u00e7idi<\/h1>\t\t\t\t<\/div>\n\t\t\t\t<\/div>\n\t\t\t\t<div class=\"elementor-element elementor-element-1453cc30 elementor-widget-divider--view-line elementor-widget elementor-widget-divider\" data-id=\"1453cc30\" data-element_type=\"widget\" data-e-type=\"widget\" data-widget_type=\"divider.default\">\n\t\t\t\t<div class=\"elementor-widget-container\">\n\t\t\t\t\t\t\t<div class=\"elementor-divider\">\n\t\t\t<span class=\"elementor-divider-separator\">\n\t\t\t\t\t\t<\/span>\n\t\t<\/div>\n\t\t\t\t\t\t<\/div>\n\t\t\t\t<\/div>\n\t\t\t\t\t<\/div>\n\t\t<\/div>\n\t\t\t\t<div class=\"elementor-column elementor-col-50 elementor-top-column elementor-element elementor-element-72b76697\" data-id=\"72b76697\" data-element_type=\"column\" data-e-type=\"column\">\n\t\t\t<div class=\"elementor-widget-wrap\">\n\t\t\t\t\t\t\t<\/div>\n\t\t<\/div>\n\t\t\t\t\t<\/div>\n\t\t<\/section>\n\t\t\t\t<section class=\"elementor-section elementor-top-section elementor-element elementor-element-13ffab0b elementor-section-content-middle elementor-section-boxed elementor-section-height-default elementor-section-height-default\" data-id=\"13ffab0b\" data-element_type=\"section\" data-e-type=\"section\" data-settings=\"{&quot;background_background&quot;:&quot;classic&quot;}\">\n\t\t\t\t\t\t\t<div class=\"elementor-background-overlay\"><\/div>\n\t\t\t\t\t\t\t<div class=\"elementor-container elementor-column-gap-no\">\n\t\t\t\t\t<div class=\"elementor-column elementor-col-100 elementor-top-column elementor-element elementor-element-57978a14\" data-id=\"57978a14\" data-element_type=\"column\" data-e-type=\"column\">\n\t\t\t<div class=\"elementor-widget-wrap elementor-element-populated\">\n\t\t\t\t\t\t<div class=\"elementor-element elementor-element-f6f53f5 elementor-widget elementor-widget-text-editor\" data-id=\"f6f53f5\" data-element_type=\"widget\" data-e-type=\"widget\" data-widget_type=\"text-editor.default\">\n\t\t\t\t<div class=\"elementor-widget-container\">\n\t\t\t\t\t\t\t\t\t<p>Sevgili \u00f6\u011frencim,<\/p>\n<p>2022\/23 \u00f6\u011fretim y\u0131l\u0131nda okulunuzda \u00fccretsiz bir \u00f6\u011frenme destek program\u0131na kat\u0131lmak istemenizden memnuniyet duyuyoruz.<\/p>\n<p>Finansman\u0131n ba\u015flang\u0131c\u0131nda, Zoom arac\u0131l\u0131\u011f\u0131yla sizinle k\u0131sa bir dijital \u00f6n g\u00f6r\u00fc\u015fme yapmak istiyoruz. Bu size \u00f6\u011frenme deste\u011fi konusundaki isteklerinizi bize anlatma ve bizi tan\u0131ma f\u0131rsat\u0131 verir. M\u00fclakat ebeveynleriniz\/velileriniz ile birlikte ger\u00e7ekle\u015ftirilir.<\/p>\n<p>L\u00fctfen a\u015fa\u011f\u0131da ebeveynleriniz\/velileriniz ile uygun bir randevu se\u00e7in. Bu tarih ba\u011flay\u0131c\u0131d\u0131r. Tarihten iki g\u00fcn \u00f6nce e-posta ile bir hat\u0131rlatma alacaks\u0131n\u0131z.<\/p>\n<p>Sizi g\u00f6rmek i\u00e7in \u015fimdiden sab\u0131rs\u0131zlan\u0131yoruz!<\/p>\n<p>Alerno ekibiniz<\/p>\n\t\t\t\t\t\t\t\t<\/div>\n\t\t\t\t<\/div>\n\t\t\t\t\t<\/div>\n\t\t<\/div>\n\t\t\t\t\t<\/div>\n\t\t<\/section>\n\t\t\t\t<section class=\"elementor-section elementor-top-section elementor-element elementor-element-e5394f8 elementor-section-boxed elementor-section-height-default elementor-section-height-default\" data-id=\"e5394f8\" data-element_type=\"section\" data-e-type=\"section\">\n\t\t\t\t\t\t<div class=\"elementor-container elementor-column-gap-default\">\n\t\t\t\t\t<div class=\"elementor-column elementor-col-100 elementor-top-column elementor-element elementor-element-73525f8\" data-id=\"73525f8\" data-element_type=\"column\" data-e-type=\"column\">\n\t\t\t<div class=\"elementor-widget-wrap elementor-element-populated\">\n\t\t\t\t\t\t<div class=\"elementor-element elementor-element-825c728 elementor-widget elementor-widget-html\" data-id=\"825c728\" data-element_type=\"widget\" data-e-type=\"widget\" data-widget_type=\"html.default\">\n\t\t\t\t<div class=\"elementor-widget-container\">\n\t\t\t\t\t<!-- Calendly Inline-Widget Beginn -->\n<div class=\"calendly-inline-widget\" data-url=\"https:\/\/calendly.com\/alerno2\/gesprachstermin?hide_event_type_details=1&amp;hide_gdpr_banner=1&amp;primary_color=00ff33\" style=\"min-width:320px;height:630px;\"><\/div>\n<script type=\"text\/javascript\" src=\"https:\/\/assets.calendly.com\/assets\/external\/widget.js\" async=\"\"><\/script>\n<!-- Calendly Inline-Widget Ende -->\t\t\t\t<\/div>\n\t\t\t\t<\/div>\n\t\t\t\t\t<\/div>\n\t\t<\/div>\n\t\t\t\t\t<\/div>\n\t\t<\/section>\n\t\t\t\t<\/div>\n\t\t","protected":false},"excerpt":{"rendered":"<p>Randevular Bremen Ge\u00e7idi Sevgili \u00f6\u011frencim, 2022\/23 \u00f6\u011fretim y\u0131l\u0131nda okulunuzda \u00fccretsiz bir \u00f6\u011frenme destek program\u0131na kat\u0131lmak istemenizden memnuniyet duyuyoruz. Finansman\u0131n ba\u015flang\u0131c\u0131nda, Zoom arac\u0131l\u0131\u011f\u0131yla sizinle k\u0131sa bir dijital \u00f6n g\u00f6r\u00fc\u015fme yapmak istiyoruz. Bu size \u00f6\u011frenme deste\u011fi konusundaki isteklerinizi bize anlatma ve bizi tan\u0131ma f\u0131rsat\u0131 verir. M\u00fclakat ebeveynleriniz\/velileriniz ile birlikte ger\u00e7ekle\u015ftirilir. L\u00fctfen a\u015fa\u011f\u0131da ebeveynleriniz\/velileriniz ile uygun bir randevu [&hellip;]<\/p>\n","protected":false},"author":1,"featured_media":0,"parent":0,"menu_order":0,"comment_status":"closed","ping_status":"closed","template":"","meta":{"_seopress_robots_primary_cat":"","_seopress_titles_title":"","_seopress_titles_desc":"","_seopress_robots_index":"","site-sidebar-layout":"no-sidebar","site-content-layout":"page-builder","ast-site-content-layout":"default","site-content-style":"default","site-sidebar-style":"default","ast-global-header-display":"","ast-banner-title-visibility":"","ast-main-header-display":"","ast-hfb-above-header-display":"","ast-hfb-below-header-display":"","ast-hfb-mobile-header-display":"","site-post-title":"disabled","ast-breadcrumbs-content":"","ast-featured-img":"disabled","footer-sml-layout":"","ast-disable-related-posts":"","theme-transparent-header-meta":"default","adv-header-id-meta":"","stick-header-meta":"","header-above-stick-meta":"","header-main-stick-meta":"","header-below-stick-meta":"","astra-migrate-meta-layouts":"default","ast-page-background-enabled":"default","ast-page-background-meta":{"desktop":{"background-color":"","background-image":"","background-repeat":"repeat","background-position":"center center","background-size":"auto","background-attachment":"scroll","background-type":"","background-media":"","overlay-type":"","overlay-color":"","overlay-opacity":"","overlay-gradient":""},"tablet":{"background-color":"","background-image":"","background-repeat":"repeat","background-position":"center center","background-size":"auto","background-attachment":"scroll","background-type":"","background-media":"","overlay-type":"","overlay-color":"","overlay-opacity":"","overlay-gradient":""},"mobile":{"background-color":"","background-image":"","background-repeat":"repeat","background-position":"center center","background-size":"auto","background-attachment":"scroll","background-type":"","background-media":"","overlay-type":"","overlay-color":"","overlay-opacity":"","overlay-gradient":""}},"ast-content-background-meta":{"desktop":{"background-color":"var(--ast-global-color-5)","background-image":"","background-repeat":"repeat","background-position":"center center","background-size":"auto","background-attachment":"scroll","background-type":"","background-media":"","overlay-type":"","overlay-color":"","overlay-opacity":"","overlay-gradient":""},"tablet":{"background-color":"var(--ast-global-color-5)","background-image":"","background-repeat":"repeat","background-position":"center center","background-size":"auto","background-attachment":"scroll","background-type":"","background-media":"","overlay-type":"","overlay-color":"","overlay-opacity":"","overlay-gradient":""},"mobile":{"background-color":"var(--ast-global-color-5)","background-image":"","background-repeat":"repeat","background-position":"center center","background-size":"auto","background-attachment":"scroll","background-type":"","background-media":"","overlay-type":"","overlay-color":"","overlay-opacity":"","overlay-gradient":""}},"footnotes":""},"class_list":["post-6656","page","type-page","status-publish","hentry"],"_links":{"self":[{"href":"https:\/\/alerno.de\/tr\/wp-json\/wp\/v2\/pages\/6656","targetHints":{"allow":["GET"]}}],"collection":[{"href":"https:\/\/alerno.de\/tr\/wp-json\/wp\/v2\/pages"}],"about":[{"href":"https:\/\/alerno.de\/tr\/wp-json\/wp\/v2\/types\/page"}],"author":[{"embeddable":true,"href":"https:\/\/alerno.de\/tr\/wp-json\/wp\/v2\/users\/1"}],"replies":[{"embeddable":true,"href":"https:\/\/alerno.de\/tr\/wp-json\/wp\/v2\/comments?post=6656"}],"version-history":[{"count":5,"href":"https:\/\/alerno.de\/tr\/wp-json\/wp\/v2\/pages\/6656\/revisions"}],"predecessor-version":[{"id":6718,"href":"https:\/\/alerno.de\/tr\/wp-json\/wp\/v2\/pages\/6656\/revisions\/6718"}],"wp:attachment":[{"href":"https:\/\/alerno.de\/tr\/wp-json\/wp\/v2\/media?parent=6656"}],"curies":[{"name":"wp","href":"https:\/\/api.w.org\/{rel}","templated":true}]}}