{"id":43456,"date":"2025-05-07T12:18:56","date_gmt":"2025-05-07T10:18:56","guid":{"rendered":"https:\/\/alerno.de\/tatil-kurslari-2025\/"},"modified":"2025-06-17T09:46:59","modified_gmt":"2025-06-17T07:46:59","slug":"tatil-kurslari-2025","status":"publish","type":"page","link":"https:\/\/alerno.de\/tr\/tatil-kurslari-2025\/","title":{"rendered":"Tatil kurslar\u0131-2025"},"content":{"rendered":"\t\t<div data-elementor-type=\"wp-page\" data-elementor-id=\"43456\" class=\"elementor elementor-43456 elementor-43221\" data-elementor-post-type=\"page\">\n\t\t\t\t\t\t<section class=\"elementor-section elementor-top-section elementor-element elementor-element-5cd9faa elementor-section-boxed elementor-section-height-default elementor-section-height-default\" data-id=\"5cd9faa\" data-element_type=\"section\" data-e-type=\"section\">\n\t\t\t\t\t\t<div class=\"elementor-container elementor-column-gap-default\">\n\t\t\t\t\t<div class=\"elementor-column elementor-col-100 elementor-top-column elementor-element elementor-element-aab293f\" data-id=\"aab293f\" data-element_type=\"column\" data-e-type=\"column\">\n\t\t\t<div class=\"elementor-widget-wrap elementor-element-populated\">\n\t\t\t\t\t\t<div class=\"elementor-element elementor-element-d0416b3 elementor-widget elementor-widget-heading\" data-id=\"d0416b3\" data-element_type=\"widget\" data-e-type=\"widget\" data-widget_type=\"heading.default\">\n\t\t\t\t<div class=\"elementor-widget-container\">\n\t\t\t\t\t<h2 class=\"elementor-heading-title elementor-size-default\">Tatil kurslar\u0131 2025<\/h2>\t\t\t\t<\/div>\n\t\t\t\t<\/div>\n\t\t\t\t\t<\/div>\n\t\t<\/div>\n\t\t\t\t\t<\/div>\n\t\t<\/section>\n\t\t\t\t<section class=\"elementor-section elementor-top-section elementor-element elementor-element-86fb2c6 elementor-section-boxed elementor-section-height-default elementor-section-height-default\" data-id=\"86fb2c6\" data-element_type=\"section\" data-e-type=\"section\">\n\t\t\t\t\t\t<div class=\"elementor-container elementor-column-gap-default\">\n\t\t\t\t\t<div class=\"elementor-column elementor-col-100 elementor-top-column elementor-element elementor-element-8d0e0ae\" data-id=\"8d0e0ae\" data-element_type=\"column\" data-e-type=\"column\">\n\t\t\t<div class=\"elementor-widget-wrap elementor-element-populated\">\n\t\t\t\t\t\t<div class=\"elementor-element elementor-element-efecd73 elementor-widget elementor-widget-text-editor\" data-id=\"efecd73\" data-element_type=\"widget\" data-e-type=\"widget\" data-widget_type=\"text-editor.default\">\n\t\t\t\t<div class=\"elementor-widget-container\">\n\t\t\t\t\t\t\t\t\t<p>Sevgili veliler,<br>Yaz tatilleri, \u00f6\u011frenme materyallerini peki\u015ftirmek ve yeni e\u011fitim y\u0131l\u0131na haz\u0131rl\u0131kl\u0131 ba\u015flamak i\u00e7in iyi bir f\u0131rsatt\u0131r. <strong>Tatil kurslar\u0131m\u0131zla<\/strong> tam da bunu m\u00fcmk\u00fcn k\u0131lmak istiyoruz. <\/p><p><strong>Kimler kat\u0131labilir?<\/strong><\/p><p>\u015eu anda alerno \u00f6zel dersine kat\u0131lan <strong>Bremen Pass<\/strong> sahibi \u00f6\u011frenciler alerno tatil kurslar\u0131na kay\u0131t yapt\u0131rabilirler:<\/p><ul><li><strong>Haftada<\/strong> bir <strong>d\u00fczenli grup dersine<\/strong> (bir ders) kat\u0131lan \u00f6\u011frenciler, ayn\u0131 dersten <strong>bir tatil kursu haftas\u0131<\/strong> alma hakk\u0131na sahiptir.<\/li><li><strong>Haftada iki grup dersi<\/strong> ile ilgili konularda <strong>iki tatil kursuna<\/strong> kat\u0131labilirsiniz.<\/li><\/ul><p><strong>Kurs saatleri ve s\u00fcresi<\/strong><\/p><p>Tatil kurslar\u0131 <strong>Pazartesi \u201cden Cuma\u201d ya sabahlar\u0131 ger\u00e7ekle\u015f<\/strong> mekte ve her biri <strong>90 dakika<\/strong> s\u00fcrmektedir.<br><strong>Ba\u015flang\u0131\u00e7 saatleri:<\/strong> 10:00 veya 11:30 (\u00f6n se\u00e7im m\u00fcmk\u00fcn de\u011fildir). Kesin zaman size zaman\u0131nda bildirilecektir - de\u011fi\u015fiklik talepleri daha sonra de\u011ferlendirilebilir. <\/p><p><strong>Tatil kurslar\u0131n\u0131n tarihleri<\/strong><\/p><ul><li><strong>1. tatil kursu haftas\u0131:<\/strong> 28.07.2025 - 01.08.2025<\/li><li><strong>Tatil kursunun 2. haftas\u0131:<\/strong> 04.08.2025 - 08.08.2025<\/li><\/ul>\t\t\t\t\t\t\t\t<\/div>\n\t\t\t\t<\/div>\n\t\t\t\t\t<\/div>\n\t\t<\/div>\n\t\t\t\t\t<\/div>\n\t\t<\/section>\n\t\t\t\t<section class=\"elementor-section elementor-top-section elementor-element elementor-element-26c60f8 elementor-section-boxed elementor-section-height-default elementor-section-height-default\" data-id=\"26c60f8\" data-element_type=\"section\" data-e-type=\"section\">\n\t\t\t\t\t\t<div class=\"elementor-container elementor-column-gap-default\">\n\t\t\t\t\t<div class=\"elementor-column elementor-col-100 elementor-top-column elementor-element elementor-element-4798975\" data-id=\"4798975\" data-element_type=\"column\" data-e-type=\"column\">\n\t\t\t<div class=\"elementor-widget-wrap elementor-element-populated\">\n\t\t\t\t\t\t<div class=\"elementor-element elementor-element-86df482 elementor-widget elementor-widget-html\" data-id=\"86df482\" data-element_type=\"widget\" data-e-type=\"widget\" data-widget_type=\"html.default\">\n\t\t\t\t<div class=\"elementor-widget-container\">\n\t\t\t\t\t<iframe src=\"https:\/\/forms.monday.com\/forms\/embed\/f182321e01baf2df82dc7a910830cfcc?r=use1\" width=\"650\" height=\"2300\" style=\"border: 0; box-shadow: 5px 5px 56px 0px rgba(0,0,0,0.25);\"><\/iframe>\t\t\t\t<\/div>\n\t\t\t\t<\/div>\n\t\t\t\t\t<\/div>\n\t\t<\/div>\n\t\t\t\t\t<\/div>\n\t\t<\/section>\n\t\t\t\t<\/div>\n\t\t","protected":false},"excerpt":{"rendered":"<p>Tatil kurslar\u0131 2025 Sevgili veliler,Yaz tatilleri, \u00f6\u011frenme materyallerini peki\u015ftirmek ve yeni e\u011fitim y\u0131l\u0131na haz\u0131rl\u0131kl\u0131 ba\u015flamak i\u00e7in iyi bir f\u0131rsatt\u0131r. Tatil kurslar\u0131m\u0131zla tam da bunu m\u00fcmk\u00fcn k\u0131lmak istiyoruz. Kimler kat\u0131labilir? \u015eu anda alerno \u00f6zel dersine kat\u0131lan Bremen Pass sahibi \u00f6\u011frenciler alerno tatil kurslar\u0131na kay\u0131t yapt\u0131rabilirler: Haftada bir d\u00fczenli grup dersine (bir ders) kat\u0131lan \u00f6\u011frenciler, ayn\u0131 dersten [&hellip;]<\/p>\n","protected":false},"author":1,"featured_media":0,"parent":0,"menu_order":0,"comment_status":"closed","ping_status":"closed","template":"","meta":{"_seopress_robots_primary_cat":"","_seopress_titles_title":"","_seopress_titles_desc":"","_seopress_robots_index":"","site-sidebar-layout":"no-sidebar","site-content-layout":"page-builder","ast-site-content-layout":"full-width-container","site-content-style":"default","site-sidebar-style":"default","ast-global-header-display":"","ast-banner-title-visibility":"","ast-main-header-display":"","ast-hfb-above-header-display":"","ast-hfb-below-header-display":"","ast-hfb-mobile-header-display":"","site-post-title":"disabled","ast-breadcrumbs-content":"","ast-featured-img":"disabled","footer-sml-layout":"","ast-disable-related-posts":"","theme-transparent-header-meta":"default","adv-header-id-meta":"","stick-header-meta":"","header-above-stick-meta":"","header-main-stick-meta":"","header-below-stick-meta":"","astra-migrate-meta-layouts":"default","ast-page-background-enabled":"default","ast-page-background-meta":{"desktop":{"background-color":"","background-image":"","background-repeat":"repeat","background-position":"center center","background-size":"auto","background-attachment":"scroll","background-type":"","background-media":"","overlay-type":"","overlay-color":"","overlay-opacity":"","overlay-gradient":""},"tablet":{"background-color":"","background-image":"","background-repeat":"repeat","background-position":"center center","background-size":"auto","background-attachment":"scroll","background-type":"","background-media":"","overlay-type":"","overlay-color":"","overlay-opacity":"","overlay-gradient":""},"mobile":{"background-color":"","background-image":"","background-repeat":"repeat","background-position":"center center","background-size":"auto","background-attachment":"scroll","background-type":"","background-media":"","overlay-type":"","overlay-color":"","overlay-opacity":"","overlay-gradient":""}},"ast-content-background-meta":{"desktop":{"background-color":"var(--ast-global-color-5)","background-image":"","background-repeat":"repeat","background-position":"center center","background-size":"auto","background-attachment":"scroll","background-type":"","background-media":"","overlay-type":"","overlay-color":"","overlay-opacity":"","overlay-gradient":""},"tablet":{"background-color":"var(--ast-global-color-5)","background-image":"","background-repeat":"repeat","background-position":"center center","background-size":"auto","background-attachment":"scroll","background-type":"","background-media":"","overlay-type":"","overlay-color":"","overlay-opacity":"","overlay-gradient":""},"mobile":{"background-color":"var(--ast-global-color-5)","background-image":"","background-repeat":"repeat","background-position":"center center","background-size":"auto","background-attachment":"scroll","background-type":"","background-media":"","overlay-type":"","overlay-color":"","overlay-opacity":"","overlay-gradient":""}},"footnotes":""},"class_list":["post-43456","page","type-page","status-publish","hentry"],"_links":{"self":[{"href":"https:\/\/alerno.de\/tr\/wp-json\/wp\/v2\/pages\/43456","targetHints":{"allow":["GET"]}}],"collection":[{"href":"https:\/\/alerno.de\/tr\/wp-json\/wp\/v2\/pages"}],"about":[{"href":"https:\/\/alerno.de\/tr\/wp-json\/wp\/v2\/types\/page"}],"author":[{"embeddable":true,"href":"https:\/\/alerno.de\/tr\/wp-json\/wp\/v2\/users\/1"}],"replies":[{"embeddable":true,"href":"https:\/\/alerno.de\/tr\/wp-json\/wp\/v2\/comments?post=43456"}],"version-history":[{"count":1,"href":"https:\/\/alerno.de\/tr\/wp-json\/wp\/v2\/pages\/43456\/revisions"}],"predecessor-version":[{"id":43457,"href":"https:\/\/alerno.de\/tr\/wp-json\/wp\/v2\/pages\/43456\/revisions\/43457"}],"wp:attachment":[{"href":"https:\/\/alerno.de\/tr\/wp-json\/wp\/v2\/media?parent=43456"}],"curies":[{"name":"wp","href":"https:\/\/api.w.org\/{rel}","templated":true}]}}