{"id":6847,"date":"2022-11-28T10:39:04","date_gmt":"2022-11-28T09:39:04","guid":{"rendered":"https:\/\/alerno.de\/%d0%be%d0%b1%d1%83%d1%87%d0%b0%d1%8e%d1%89%d0%b8%d0%b9-%d1%82%d1%80%d0%b5%d0%bd%d0%b8%d0%bd%d0%b3\/"},"modified":"2023-01-17T19:44:19","modified_gmt":"2023-01-17T18:44:19","slug":"%d0%be%d0%b1%d1%83%d1%87%d0%b0%d1%8e%d1%89%d0%b8%d0%b9-%d1%82%d1%80%d0%b5%d0%bd%d0%b8%d0%bd%d0%b3","status":"publish","type":"page","link":"https:\/\/alerno.de\/ru\/%d0%be%d0%b1%d1%83%d1%87%d0%b0%d1%8e%d1%89%d0%b8%d0%b9-%d1%82%d1%80%d0%b5%d0%bd%d0%b8%d0%bd%d0%b3\/","title":{"rendered":"\u041e\u0431\u0443\u0447\u0430\u044e\u0449\u0438\u0439 \u0442\u0440\u0435\u043d\u0438\u043d\u0433"},"content":{"rendered":"\t\t<div data-elementor-type=\"wp-page\" data-elementor-id=\"6847\" class=\"elementor elementor-6847 elementor-594\" data-elementor-post-type=\"page\">\n\t\t\t\t\t\t<section class=\"elementor-section elementor-top-section elementor-element elementor-element-811a277 elementor-section-content-middle elementor-section-boxed elementor-section-height-default elementor-section-height-default\" data-id=\"811a277\" data-element_type=\"section\" data-e-type=\"section\" data-settings=\"{&quot;background_background&quot;:&quot;classic&quot;}\">\n\t\t\t\t\t\t<div class=\"elementor-container elementor-column-gap-no\">\n\t\t\t\t\t<div class=\"elementor-column elementor-col-50 elementor-top-column elementor-element elementor-element-3e2095f\" data-id=\"3e2095f\" data-element_type=\"column\" data-e-type=\"column\" data-settings=\"{&quot;background_background&quot;:&quot;classic&quot;}\">\n\t\t\t<div class=\"elementor-widget-wrap elementor-element-populated\">\n\t\t\t\t\t\t<div class=\"elementor-element elementor-element-cabbf0e elementor-widget elementor-widget-heading\" data-id=\"cabbf0e\" data-element_type=\"widget\" data-e-type=\"widget\" data-widget_type=\"heading.default\">\n\t\t\t\t<div class=\"elementor-widget-container\">\n\t\t\t\t\t<h1 class=\"elementor-heading-title elementor-size-default\">Lerntherapie<\/h1>\t\t\t\t<\/div>\n\t\t\t\t<\/div>\n\t\t\t\t<div class=\"elementor-element elementor-element-306cd78 elementor-widget-divider--view-line elementor-widget elementor-widget-divider\" data-id=\"306cd78\" data-element_type=\"widget\" data-e-type=\"widget\" data-widget_type=\"divider.default\">\n\t\t\t\t<div class=\"elementor-widget-container\">\n\t\t\t\t\t\t\t<div class=\"elementor-divider\">\n\t\t\t<span class=\"elementor-divider-separator\">\n\t\t\t\t\t\t<\/span>\n\t\t<\/div>\n\t\t\t\t\t\t<\/div>\n\t\t\t\t<\/div>\n\t\t\t\t\t<\/div>\n\t\t<\/div>\n\t\t\t\t<div class=\"elementor-column elementor-col-50 elementor-top-column elementor-element elementor-element-a61054b\" data-id=\"a61054b\" data-element_type=\"column\" data-e-type=\"column\">\n\t\t\t<div class=\"elementor-widget-wrap\">\n\t\t\t\t\t\t\t<\/div>\n\t\t<\/div>\n\t\t\t\t\t<\/div>\n\t\t<\/section>\n\t\t\t\t<section class=\"elementor-section elementor-top-section elementor-element elementor-element-584f911 elementor-section-boxed elementor-section-height-default elementor-section-height-default\" data-id=\"584f911\" data-element_type=\"section\" data-e-type=\"section\" data-settings=\"{&quot;background_background&quot;:&quot;classic&quot;}\">\n\t\t\t\t\t\t<div class=\"elementor-container elementor-column-gap-default\">\n\t\t\t\t\t<div class=\"elementor-column elementor-col-100 elementor-top-column elementor-element elementor-element-84f3d20\" data-id=\"84f3d20\" data-element_type=\"column\" data-e-type=\"column\">\n\t\t\t<div class=\"elementor-widget-wrap elementor-element-populated\">\n\t\t\t\t\t\t<div class=\"elementor-element elementor-element-106345a elementor-widget elementor-widget-spacer\" data-id=\"106345a\" data-element_type=\"widget\" data-e-type=\"widget\" data-widget_type=\"spacer.default\">\n\t\t\t\t<div class=\"elementor-widget-container\">\n\t\t\t\t\t\t\t<div class=\"elementor-spacer\">\n\t\t\t<div class=\"elementor-spacer-inner\"><\/div>\n\t\t<\/div>\n\t\t\t\t\t\t<\/div>\n\t\t\t\t<\/div>\n\t\t\t\t\t<\/div>\n\t\t<\/div>\n\t\t\t\t\t<\/div>\n\t\t<\/section>\n\t\t\t\t<section class=\"elementor-section elementor-top-section elementor-element elementor-element-5eac0c0 elementor-section-boxed elementor-section-height-default elementor-section-height-default\" data-id=\"5eac0c0\" data-element_type=\"section\" data-e-type=\"section\">\n\t\t\t\t\t\t<div class=\"elementor-container elementor-column-gap-default\">\n\t\t\t\t\t<div class=\"elementor-column elementor-col-100 elementor-top-column elementor-element elementor-element-c0a42c7\" data-id=\"c0a42c7\" data-element_type=\"column\" data-e-type=\"column\">\n\t\t\t<div class=\"elementor-widget-wrap elementor-element-populated\">\n\t\t\t\t\t\t<div class=\"elementor-element elementor-element-3d0f124 elementor-widget elementor-widget-heading\" data-id=\"3d0f124\" data-element_type=\"widget\" data-e-type=\"widget\" data-widget_type=\"heading.default\">\n\t\t\t\t<div class=\"elementor-widget-container\">\n\t\t\t\t\t<h1 class=\"elementor-heading-title elementor-size-default\">Lese-Rechtschreib- und Rechenschw\u00e4che<\/h1>\t\t\t\t<\/div>\n\t\t\t\t<\/div>\n\t\t\t\t\t<\/div>\n\t\t<\/div>\n\t\t\t\t\t<\/div>\n\t\t<\/section>\n\t\t\t\t<section class=\"elementor-section elementor-top-section elementor-element elementor-element-bf7defa elementor-section-boxed elementor-section-height-default elementor-section-height-default\" data-id=\"bf7defa\" data-element_type=\"section\" data-e-type=\"section\">\n\t\t\t\t\t\t<div class=\"elementor-container elementor-column-gap-default\">\n\t\t\t\t\t<div class=\"elementor-column elementor-col-100 elementor-top-column elementor-element elementor-element-53ef57f\" data-id=\"53ef57f\" data-element_type=\"column\" data-e-type=\"column\">\n\t\t\t<div class=\"elementor-widget-wrap elementor-element-populated\">\n\t\t\t\t\t\t<div class=\"elementor-element elementor-element-85f5f9b elementor-widget elementor-widget-text-editor\" data-id=\"85f5f9b\" data-element_type=\"widget\" data-e-type=\"widget\" data-widget_type=\"text-editor.default\">\n\t\t\t\t<div class=\"elementor-widget-container\">\n\t\t\t\t\t\t\t\t\t<p>Manchmal reicht die regul\u00e4re Nachhilfe nicht aus, um das Klassenziel zu erreichen, weil aufgrund einer LRS, einer isolierten Rechtschreibschw\u00e4che oder einer Rechenschw\u00e4che die gestellten Aufgaben nicht norm- oder altersgerecht bearbeitet werden k\u00f6nnen.<\/p>\n<p>Wir von alerno haben jahrzehntelange Erfahrung in der Nachhilfe und wissen, dass mithilfe einer individuellen F\u00f6rderung auch bei gr\u00f6\u00dferen Schwierigkeiten eine deutliche Verbesserung der Leistungen erreicht werden kann.<\/p>\n<h2><strong><em>Rechtschreibung und Lesen<\/em><\/strong><\/h2>\n<p>Bereits 325.000 Sch\u00fcler*Innen konnten mit dem wissenschaftlich fundierten Konzept des Lernservers M\u00fcnster ihre Leistungen verbessern, sodass wir uns entschieden haben, diese Kompetenz zu nutzen, um auch unseren Sch\u00fcler*Innen die M\u00f6glichkeit zu bieten, ihre Leistungen zu optimieren.<\/p>\n<h2><strong><em>Rechnen<\/em><\/strong><\/h2>\n<p><strong><em>&nbsp;<\/em><\/strong>Dar\u00fcber hinaus f\u00f6rdern wir mit dem Rechentraining Tigro (<strong>T<\/strong>raining <strong>i<\/strong>n <strong>G<\/strong>rundrechen<strong>o<\/strong>ptionen) Sch\u00fcler*Innen mit einer Rechenschw\u00e4che. Dieses F\u00f6rderprogramm wurde im Zentrum f\u00fcr Lernen und Lernst\u00f6rungen des Institutes f\u00fcr Psychologie der UMIT in Tirol entwickelt und hat sich vielfach bew\u00e4hrt.<\/p>\n<h3><strong><em>Wie f\u00f6rdern wir bei alerno Sch\u00fcler*Innen mit einer Lernschw\u00e4che genau?<\/em><\/strong><strong><em>&nbsp;<\/em><\/strong><\/h3>\n<ul>\n<li>Ein Erstgespr\u00e4ch zur Analyse der Istsituation ist die Basis f\u00fcr alle weiteren Schritte. Hier wird festgehalten, wie hoch der F\u00f6rderbedarf ist und in welchem Zeitraum und Umfang gef\u00f6rdert werden soll.<\/li>\n<li>Anschlie\u00dfend erstellen wir eine differenzierte Fehleranalyse, die das Fundament eines passgenauen Lerntrainings darstellt.<\/li>\n<li>Mit zielgerichtetem Aufgabenmaterial wird jeder Sch\u00fcler \/ jede Sch\u00fclerin individuell gef\u00f6rdert.<\/li>\n<li>Zur F\u00f6rderung der Aufmerksamkeit sowie der kognitiven Flexibilit\u00e4t wird das Lernen w\u00e4hrend einer Unterrichtseinheit mithilfe themenbezogener Spiele unterst\u00fctzt.<\/li>\n<li>Lerntipps erleichtern das Lernen zu Hause und erm\u00f6glichen ein strukturiertes und effizientes Vorgehen bei der Bearbeitung der Schulaufgaben.<\/li>\n<\/ul>\n<p>Unsere Kunden erhalten einen detaillierten Bericht zur Fehleranalyse und in regelm\u00e4\u00dfigen Abst\u00e4nden einen Report \u00fcber den Lernstand.<\/p>\n<p>Jedes Kind kann lesen, schreiben und rechnen lernen, es ist lediglich eine Frage, wie das zu Erlernende vermittelt wird. Wir unterst\u00fctzen unsere Kunden mit Kompetenz und Freude darin, eine geeignete Methode des Lernens zu finden und anzuwenden, um ihre Leistungen zu verbessern und Spa\u00df an dem Erlernten zu haben.<\/p>\n<p><strong>Denn wie bereits Galileo Galilei sagte:<\/strong><\/p>\n<p>&nbsp;&nbsp;&nbsp;&nbsp;&nbsp;&nbsp;&nbsp;&nbsp;&nbsp;&nbsp;&nbsp; \u201e<em>Man kann einen Menschen nichts lehren, man kann ihm nur helfen, es in sich selbst zu entdecken<\/em>\u201c.<\/p>\t\t\t\t\t\t\t\t<\/div>\n\t\t\t\t<\/div>\n\t\t\t\t\t<\/div>\n\t\t<\/div>\n\t\t\t\t\t<\/div>\n\t\t<\/section>\n\t\t\t\t<section class=\"elementor-section elementor-top-section elementor-element elementor-element-395e640 elementor-section-boxed elementor-section-height-default elementor-section-height-default\" data-id=\"395e640\" data-element_type=\"section\" data-e-type=\"section\">\n\t\t\t\t\t\t<div class=\"elementor-container elementor-column-gap-default\">\n\t\t\t\t\t<div class=\"elementor-column elementor-col-100 elementor-top-column elementor-element elementor-element-b09f9ef\" data-id=\"b09f9ef\" data-element_type=\"column\" data-e-type=\"column\">\n\t\t\t<div class=\"elementor-widget-wrap elementor-element-populated\">\n\t\t\t\t\t\t<section class=\"elementor-section elementor-inner-section elementor-element elementor-element-8d79060 elementor-section-boxed elementor-section-height-default elementor-section-height-default\" data-id=\"8d79060\" data-element_type=\"section\" data-e-type=\"section\">\n\t\t\t\t\t\t<div class=\"elementor-container elementor-column-gap-default\">\n\t\t\t\t\t<div class=\"elementor-column elementor-col-33 elementor-inner-column elementor-element elementor-element-0c45846\" data-id=\"0c45846\" data-element_type=\"column\" data-e-type=\"column\">\n\t\t\t<div class=\"elementor-widget-wrap elementor-element-populated\">\n\t\t\t\t\t\t<div class=\"elementor-element elementor-element-6e1bb5d elementor-align-center elementor-widget elementor-widget-button\" data-id=\"6e1bb5d\" data-element_type=\"widget\" data-e-type=\"widget\" data-widget_type=\"button.default\">\n\t\t\t\t<div class=\"elementor-widget-container\">\n\t\t\t\t\t\t\t\t\t<div class=\"elementor-button-wrapper\">\n\t\t\t\t\t<a class=\"elementor-button elementor-button-link elementor-size-sm\" href=\"https:\/\/alerno.de\/ru\/%d0%bc%d0%b5%d1%81%d1%82%d0%b0\/\">\n\t\t\t\t\t\t<span class=\"elementor-button-content-wrapper\">\n\t\t\t\t\t\t\t\t\t<span class=\"elementor-button-text\">n\u00e4chsten Standort finden<\/span>\n\t\t\t\t\t<\/span>\n\t\t\t\t\t<\/a>\n\t\t\t\t<\/div>\n\t\t\t\t\t\t\t\t<\/div>\n\t\t\t\t<\/div>\n\t\t\t\t\t<\/div>\n\t\t<\/div>\n\t\t\t\t<div class=\"elementor-column elementor-col-33 elementor-inner-column elementor-element elementor-element-fab0213\" data-id=\"fab0213\" data-element_type=\"column\" data-e-type=\"column\">\n\t\t\t<div class=\"elementor-widget-wrap elementor-element-populated\">\n\t\t\t\t\t\t<div class=\"elementor-element elementor-element-174fed0 elementor-align-center elementor-widget elementor-widget-button\" data-id=\"174fed0\" data-element_type=\"widget\" data-e-type=\"widget\" data-widget_type=\"button.default\">\n\t\t\t\t<div class=\"elementor-widget-container\">\n\t\t\t\t\t\t\t\t\t<div class=\"elementor-button-wrapper\">\n\t\t\t\t\t<a class=\"elementor-button elementor-button-link elementor-size-sm\" href=\"https:\/\/alerno.de\/ru\/%d1%81%d0%b2%d1%8f%d0%b7%d0%b0%d1%82%d1%8c%d1%81%d1%8f-%d1%81\/\" target=\"_blank\">\n\t\t\t\t\t\t<span class=\"elementor-button-content-wrapper\">\n\t\t\t\t\t\t\t\t\t<span class=\"elementor-button-text\">Kontakt<\/span>\n\t\t\t\t\t<\/span>\n\t\t\t\t\t<\/a>\n\t\t\t\t<\/div>\n\t\t\t\t\t\t\t\t<\/div>\n\t\t\t\t<\/div>\n\t\t\t\t\t<\/div>\n\t\t<\/div>\n\t\t\t\t<div class=\"elementor-column elementor-col-33 elementor-inner-column elementor-element elementor-element-c728c62\" data-id=\"c728c62\" data-element_type=\"column\" data-e-type=\"column\">\n\t\t\t<div class=\"elementor-widget-wrap elementor-element-populated\">\n\t\t\t\t\t\t<div class=\"elementor-element elementor-element-ad69195 elementor-align-center elementor-widget elementor-widget-button\" data-id=\"ad69195\" data-element_type=\"widget\" data-e-type=\"widget\" data-widget_type=\"button.default\">\n\t\t\t\t<div class=\"elementor-widget-container\">\n\t\t\t\t\t\t\t\t\t<div class=\"elementor-button-wrapper\">\n\t\t\t\t\t<a class=\"elementor-button elementor-button-link elementor-size-sm\" href=\"tel:08001414146\">\n\t\t\t\t\t\t<span class=\"elementor-button-content-wrapper\">\n\t\t\t\t\t\t\t\t\t<span class=\"elementor-button-text\">24\/7 Hotline: 0800 - 14 14 14 6<\/span>\n\t\t\t\t\t<\/span>\n\t\t\t\t\t<\/a>\n\t\t\t\t<\/div>\n\t\t\t\t\t\t\t\t<\/div>\n\t\t\t\t<\/div>\n\t\t\t\t\t<\/div>\n\t\t<\/div>\n\t\t\t\t\t<\/div>\n\t\t<\/section>\n\t\t\t\t\t<\/div>\n\t\t<\/div>\n\t\t\t\t\t<\/div>\n\t\t<\/section>\n\t\t\t\t<\/div>\n\t\t","protected":false},"excerpt":{"rendered":"<p>Lerntherapie Lese-Rechtschreib- und Rechenschw\u00e4che Manchmal reicht die regul\u00e4re Nachhilfe nicht aus, um das Klassenziel zu erreichen, weil aufgrund einer LRS, einer isolierten Rechtschreibschw\u00e4che oder einer Rechenschw\u00e4che die gestellten Aufgaben nicht norm- oder altersgerecht bearbeitet werden k\u00f6nnen. Wir von alerno haben jahrzehntelange Erfahrung in der Nachhilfe und wissen, dass mithilfe einer individuellen F\u00f6rderung auch bei gr\u00f6\u00dferen [&hellip;]<\/p>\n","protected":false},"author":1,"featured_media":0,"parent":0,"menu_order":0,"comment_status":"closed","ping_status":"closed","template":"","meta":{"_seopress_robots_primary_cat":"","_seopress_titles_title":"","_seopress_titles_desc":"","_seopress_robots_index":"","site-sidebar-layout":"no-sidebar","site-content-layout":"page-builder","ast-site-content-layout":"default","site-content-style":"default","site-sidebar-style":"default","ast-global-header-display":"","ast-banner-title-visibility":"","ast-main-header-display":"","ast-hfb-above-header-display":"","ast-hfb-below-header-display":"","ast-hfb-mobile-header-display":"","site-post-title":"disabled","ast-breadcrumbs-content":"","ast-featured-img":"disabled","footer-sml-layout":"","ast-disable-related-posts":"","theme-transparent-header-meta":"default","adv-header-id-meta":"","stick-header-meta":"","header-above-stick-meta":"","header-main-stick-meta":"","header-below-stick-meta":"","astra-migrate-meta-layouts":"default","ast-page-background-enabled":"default","ast-page-background-meta":{"desktop":{"background-color":"","background-image":"","background-repeat":"repeat","background-position":"center center","background-size":"auto","background-attachment":"scroll","background-type":"","background-media":"","overlay-type":"","overlay-color":"","overlay-opacity":"","overlay-gradient":""},"tablet":{"background-color":"","background-image":"","background-repeat":"repeat","background-position":"center center","background-size":"auto","background-attachment":"scroll","background-type":"","background-media":"","overlay-type":"","overlay-color":"","overlay-opacity":"","overlay-gradient":""},"mobile":{"background-color":"","background-image":"","background-repeat":"repeat","background-position":"center center","background-size":"auto","background-attachment":"scroll","background-type":"","background-media":"","overlay-type":"","overlay-color":"","overlay-opacity":"","overlay-gradient":""}},"ast-content-background-meta":{"desktop":{"background-color":"var(--ast-global-color-5)","background-image":"","background-repeat":"repeat","background-position":"center center","background-size":"auto","background-attachment":"scroll","background-type":"","background-media":"","overlay-type":"","overlay-color":"","overlay-opacity":"","overlay-gradient":""},"tablet":{"background-color":"var(--ast-global-color-5)","background-image":"","background-repeat":"repeat","background-position":"center center","background-size":"auto","background-attachment":"scroll","background-type":"","background-media":"","overlay-type":"","overlay-color":"","overlay-opacity":"","overlay-gradient":""},"mobile":{"background-color":"var(--ast-global-color-5)","background-image":"","background-repeat":"repeat","background-position":"center center","background-size":"auto","background-attachment":"scroll","background-type":"","background-media":"","overlay-type":"","overlay-color":"","overlay-opacity":"","overlay-gradient":""}},"footnotes":""},"class_list":["post-6847","page","type-page","status-publish","hentry"],"_links":{"self":[{"href":"https:\/\/alerno.de\/ru\/wp-json\/wp\/v2\/pages\/6847","targetHints":{"allow":["GET"]}}],"collection":[{"href":"https:\/\/alerno.de\/ru\/wp-json\/wp\/v2\/pages"}],"about":[{"href":"https:\/\/alerno.de\/ru\/wp-json\/wp\/v2\/types\/page"}],"author":[{"embeddable":true,"href":"https:\/\/alerno.de\/ru\/wp-json\/wp\/v2\/users\/1"}],"replies":[{"embeddable":true,"href":"https:\/\/alerno.de\/ru\/wp-json\/wp\/v2\/comments?post=6847"}],"version-history":[{"count":6,"href":"https:\/\/alerno.de\/ru\/wp-json\/wp\/v2\/pages\/6847\/revisions"}],"predecessor-version":[{"id":7562,"href":"https:\/\/alerno.de\/ru\/wp-json\/wp\/v2\/pages\/6847\/revisions\/7562"}],"wp:attachment":[{"href":"https:\/\/alerno.de\/ru\/wp-json\/wp\/v2\/media?parent=6847"}],"curies":[{"name":"wp","href":"https:\/\/api.w.org\/{rel}","templated":true}]}}