{"id":22584,"date":"2023-06-08T11:44:49","date_gmt":"2023-06-08T09:44:49","guid":{"rendered":"https:\/\/alerno.de\/produkt\/wakacyjny-kurs-matematyki\/"},"modified":"2025-06-17T11:25:45","modified_gmt":"2025-06-17T09:25:45","slug":"wakacyjny-kurs-matematyki","status":"publish","type":"product","link":"https:\/\/alerno.de\/pl\/produkt\/wakacyjny-kurs-matematyki\/","title":{"rendered":"Kurs wakacyjny dla szk\u00f3\u0142 podstawowych 1 tydzie\u0144"},"content":{"rendered":"<h2 class=\"elementor-heading-title elementor-size-default\"><span class=\"ui-provider a b c d e f g h i j k l m n o p q r s t u v w x y z ab ac ae af ag ah ai aj ak\" dir=\"ltr\"><strong>Nauka przez zabaw\u0119: wakacyjny kurs matematyki i j\u0119zyka niemieckiego dla uczni\u00f3w szk\u00f3\u0142 podstawowych<\/strong><\/span><\/h2>\n<p>&nbsp;<\/p>\n<p>Kurs &#8222;Playful Learning\" oferuje uczniom szk\u00f3\u0142 podstawowych w klasach od 1 do 4 mo\u017cliwo\u015b\u0107 poszerzenia wiedzy z matematyki i j\u0119zyka niemieckiego w zabawny i przyjazny dla dzieci spos\u00f3b podczas wakacji letnich.<\/p>\n<p><strong>Szczeg\u00f3\u0142y:<\/strong><\/p>\n<ul>\n<li><strong>Tydzie\u0144 1:<\/strong> od 22.07.2024 do 26.07.2024<\/li>\n<li><strong>Tydzie\u0144 2:<\/strong> od 29.07.2024 r. do 02.08.2024 r.<\/li>\n<li><strong>Czas trwania:<\/strong> od poniedzia\u0142ku do pi\u0105tku, 180 minut dziennie rano<\/li>\n<li><strong>Zawarto\u015b\u0107:<\/strong> Dostosowane do wieku i zabawne \u0107wiczenia z matematyki i j\u0119zyka niemieckiego<\/li>\n<li><strong>Przerwy:<\/strong> gry edukacyjne i wsp\u00f3lna przerwa \u015bniadaniowa (prosimy o przyniesienie w\u0142asnego \u015bniadania)<\/li>\n<li><strong>Lokalizacja:<\/strong> Brema<\/li>\n<li><strong>Wielko\u015b\u0107 grupy:<\/strong> Ma\u0142a grupa zapewniaj\u0105ca indywidualne wsparcie<\/li>\n<li><strong>Koszt:<\/strong> 99 \u20ac (bezp\u0142atnie dla klient\u00f3w z Bremen Pass)<\/li>\n<\/ul>\n<p><strong>Dlaczego kurs wakacyjny w szkole podstawowej jest przydatny?<\/strong><\/p>\n<ul>\n<li><strong>Powt\u00f3rzenie materia\u0142u do nauki:<\/strong> utrwalenie wiedzy z j\u0119zyka niemieckiego i matematyki.<\/li>\n<li><strong>Bardziej zrelaksowana nauka:<\/strong> W czasie wakacji nie ma presji ze strony szko\u0142y, co pozwala na swobodn\u0105 i relaksuj\u0105c\u0105 nauk\u0119.<\/li>\n<li><strong>Pozytywna atmosfera nauki:<\/strong> Nasza swobodna atmosfera nauki optymalnie wspiera to podej\u015bcie.<\/li>\n<li><strong>Pozytywne do\u015bwiadczenie edukacyjne:<\/strong> Dzieci powinny mie\u0107 pozytywne i zabawne do\u015bwiadczenie edukacyjne podczas wakacji letnich.<\/li>\n<\/ul>\n<p><strong>Cele nauczania:<\/strong><\/p>\n<ul>\n<li><strong>Matematyka:<\/strong> utrwalanie podstaw, rozwi\u0105zywanie praktycznych i zabawnych zada\u0144 matematycznych.<\/li>\n<li><strong>Niemiecki:<\/strong> Promowanie umiej\u0119tno\u015bci j\u0119zykowych, promocja czytania poprzez opowiadania i kreatywne \u0107wiczenia, wypowiedzi pisemne.<\/li>\n<li><strong>Og\u00f3lne cele edukacyjne:<\/strong> Motywacja do nauki, umiej\u0119tno\u015bci spo\u0142eczne poprzez wsp\u00f3lne dzia\u0142ania, samodzielna nauka poprzez zadania z przewodnikiem.<\/li>\n<\/ul>\n<p><strong>Korzy\u015bci dla rodzic\u00f3w: <\/strong>Dziecko sp\u0119dza 3 godziny dziennie w sensowny spos\u00f3b i jest pod indywidualn\u0105 opiek\u0105. Nasi do\u015bwiadczeni nauczyciele zapewniaj\u0105 inspiruj\u0105ce \u015brodowisko nauki, w kt\u00f3rym ka\u017cde dziecko otrzymuje indywidualne wsparcie. W ten spos\u00f3b dzieci mog\u0105 rozpocz\u0105\u0107 kolejny rok szkolny silniejsze i z now\u0105 pewno\u015bci\u0105 siebie.<\/p>\n<hr>\n<p><strong>Uwaga dotycz\u0105ca wsparcia <\/strong>w nauce za po\u015brednictwem Bremen Pass: Wniosek o bezp\u0142atne wsparcie w nauce za po\u015brednictwem Bremen Pass mo\u017cna ju\u017c sk\u0142ada\u0107 na nowy rok szkolny 2024\/25. W tym celu skorzystaj z naszego formularza: <a class=\"fui-Link ___1rxvrpe f2hkw1w f3rmtva f1ewtqcl fyind8e f1k6fduh f1w7gpdv fk6fouc fjoy568 figsok6 f1hu3pq6 f11qmguv f19f4twv f1tyq0we f1g0x7ka fhxju0i f1qch9an f1cnd47f fqv5qza f1vmzxwi f1o700av f13mvf36 f1cmlufx f9n3di6 f1ids18y f1tx3yz7 f1deo86v f1eh06m1 f1iescvh fhgqx19 f1olyrje f1p93eir f1nev41a f1h8hb77 f1lqvz6u f10aw75t fsle3fq f17ae5zn\" title=\"https:\/\/alerno.de\/but\/\" href=\"https:\/\/alerno.de\/pl\/?page_id=31478\" target=\"_blank\" rel=\"noopener\" aria-label=\"Link Bremen Pass Antrag\">Bremen Passport Application<\/a>.<\/p>\n<p>Z niecierpliwo\u015bci\u0105 czekamy na Twoje dziecko na naszych kursach wakacyjnych i \u017cyczymy wspania\u0142ych i relaksuj\u0105cych wakacji!<\/p>\n","protected":false},"excerpt":{"rendered":"<p>Nauka przez zabaw\u0119: wakacyjny kurs matematyki i j\u0119zyka niemieckiego dla uczni\u00f3w szk\u00f3\u0142 podstawowych &nbsp; Kurs &#8222;Playful Learning\" oferuje uczniom szk\u00f3\u0142 podstawowych w klasach od 1 do 4 mo\u017cliwo\u015b\u0107 poszerzenia wiedzy z matematyki i j\u0119zyka niemieckiego w zabawny i przyjazny dla dzieci spos\u00f3b podczas wakacji letnich. Szczeg\u00f3\u0142y: Tydzie\u0144 1: od 22.07.2024 do 26.07.2024 Tydzie\u0144 2: od [&hellip;]<\/p>\n","protected":false},"featured_media":3732,"template":"","meta":{"_seopress_robots_primary_cat":"none","_seopress_titles_title":"","_seopress_titles_desc":"","_seopress_robots_index":"","site-sidebar-layout":"default","site-content-layout":"default","ast-site-content-layout":"default","site-content-style":"default","site-sidebar-style":"default","ast-global-header-display":"","ast-banner-title-visibility":"","ast-main-header-display":"","ast-hfb-above-header-display":"","ast-hfb-below-header-display":"","ast-hfb-mobile-header-display":"","site-post-title":"","ast-breadcrumbs-content":"","ast-featured-img":"","footer-sml-layout":"","ast-disable-related-posts":"","theme-transparent-header-meta":"default","adv-header-id-meta":"","stick-header-meta":"default","header-above-stick-meta":"","header-main-stick-meta":"","header-below-stick-meta":"","astra-migrate-meta-layouts":"default","ast-page-background-enabled":"default","ast-page-background-meta":{"desktop":{"background-color":"","background-image":"","background-repeat":"repeat","background-position":"center center","background-size":"auto","background-attachment":"scroll","background-type":"","background-media":"","overlay-type":"","overlay-color":"","overlay-opacity":"","overlay-gradient":""},"tablet":{"background-color":"","background-image":"","background-repeat":"repeat","background-position":"center center","background-size":"auto","background-attachment":"scroll","background-type":"","background-media":"","overlay-type":"","overlay-color":"","overlay-opacity":"","overlay-gradient":""},"mobile":{"background-color":"","background-image":"","background-repeat":"repeat","background-position":"center center","background-size":"auto","background-attachment":"scroll","background-type":"","background-media":"","overlay-type":"","overlay-color":"","overlay-opacity":"","overlay-gradient":""}},"ast-content-background-meta":{"desktop":{"background-color":"var(--ast-global-color-5)","background-image":"","background-repeat":"repeat","background-position":"center center","background-size":"auto","background-attachment":"scroll","background-type":"","background-media":"","overlay-type":"","overlay-color":"","overlay-opacity":"","overlay-gradient":""},"tablet":{"background-color":"var(--ast-global-color-5)","background-image":"","background-repeat":"repeat","background-position":"center center","background-size":"auto","background-attachment":"scroll","background-type":"","background-media":"","overlay-type":"","overlay-color":"","overlay-opacity":"","overlay-gradient":""},"mobile":{"background-color":"var(--ast-global-color-5)","background-image":"","background-repeat":"repeat","background-position":"center center","background-size":"auto","background-attachment":"scroll","background-type":"","background-media":"","overlay-type":"","overlay-color":"","overlay-opacity":"","overlay-gradient":""}}},"product_brand":[],"product_cat":[312],"product_tag":[],"class_list":{"0":"post-22584","1":"product","2":"type-product","3":"status-publish","4":"has-post-thumbnail","6":"product_cat-kursy-wakacyjne","7":"desktop-align-left","8":"tablet-align-left","9":"mobile-align-left","10":"ast-product-gallery-layout-horizontal-slider","11":"ast-product-gallery-with-no-image","12":"ast-product-single-variable","13":"ast-product-tabs-layout-horizontal","15":"first","16":"instock","17":"shipping-taxable","18":"purchasable","19":"product-type-variable"},"_links":{"self":[{"href":"https:\/\/alerno.de\/pl\/wp-json\/wp\/v2\/product\/22584","targetHints":{"allow":["GET"]}}],"collection":[{"href":"https:\/\/alerno.de\/pl\/wp-json\/wp\/v2\/product"}],"about":[{"href":"https:\/\/alerno.de\/pl\/wp-json\/wp\/v2\/types\/product"}],"wp:featuredmedia":[{"embeddable":true,"href":"https:\/\/alerno.de\/pl\/wp-json\/wp\/v2\/media\/3732"}],"wp:attachment":[{"href":"https:\/\/alerno.de\/pl\/wp-json\/wp\/v2\/media?parent=22584"}],"wp:term":[{"taxonomy":"product_brand","embeddable":true,"href":"https:\/\/alerno.de\/pl\/wp-json\/wp\/v2\/product_brand?post=22584"},{"taxonomy":"product_cat","embeddable":true,"href":"https:\/\/alerno.de\/pl\/wp-json\/wp\/v2\/product_cat?post=22584"},{"taxonomy":"product_tag","embeddable":true,"href":"https:\/\/alerno.de\/pl\/wp-json\/wp\/v2\/product_tag?post=22584"}],"curies":[{"name":"wp","href":"https:\/\/api.w.org\/{rel}","templated":true}]}}