{"id":22488,"date":"2023-06-08T11:44:42","date_gmt":"2023-06-08T09:44:42","guid":{"rendered":"https:\/\/alerno.de\/produkt\/angielski-kurs-wakacyjny\/"},"modified":"2025-06-17T11:25:41","modified_gmt":"2025-06-17T09:25:41","slug":"angielski-kurs-wakacyjny","status":"publish","type":"product","link":"https:\/\/alerno.de\/pl\/produkt\/angielski-kurs-wakacyjny\/","title":{"rendered":"Kurs wakacyjny dla szk\u00f3\u0142 \u015brednich (od klasy 5) 1 tydzie\u0144"},"content":{"rendered":"<h2 class=\"elementor-heading-title elementor-size-default\"><span class=\"ui-provider a b c d e f g h i j k l m n o p q r s t u v w x y z ab ac ae af ag ah ai aj ak\" dir=\"ltr\"><strong>Zabawa z nauk\u0105 latem: matematyka, niemiecki i angielski dla uczni\u00f3w od 5. roku \u017cycia<\/strong><\/span><\/h2>\n<p>Daj swojemu dziecku mo\u017cliwo\u015b\u0107 uzupe\u0142nienia wszelkich brak\u00f3w w wiedzy podczas wakacji i przygotuj je optymalnie na nowy rok szkolny. Nasz kurs &#8222;Zabawa z nauk\u0105 w lecie\" oferuje intensywne powt\u00f3rki i powt\u00f3rki materia\u0142u szkolnego z matematyki, niemieckiego i angielskiego.<\/p>\n<p><strong>Szczeg\u00f3\u0142y:<\/strong><\/p>\n<ul>\n<li><strong>Tydzie\u0144 1:<\/strong> od 22.07.2024 do 26.07.2024<\/li>\n<li><strong>Tydzie\u0144 2:<\/strong> od 29.07.2024 r. do 02.08.2024 r.<\/li>\n<li><strong>Czas trwania:<\/strong> od poniedzia\u0142ku do pi\u0105tku, 90 minut dziennie rano<\/li>\n<li><strong>Tre\u015b\u0107:<\/strong> Indywidualne korepetycje w ma\u0142ej grupie (do 5 uczni\u00f3w)<\/li>\n<li><strong>Lokalizacje:<\/strong> Brema<\/li>\n<\/ul>\n<p><strong>Uprawnienia do kurs\u00f3w wakacyjnych dla obecnych klient\u00f3w:<\/strong><\/p>\n<p>Uczniowie, kt\u00f3rzy maj\u0105 dodatkowe zaj\u0119cia z danego przedmiotu raz w tygodniu po po\u0142udniu, maj\u0105 prawo do kursu wakacyjnego. Na ka\u017cdy kurs wakacyjny mo\u017cna wybra\u0107 tylko jeden przedmiot (niemiecki, matematyk\u0119 lub angielski). Wybrane kursy wakacyjne musz\u0105 dotyczy\u0107 przedmiot\u00f3w, z kt\u00f3rych alerno zapewnia r\u00f3wnie\u017c nauk\u0119 w czasie zaj\u0119\u0107 szkolnych. Nale\u017cy posiada\u0107 wa\u017cny i aktualny dow\u00f3d rejestracyjny lub Bremen Pass wa\u017cny do ko\u0144ca roku szkolnego 2023\/2024. Kursy wakacyjne s\u0105 bezp\u0142atne dla student\u00f3w posiadaj\u0105cych Bremen Pass.<\/p>\n<p><strong>Dlaczego kursy wakacyjne?<\/strong><\/p>\n<ul>\n<li><strong>Powt\u00f3rzenie materia\u0142u do nauki:<\/strong> utrwalenie tego, czego nauczyli\u015bmy si\u0119 w j\u0119zyku niemieckim, matematyce i j\u0119zyku angielskim.<\/li>\n<li><strong>Bardziej zrelaksowana nauka:<\/strong> W czasie wakacji nie ma presji ze strony szko\u0142y, co pozwala na swobodn\u0105 i relaksuj\u0105c\u0105 nauk\u0119.<\/li>\n<li><strong>Pozytywna atmosfera nauki:<\/strong> Nasza swobodna atmosfera nauki optymalnie wspiera to podej\u015bcie.<\/li>\n<\/ul>\n<p><strong>Cele nauczania:<\/strong><\/p>\n<ul>\n<li><strong>Matematyka:<\/strong> konsolidacja podstaw, pog\u0142\u0119bianie z\u0142o\u017conych temat\u00f3w, stosowanie poj\u0119\u0107.<\/li>\n<li><strong>Niemiecki:<\/strong> poprawa pisowni i gramatyki, umiej\u0119tno\u015bci czytania, wypowiedzi pisemnych.<\/li>\n<li><strong>Angielski:<\/strong> gramatyka i ortografia, czytanie ze zrozumieniem, \u0107wiczenia j\u0119zykowe.<\/li>\n<li><strong>Og\u00f3lne cele edukacyjne:<\/strong> Samodzielna nauka, motywacja do nauki, umiej\u0119tno\u015bci spo\u0142eczne.<\/li>\n<\/ul>\n<p><strong>Korzy\u015bci dla rodzic\u00f3w:<\/strong><\/p>\n<p>Dziecko sp\u0119dza 90 minut dziennie w znacz\u0105cy i zindywidualizowany spos\u00f3b.<\/p>\n","protected":false},"excerpt":{"rendered":"<p>Zabawa z nauk\u0105 latem: matematyka, niemiecki i angielski dla uczni\u00f3w od 5. roku \u017cycia Daj swojemu dziecku mo\u017cliwo\u015b\u0107 uzupe\u0142nienia wszelkich brak\u00f3w w wiedzy podczas wakacji i przygotuj je optymalnie na nowy rok szkolny. Nasz kurs &#8222;Zabawa z nauk\u0105 w lecie\" oferuje intensywne powt\u00f3rki i powt\u00f3rki materia\u0142u szkolnego z matematyki, niemieckiego i angielskiego. Szczeg\u00f3\u0142y: Tydzie\u0144 1: [&hellip;]<\/p>\n","protected":false},"featured_media":3748,"template":"","meta":{"_seopress_robots_primary_cat":"none","_seopress_titles_title":"","_seopress_titles_desc":"","_seopress_robots_index":"","site-sidebar-layout":"default","site-content-layout":"default","ast-site-content-layout":"default","site-content-style":"default","site-sidebar-style":"default","ast-global-header-display":"","ast-banner-title-visibility":"","ast-main-header-display":"","ast-hfb-above-header-display":"","ast-hfb-below-header-display":"","ast-hfb-mobile-header-display":"","site-post-title":"","ast-breadcrumbs-content":"","ast-featured-img":"","footer-sml-layout":"","ast-disable-related-posts":"","theme-transparent-header-meta":"default","adv-header-id-meta":"","stick-header-meta":"default","header-above-stick-meta":"","header-main-stick-meta":"","header-below-stick-meta":"","astra-migrate-meta-layouts":"default","ast-page-background-enabled":"default","ast-page-background-meta":{"desktop":{"background-color":"","background-image":"","background-repeat":"repeat","background-position":"center center","background-size":"auto","background-attachment":"scroll","background-type":"","background-media":"","overlay-type":"","overlay-color":"","overlay-opacity":"","overlay-gradient":""},"tablet":{"background-color":"","background-image":"","background-repeat":"repeat","background-position":"center center","background-size":"auto","background-attachment":"scroll","background-type":"","background-media":"","overlay-type":"","overlay-color":"","overlay-opacity":"","overlay-gradient":""},"mobile":{"background-color":"","background-image":"","background-repeat":"repeat","background-position":"center center","background-size":"auto","background-attachment":"scroll","background-type":"","background-media":"","overlay-type":"","overlay-color":"","overlay-opacity":"","overlay-gradient":""}},"ast-content-background-meta":{"desktop":{"background-color":"var(--ast-global-color-5)","background-image":"","background-repeat":"repeat","background-position":"center center","background-size":"auto","background-attachment":"scroll","background-type":"","background-media":"","overlay-type":"","overlay-color":"","overlay-opacity":"","overlay-gradient":""},"tablet":{"background-color":"var(--ast-global-color-5)","background-image":"","background-repeat":"repeat","background-position":"center center","background-size":"auto","background-attachment":"scroll","background-type":"","background-media":"","overlay-type":"","overlay-color":"","overlay-opacity":"","overlay-gradient":""},"mobile":{"background-color":"var(--ast-global-color-5)","background-image":"","background-repeat":"repeat","background-position":"center center","background-size":"auto","background-attachment":"scroll","background-type":"","background-media":"","overlay-type":"","overlay-color":"","overlay-opacity":"","overlay-gradient":""}}},"product_brand":[],"product_cat":[312],"product_tag":[],"class_list":{"0":"post-22488","1":"product","2":"type-product","3":"status-publish","4":"has-post-thumbnail","6":"product_cat-kursy-wakacyjne","7":"desktop-align-left","8":"tablet-align-left","9":"mobile-align-left","10":"ast-product-gallery-layout-horizontal-slider","11":"ast-product-gallery-with-no-image","12":"ast-product-single-variable","13":"ast-product-tabs-layout-horizontal","15":"first","16":"instock","17":"shipping-taxable","18":"purchasable","19":"product-type-variable"},"_links":{"self":[{"href":"https:\/\/alerno.de\/pl\/wp-json\/wp\/v2\/product\/22488","targetHints":{"allow":["GET"]}}],"collection":[{"href":"https:\/\/alerno.de\/pl\/wp-json\/wp\/v2\/product"}],"about":[{"href":"https:\/\/alerno.de\/pl\/wp-json\/wp\/v2\/types\/product"}],"wp:featuredmedia":[{"embeddable":true,"href":"https:\/\/alerno.de\/pl\/wp-json\/wp\/v2\/media\/3748"}],"wp:attachment":[{"href":"https:\/\/alerno.de\/pl\/wp-json\/wp\/v2\/media?parent=22488"}],"wp:term":[{"taxonomy":"product_brand","embeddable":true,"href":"https:\/\/alerno.de\/pl\/wp-json\/wp\/v2\/product_brand?post=22488"},{"taxonomy":"product_cat","embeddable":true,"href":"https:\/\/alerno.de\/pl\/wp-json\/wp\/v2\/product_cat?post=22488"},{"taxonomy":"product_tag","embeddable":true,"href":"https:\/\/alerno.de\/pl\/wp-json\/wp\/v2\/product_tag?post=22488"}],"curies":[{"name":"wp","href":"https:\/\/api.w.org\/{rel}","templated":true}]}}