{"id":22289,"date":"2023-06-08T11:41:15","date_gmt":"2023-06-08T09:41:15","guid":{"rendered":"https:\/\/alerno.de\/produkt\/wakacyjny-kurs-jezyka-niemieckiego\/"},"modified":"2023-06-08T13:19:32","modified_gmt":"2023-06-08T11:19:32","slug":"niemiecki-kurs-wakacyjny","status":"publish","type":"product","link":"https:\/\/alerno.de\/pl\/produkt\/niemiecki-kurs-wakacyjny\/","title":{"rendered":"Wakacyjny kurs j\u0119zyka niemieckiego 1 tydzie\u0144"},"content":{"rendered":"<p>Na podstawie indywidualnych \u017cycze\u0144 i potrzeb mo\u017cna pracowa\u0107 nad rozumieniem tekstu, ortografi\u0105, ale tak\u017ce nad ka\u017cdym innym tematem. Podczas wakacji jest czas i spok\u00f3j, aby nadrobi\u0107 zaleg\u0142o\u015bci i uzupe\u0142ni\u0107 luki.<\/p>\n<p>Godziny kurs\u00f3w zale\u017c\u0105 od dost\u0119pno\u015bci i uzgodnie\u0144. Je\u015bli kurs nie odb\u0119dzie si\u0119, mo\u017cna wzi\u0105\u0107 udzia\u0142 w kursie alternatywnym lub otrzyma\u0107 zwrot op\u0142aty za kurs.<\/p>\n","protected":false},"excerpt":{"rendered":"<p>Na podstawie indywidualnych \u017cycze\u0144 i potrzeb mo\u017cna pracowa\u0107 nad rozumieniem tekstu, ortografi\u0105, ale tak\u017ce nad ka\u017cdym innym tematem. Podczas wakacji jest czas i spok\u00f3j, aby nadrobi\u0107 zaleg\u0142o\u015bci i uzupe\u0142ni\u0107 luki. Godziny kurs\u00f3w zale\u017c\u0105 od dost\u0119pno\u015bci i uzgodnie\u0144. Je\u015bli kurs nie odb\u0119dzie si\u0119, mo\u017cna wzi\u0105\u0107 udzia\u0142 w kursie alternatywnym lub otrzyma\u0107 zwrot op\u0142aty za kurs.<\/p>\n","protected":false},"featured_media":3740,"template":"","meta":{"_seopress_robots_primary_cat":"none","_seopress_titles_title":"","_seopress_titles_desc":"","_seopress_robots_index":"","site-sidebar-layout":"default","site-content-layout":"default","ast-site-content-layout":"default","site-content-style":"default","site-sidebar-style":"default","ast-global-header-display":"","ast-banner-title-visibility":"","ast-main-header-display":"","ast-hfb-above-header-display":"","ast-hfb-below-header-display":"","ast-hfb-mobile-header-display":"","site-post-title":"","ast-breadcrumbs-content":"","ast-featured-img":"","footer-sml-layout":"","ast-disable-related-posts":"","theme-transparent-header-meta":"default","adv-header-id-meta":"","stick-header-meta":"default","header-above-stick-meta":"","header-main-stick-meta":"","header-below-stick-meta":"","astra-migrate-meta-layouts":"default","ast-page-background-enabled":"default","ast-page-background-meta":{"desktop":{"background-color":"","background-image":"","background-repeat":"repeat","background-position":"center center","background-size":"auto","background-attachment":"scroll","background-type":"","background-media":"","overlay-type":"","overlay-color":"","overlay-opacity":"","overlay-gradient":""},"tablet":{"background-color":"","background-image":"","background-repeat":"repeat","background-position":"center center","background-size":"auto","background-attachment":"scroll","background-type":"","background-media":"","overlay-type":"","overlay-color":"","overlay-opacity":"","overlay-gradient":""},"mobile":{"background-color":"","background-image":"","background-repeat":"repeat","background-position":"center center","background-size":"auto","background-attachment":"scroll","background-type":"","background-media":"","overlay-type":"","overlay-color":"","overlay-opacity":"","overlay-gradient":""}},"ast-content-background-meta":{"desktop":{"background-color":"var(--ast-global-color-5)","background-image":"","background-repeat":"repeat","background-position":"center center","background-size":"auto","background-attachment":"scroll","background-type":"","background-media":"","overlay-type":"","overlay-color":"","overlay-opacity":"","overlay-gradient":""},"tablet":{"background-color":"var(--ast-global-color-5)","background-image":"","background-repeat":"repeat","background-position":"center center","background-size":"auto","background-attachment":"scroll","background-type":"","background-media":"","overlay-type":"","overlay-color":"","overlay-opacity":"","overlay-gradient":""},"mobile":{"background-color":"var(--ast-global-color-5)","background-image":"","background-repeat":"repeat","background-position":"center center","background-size":"auto","background-attachment":"scroll","background-type":"","background-media":"","overlay-type":"","overlay-color":"","overlay-opacity":"","overlay-gradient":""}}},"product_brand":[],"product_cat":[312],"product_tag":[],"class_list":{"0":"post-22289","1":"product","2":"type-product","3":"status-publish","4":"has-post-thumbnail","6":"product_cat-kursy-wakacyjne","7":"desktop-align-left","8":"tablet-align-left","9":"mobile-align-left","10":"ast-product-gallery-layout-horizontal-slider","11":"ast-product-gallery-with-no-image","12":"ast-product-single-variable","13":"ast-product-tabs-layout-horizontal","15":"first","16":"instock","17":"shipping-taxable","18":"purchasable","19":"product-type-variable"},"_links":{"self":[{"href":"https:\/\/alerno.de\/pl\/wp-json\/wp\/v2\/product\/22289","targetHints":{"allow":["GET"]}}],"collection":[{"href":"https:\/\/alerno.de\/pl\/wp-json\/wp\/v2\/product"}],"about":[{"href":"https:\/\/alerno.de\/pl\/wp-json\/wp\/v2\/types\/product"}],"wp:featuredmedia":[{"embeddable":true,"href":"https:\/\/alerno.de\/pl\/wp-json\/wp\/v2\/media\/3740"}],"wp:attachment":[{"href":"https:\/\/alerno.de\/pl\/wp-json\/wp\/v2\/media?parent=22289"}],"wp:term":[{"taxonomy":"product_brand","embeddable":true,"href":"https:\/\/alerno.de\/pl\/wp-json\/wp\/v2\/product_brand?post=22289"},{"taxonomy":"product_cat","embeddable":true,"href":"https:\/\/alerno.de\/pl\/wp-json\/wp\/v2\/product_cat?post=22289"},{"taxonomy":"product_tag","embeddable":true,"href":"https:\/\/alerno.de\/pl\/wp-json\/wp\/v2\/product_tag?post=22289"}],"curies":[{"name":"wp","href":"https:\/\/api.w.org\/{rel}","templated":true}]}}