{"id":14099,"date":"2023-02-27T11:43:01","date_gmt":"2023-02-27T10:43:01","guid":{"rendered":"https:\/\/alerno.de\/produkt\/abi-crash-course-24-godzinne-wyzwanie\/"},"modified":"2023-04-12T15:11:58","modified_gmt":"2023-04-12T13:11:58","slug":"abi-crash-course-24-hours-challenge","status":"publish","type":"product","link":"https:\/\/alerno.de\/pl\/produkt\/abi-crash-course-24-hours-challenge\/","title":{"rendered":"Abi Crash Course - 24-godzinne wyzwanie"},"content":{"rendered":"<section class=\"elementor-section elementor-top-section elementor-element elementor-element-5eac0c0 elementor-section-boxed elementor-section-height-default elementor-section-height-default\" data-id=\"5eac0c0\" data-element_type=\"section\">\n<div class=\"elementor-container elementor-column-gap-default\">\n<div class=\"elementor-column elementor-col-100 elementor-top-column elementor-element elementor-element-c0a42c7\" data-id=\"c0a42c7\" data-element_type=\"column\">\n<div class=\"elementor-widget-wrap elementor-element-populated\">\n<div class=\"elementor-element elementor-element-3d0f124 elementor-widget elementor-widget-heading\" data-id=\"3d0f124\" data-element_type=\"widget\" data-widget_type=\"heading.default\">\n<div class=\"elementor-widget-container\">\n<h2 class=\"elementor-heading-title elementor-size-default\">Nasz bestseller - 24-godzinne wyzwanie<\/h2>\n<\/p><\/div>\n<\/p><\/div>\n<\/p><\/div>\n<\/p><\/div>\n<\/p><\/div>\n<\/section>\n<section class=\"elementor-section elementor-top-section elementor-element elementor-element-bf7defa elementor-section-boxed elementor-section-height-default elementor-section-height-default\" data-id=\"bf7defa\" data-element_type=\"section\">\n<div class=\"elementor-container elementor-column-gap-default\">\n<div class=\"elementor-column elementor-col-100 elementor-top-column elementor-element elementor-element-53ef57f\" data-id=\"53ef57f\" data-element_type=\"column\">\n<div class=\"elementor-widget-wrap elementor-element-populated\">\n<div class=\"elementor-element elementor-element-85f5f9b elementor-widget elementor-widget-text-editor\" data-id=\"85f5f9b\" data-element_type=\"widget\" data-widget_type=\"text-editor.default\">\n<div class=\"elementor-widget-container\">\n<p>Czy chcesz powt\u00f3rzy\u0107 wszystko jeszcze raz intensywnie tu\u017c przed Abi?<\/p>\n<p>Twoja grupa sk\u0142ada si\u0119 z 5-10 uczestnik\u00f3w. Znacznie mniejsza wielko\u015b\u0107 grupy w por\u00f3wnaniu z innymi dostawcami zwi\u0119ksza sukces w nauce i tworzy motywuj\u0105c\u0105 dynamik\u0119 grupy.<\/p>\n<h3><strong>Dlaczego powiniene\u015b zarezerwowa\u0107 ten kurs<\/strong><\/h3>\n<ul>\n<li>Powt\u00f3rzenie ca\u0142ego istotnego materia\u0142u w ci\u0105gu 24 godzin<\/li>\n<li>\u0106wiczenia maturalne z poprzednich lat z przyk\u0142adowymi rozwi\u0105zaniami<\/li>\n<li>Do\u015bwiadczony trener nauki, zawsze przy Tobie<\/li>\n<\/ul>\n<h3><strong>Kiedy rozpoczyna si\u0119 24-godzinne wyzwanie?<\/strong><\/h3>\n<p>Cz\u0119\u015b\u0107 1: sobota-niedziela (22.04.-23.04.2023) 10.00-16.30 (w tym 30 min. przerwy).<br \/>\nCz\u0119\u015b\u0107 2: sobota - niedziela (29.04.-30.04.2023) od godz. 10.00 do 16.30 (w tym 30 min. przerwy)<\/p>\n<h3><strong>Gdzie odbywa si\u0119 24-godzinne wyzwanie?<\/strong><\/h3>\n<ul>\n<li>Walle (Steffensweg 177)<\/li>\n<li>Mitte (Papenstr. 1)<\/li>\n<li>Vegesack (Gerhard-Rohlfs-Str. 21)<\/li>\n<li>Schwachhausen (Schwachhauser-Heerstr. 51)<\/li>\n<li>Horn-Lehe (Leher Heerstr. 173)<\/li>\n<\/ul>\n<h3><strong>Ile kosztuje udzia\u0142 w 24-godzinnym wyzwaniu?<\/strong><\/h3>\n<p>Turbo boost na egzamin z matematyki za jednorazow\u0105 kwot\u0119 249 euro.<br \/>\nIlo\u015b\u0107 uczestnik\u00f3w ograniczona.<\/p>\n<\/div><\/div>\n<\/p><\/div>\n<\/p><\/div>\n<\/p><\/div>\n<\/section>\n","protected":false},"excerpt":{"rendered":"<p>Nasz bestseller - 24-godzinne wyzwanie Czy chcesz powt\u00f3rzy\u0107 wszystko jeszcze raz intensywnie tu\u017c przed Abi? Twoja grupa sk\u0142ada si\u0119 z 5-10 uczestnik\u00f3w. Znacznie mniejsza wielko\u015b\u0107 grupy w por\u00f3wnaniu z innymi dostawcami zwi\u0119ksza sukces w nauce i tworzy motywuj\u0105c\u0105 dynamik\u0119 grupy. Dlaczego powiniene\u015b zarezerwowa\u0107 ten kurs Powt\u00f3rzenie ca\u0142ego istotnego materia\u0142u w ci\u0105gu 24 godzin \u0106wiczenia maturalne [&hellip;]<\/p>\n","protected":false},"featured_media":13592,"template":"","meta":{"_seopress_robots_primary_cat":"none","_seopress_titles_title":"","_seopress_titles_desc":"","_seopress_robots_index":"","site-sidebar-layout":"default","site-content-layout":"default","ast-site-content-layout":"default","site-content-style":"default","site-sidebar-style":"default","ast-global-header-display":"","ast-banner-title-visibility":"","ast-main-header-display":"","ast-hfb-above-header-display":"","ast-hfb-below-header-display":"","ast-hfb-mobile-header-display":"","site-post-title":"","ast-breadcrumbs-content":"","ast-featured-img":"","footer-sml-layout":"","ast-disable-related-posts":"","theme-transparent-header-meta":"default","adv-header-id-meta":"","stick-header-meta":"default","header-above-stick-meta":"","header-main-stick-meta":"","header-below-stick-meta":"","astra-migrate-meta-layouts":"default","ast-page-background-enabled":"default","ast-page-background-meta":{"desktop":{"background-color":"","background-image":"","background-repeat":"repeat","background-position":"center center","background-size":"auto","background-attachment":"scroll","background-type":"","background-media":"","overlay-type":"","overlay-color":"","overlay-opacity":"","overlay-gradient":""},"tablet":{"background-color":"","background-image":"","background-repeat":"repeat","background-position":"center center","background-size":"auto","background-attachment":"scroll","background-type":"","background-media":"","overlay-type":"","overlay-color":"","overlay-opacity":"","overlay-gradient":""},"mobile":{"background-color":"","background-image":"","background-repeat":"repeat","background-position":"center center","background-size":"auto","background-attachment":"scroll","background-type":"","background-media":"","overlay-type":"","overlay-color":"","overlay-opacity":"","overlay-gradient":""}},"ast-content-background-meta":{"desktop":{"background-color":"var(--ast-global-color-5)","background-image":"","background-repeat":"repeat","background-position":"center center","background-size":"auto","background-attachment":"scroll","background-type":"","background-media":"","overlay-type":"","overlay-color":"","overlay-opacity":"","overlay-gradient":""},"tablet":{"background-color":"var(--ast-global-color-5)","background-image":"","background-repeat":"repeat","background-position":"center center","background-size":"auto","background-attachment":"scroll","background-type":"","background-media":"","overlay-type":"","overlay-color":"","overlay-opacity":"","overlay-gradient":""},"mobile":{"background-color":"var(--ast-global-color-5)","background-image":"","background-repeat":"repeat","background-position":"center center","background-size":"auto","background-attachment":"scroll","background-type":"","background-media":"","overlay-type":"","overlay-color":"","overlay-opacity":"","overlay-gradient":""}}},"product_brand":[],"product_cat":[245],"product_tag":[],"class_list":{"0":"post-14099","1":"product","2":"type-product","3":"status-publish","4":"has-post-thumbnail","6":"product_cat-kursy","7":"desktop-align-left","8":"tablet-align-left","9":"mobile-align-left","10":"ast-product-gallery-layout-horizontal-slider","11":"ast-product-gallery-with-no-image","12":"ast-product-single-variable","13":"ast-product-tabs-layout-horizontal","15":"first","16":"outofstock","17":"shipping-taxable","18":"purchasable","19":"product-type-variable"},"_links":{"self":[{"href":"https:\/\/alerno.de\/pl\/wp-json\/wp\/v2\/product\/14099","targetHints":{"allow":["GET"]}}],"collection":[{"href":"https:\/\/alerno.de\/pl\/wp-json\/wp\/v2\/product"}],"about":[{"href":"https:\/\/alerno.de\/pl\/wp-json\/wp\/v2\/types\/product"}],"wp:featuredmedia":[{"embeddable":true,"href":"https:\/\/alerno.de\/pl\/wp-json\/wp\/v2\/media\/13592"}],"wp:attachment":[{"href":"https:\/\/alerno.de\/pl\/wp-json\/wp\/v2\/media?parent=14099"}],"wp:term":[{"taxonomy":"product_brand","embeddable":true,"href":"https:\/\/alerno.de\/pl\/wp-json\/wp\/v2\/product_brand?post=14099"},{"taxonomy":"product_cat","embeddable":true,"href":"https:\/\/alerno.de\/pl\/wp-json\/wp\/v2\/product_cat?post=14099"},{"taxonomy":"product_tag","embeddable":true,"href":"https:\/\/alerno.de\/pl\/wp-json\/wp\/v2\/product_tag?post=14099"}],"curies":[{"name":"wp","href":"https:\/\/api.w.org\/{rel}","templated":true}]}}