{"id":7440,"date":"2023-01-10T11:52:27","date_gmt":"2023-01-10T10:52:27","guid":{"rendered":"https:\/\/alerno.de\/korepetycje\/korepetycje-indywidualne-i-grupowe\/"},"modified":"2023-01-17T16:26:03","modified_gmt":"2023-01-17T15:26:03","slug":"korepetycje-indywidualne-i-grupowe","status":"publish","type":"page","link":"https:\/\/alerno.de\/pl\/korepetycje\/korepetycje-indywidualne-i-grupowe\/","title":{"rendered":"Korepetycje indywidualne i grupowe"},"content":{"rendered":"\t\t<div data-elementor-type=\"wp-post\" data-elementor-id=\"7440\" class=\"elementor elementor-7440 elementor-1107\" data-elementor-post-type=\"page\">\n\t\t\t\t\t\t<section class=\"elementor-section elementor-top-section elementor-element elementor-element-67e95b4e elementor-section-content-middle elementor-section-boxed elementor-section-height-default elementor-section-height-default\" data-id=\"67e95b4e\" data-element_type=\"section\" data-e-type=\"section\" data-settings=\"{&quot;background_background&quot;:&quot;classic&quot;}\">\n\t\t\t\t\t\t<div class=\"elementor-container elementor-column-gap-no\">\n\t\t\t\t\t<div class=\"elementor-column elementor-col-50 elementor-top-column elementor-element elementor-element-7fe8011\" data-id=\"7fe8011\" data-element_type=\"column\" data-e-type=\"column\" data-settings=\"{&quot;background_background&quot;:&quot;classic&quot;}\">\n\t\t\t<div class=\"elementor-widget-wrap elementor-element-populated\">\n\t\t\t\t\t\t<div class=\"elementor-element elementor-element-671febbd elementor-widget elementor-widget-heading\" data-id=\"671febbd\" data-element_type=\"widget\" data-e-type=\"widget\" data-widget_type=\"heading.default\">\n\t\t\t\t<div class=\"elementor-widget-container\">\n\t\t\t\t\t<h1 class=\"elementor-heading-title elementor-size-default\">Korepetycje indywidualne i grupowe<\/h1>\t\t\t\t<\/div>\n\t\t\t\t<\/div>\n\t\t\t\t<div class=\"elementor-element elementor-element-1453cc30 elementor-widget-divider--view-line elementor-widget elementor-widget-divider\" data-id=\"1453cc30\" data-element_type=\"widget\" data-e-type=\"widget\" data-widget_type=\"divider.default\">\n\t\t\t\t<div class=\"elementor-widget-container\">\n\t\t\t\t\t\t\t<div class=\"elementor-divider\">\n\t\t\t<span class=\"elementor-divider-separator\">\n\t\t\t\t\t\t<\/span>\n\t\t<\/div>\n\t\t\t\t\t\t<\/div>\n\t\t\t\t<\/div>\n\t\t\t\t\t<\/div>\n\t\t<\/div>\n\t\t\t\t<div class=\"elementor-column elementor-col-50 elementor-top-column elementor-element elementor-element-72b76697\" data-id=\"72b76697\" data-element_type=\"column\" data-e-type=\"column\">\n\t\t\t<div class=\"elementor-widget-wrap\">\n\t\t\t\t\t\t\t<\/div>\n\t\t<\/div>\n\t\t\t\t\t<\/div>\n\t\t<\/section>\n\t\t\t\t<section class=\"elementor-section elementor-top-section elementor-element elementor-element-13ffab0b elementor-section-content-middle elementor-section-boxed elementor-section-height-default elementor-section-height-default\" data-id=\"13ffab0b\" data-element_type=\"section\" data-e-type=\"section\" data-settings=\"{&quot;background_background&quot;:&quot;classic&quot;}\">\n\t\t\t\t\t\t\t<div class=\"elementor-background-overlay\"><\/div>\n\t\t\t\t\t\t\t<div class=\"elementor-container elementor-column-gap-no\">\n\t\t\t\t\t<div class=\"elementor-column elementor-col-100 elementor-top-column elementor-element elementor-element-57978a14\" data-id=\"57978a14\" data-element_type=\"column\" data-e-type=\"column\">\n\t\t\t<div class=\"elementor-widget-wrap elementor-element-populated\">\n\t\t\t\t\t\t<div class=\"elementor-element elementor-element-f6f53f5 elementor-widget elementor-widget-text-editor\" data-id=\"f6f53f5\" data-element_type=\"widget\" data-e-type=\"widget\" data-widget_type=\"text-editor.default\">\n\t\t\t\t<div class=\"elementor-widget-container\">\n\t\t\t\t\t\t\t\t\t<h2><strong>Korepetycje indywidualne i grupowe z alerno<\/strong><\/h2>\n<p>Mi\u0142ej zabawy podczas nauki z alerno.  <br \/>Jako partner szk\u00f3\u0142 publicznych, cz\u0119\u015bci\u0105 naszej g\u0142\u00f3wnej koncepcji jest pozytywne motywowanie uczni\u00f3w, tak aby dobrowolnie cieszyli si\u0119 nauk\u0105. Nasi trenerzy nauczania zajmuj\u0105 si\u0119 w szczeg\u00f3lno\u015bci mocnymi i s\u0142abymi stronami ka\u017cdego ucznia i w ten spos\u00f3b tworz\u0105 podstawy do optymalnego i trwa\u0142ego sukcesu w nauce. Wybierz jeden z naszych <a href=\"https:\/\/www.alerno.de\/standorte\/\"><br \/>\n  <strong>11 lokalizacji alerno w Bremie i okolicach<\/strong><br \/>\n<\/a>kt\u00f3ry jest najbli\u017cej Twojego domu i po prostu wpadnij!<\/p>\n<h3>Zaj\u0119cia indywidualne w ma\u0142ej grupie<\/h3>\n<ul>\n<li>trzech do maksymalnie pi\u0119ciu opiekun\u00f3w<\/li>\n<li>co tydzie\u0144 w uzgodnionym czasie<\/li>\n<li>wszyscy uczniowie s\u0105 pod indywidualn\u0105 opiek\u0105<\/li>\n<li>Dobra i przyjemna atmosfera do nauki<\/li>\n<\/ul>\n<h3>Lekcje prywatne<\/h3>\n<ul>\n<li>Lekcje prywatne<\/li>\n<li>Du\u017co materia\u0142u w kr\u00f3tkim czasie<\/li>\n<li>po d\u0142u\u017cszej nieobecno\u015bci, pobycie za granic\u0105 lub chorobie (w przypadku du\u017cych brak\u00f3w w wiedzy)<\/li>\n<li>Przygotowanie i kontynuacja zaj\u0119\u0107 szkolnych<\/li>\n<\/ul>\n<div>\n<table class=\"deedba\">\n<tbody>\n<tr>\n<td>\n<p><strong>Zalety uczenia si\u0119 w ma\u0142ej grupie:<\/strong><\/p>\n<ul>\n<li><strong>Pozytywna motywacja, <\/strong>wsp\u00f3lna nauka<\/li>\n<li><strong>mniejszy stres, <\/strong>inni te\u017c pope\u0142niaj\u0105 b\u0142\u0119dy<\/li>\n<li><strong>Korzystna cena<\/strong> ze wzgl\u0119du na konstelacj\u0119 grupy<\/li>\n<li><strong>Wystarczaj\u0105cy czas pracy<\/strong> (jednostki 90 min.)<\/li>\n<li>jedno bezp\u0142atne<strong> dodatkowe spotkanie<\/strong> w miesi\u0105cu<\/li>\n<li><strong>Transparentny rozw\u00f3j<\/strong> edukacyjny uczni\u00f3w<\/li>\n<\/ul>\n<\/td>\n<td>\n<p><strong>Zalety nauki na prywatnych lekcjach:<\/strong><\/p>\n<ul>\n<li>mie\u0107 trenera dydaktycznego dla<strong> siebie <\/strong><strong><br \/><\/strong><\/li>\n<li> <strong>Dostosowanie<\/strong><strong>godzin<\/strong> i <strong>przedmiot\u00f3w szkolnych<\/strong> <strong>w kr\u00f3tkim<\/strong> czasie<\/li>\n<li>w\u0142asne<strong> tempo uczenia si\u0119<\/strong><\/li>\n<li>niezak\u0142\u00f3cona nauka,<strong> bez rozpraszania uwagi<\/strong><\/li>\n<li><strong>Transparentny rozw\u00f3j<\/strong> edukacyjny uczni\u00f3w<\/li>\n<li>Szczeg\u00f3lnie skuteczny w<strong> przygotowaniu do egzamin\u00f3w<\/strong><\/li>\n<\/ul>\n<\/td>\n<\/tr>\n<\/tbody>\n<\/table>\n<\/div>\n\t\t\t\t\t\t\t\t<\/div>\n\t\t\t\t<\/div>\n\t\t\t\t\t<\/div>\n\t\t<\/div>\n\t\t\t\t\t<\/div>\n\t\t<\/section>\n\t\t\t\t<section class=\"elementor-section elementor-top-section elementor-element elementor-element-07ca8f4 elementor-section-boxed elementor-section-height-default elementor-section-height-default\" data-id=\"07ca8f4\" data-element_type=\"section\" data-e-type=\"section\">\n\t\t\t\t\t\t<div class=\"elementor-container elementor-column-gap-default\">\n\t\t\t\t\t<div class=\"elementor-column elementor-col-100 elementor-top-column elementor-element elementor-element-fd0c882\" data-id=\"fd0c882\" data-element_type=\"column\" data-e-type=\"column\">\n\t\t\t<div class=\"elementor-widget-wrap elementor-element-populated\">\n\t\t\t\t\t\t<div class=\"elementor-element elementor-element-3cf1dbc elementor-widget elementor-widget-text-editor\" data-id=\"3cf1dbc\" data-element_type=\"widget\" data-e-type=\"widget\" data-widget_type=\"text-editor.default\">\n\t\t\t\t<div class=\"elementor-widget-container\">\n\t\t\t\t\t\t\t\t\t<h3>Czy wzbudzili\u015bmy Twoje zainteresowanie?<\/h3>\n<p>W takim razie zadzwo\u0144 do nas teraz lub napisz do nas bezpo\u015brednio przez <a href=\"https:\/\/alerno.de\/pl\/kontakt\/\" target=\"_blank\" rel=\"noopener\">formularz kontaktowy<\/a>!<\/p>\n<p><strong>Mon. - W tym celu nale\u017cy skorzysta\u0107 z pomocy ks. 9.00-17.00:<\/strong>&nbsp;<b>0421-60 95 737<\/b><\/p>\t\t\t\t\t\t\t\t<\/div>\n\t\t\t\t<\/div>\n\t\t\t\t\t<\/div>\n\t\t<\/div>\n\t\t\t\t\t<\/div>\n\t\t<\/section>\n\t\t\t\t<\/div>\n\t\t","protected":false},"excerpt":{"rendered":"<p>Korepetycje indywidualne i grupowe Korepetycje indywidualne i grupowe z alerno Mi\u0142ej zabawy podczas nauki z alerno. Jako partner szk\u00f3\u0142 publicznych, cz\u0119\u015bci\u0105 naszej g\u0142\u00f3wnej koncepcji jest pozytywne motywowanie uczni\u00f3w, tak aby dobrowolnie cieszyli si\u0119 nauk\u0105. Nasi trenerzy nauczania zajmuj\u0105 si\u0119 w szczeg\u00f3lno\u015bci mocnymi i s\u0142abymi stronami ka\u017cdego ucznia i w ten spos\u00f3b tworz\u0105 podstawy do optymalnego [&hellip;]<\/p>\n","protected":false},"author":1,"featured_media":0,"parent":6999,"menu_order":0,"comment_status":"closed","ping_status":"closed","template":"","meta":{"_seopress_robots_primary_cat":"","_seopress_titles_title":"","_seopress_titles_desc":"","_seopress_robots_index":"","site-sidebar-layout":"no-sidebar","site-content-layout":"page-builder","ast-site-content-layout":"default","site-content-style":"default","site-sidebar-style":"default","ast-global-header-display":"","ast-banner-title-visibility":"","ast-main-header-display":"","ast-hfb-above-header-display":"","ast-hfb-below-header-display":"","ast-hfb-mobile-header-display":"","site-post-title":"disabled","ast-breadcrumbs-content":"","ast-featured-img":"disabled","footer-sml-layout":"","ast-disable-related-posts":"","theme-transparent-header-meta":"default","adv-header-id-meta":"","stick-header-meta":"","header-above-stick-meta":"","header-main-stick-meta":"","header-below-stick-meta":"","astra-migrate-meta-layouts":"default","ast-page-background-enabled":"default","ast-page-background-meta":{"desktop":{"background-color":"","background-image":"","background-repeat":"repeat","background-position":"center center","background-size":"auto","background-attachment":"scroll","background-type":"","background-media":"","overlay-type":"","overlay-color":"","overlay-opacity":"","overlay-gradient":""},"tablet":{"background-color":"","background-image":"","background-repeat":"repeat","background-position":"center center","background-size":"auto","background-attachment":"scroll","background-type":"","background-media":"","overlay-type":"","overlay-color":"","overlay-opacity":"","overlay-gradient":""},"mobile":{"background-color":"","background-image":"","background-repeat":"repeat","background-position":"center center","background-size":"auto","background-attachment":"scroll","background-type":"","background-media":"","overlay-type":"","overlay-color":"","overlay-opacity":"","overlay-gradient":""}},"ast-content-background-meta":{"desktop":{"background-color":"var(--ast-global-color-5)","background-image":"","background-repeat":"repeat","background-position":"center center","background-size":"auto","background-attachment":"scroll","background-type":"","background-media":"","overlay-type":"","overlay-color":"","overlay-opacity":"","overlay-gradient":""},"tablet":{"background-color":"var(--ast-global-color-5)","background-image":"","background-repeat":"repeat","background-position":"center center","background-size":"auto","background-attachment":"scroll","background-type":"","background-media":"","overlay-type":"","overlay-color":"","overlay-opacity":"","overlay-gradient":""},"mobile":{"background-color":"var(--ast-global-color-5)","background-image":"","background-repeat":"repeat","background-position":"center center","background-size":"auto","background-attachment":"scroll","background-type":"","background-media":"","overlay-type":"","overlay-color":"","overlay-opacity":"","overlay-gradient":""}},"footnotes":""},"class_list":["post-7440","page","type-page","status-publish","hentry"],"_links":{"self":[{"href":"https:\/\/alerno.de\/pl\/wp-json\/wp\/v2\/pages\/7440","targetHints":{"allow":["GET"]}}],"collection":[{"href":"https:\/\/alerno.de\/pl\/wp-json\/wp\/v2\/pages"}],"about":[{"href":"https:\/\/alerno.de\/pl\/wp-json\/wp\/v2\/types\/page"}],"author":[{"embeddable":true,"href":"https:\/\/alerno.de\/pl\/wp-json\/wp\/v2\/users\/1"}],"replies":[{"embeddable":true,"href":"https:\/\/alerno.de\/pl\/wp-json\/wp\/v2\/comments?post=7440"}],"version-history":[{"count":1,"href":"https:\/\/alerno.de\/pl\/wp-json\/wp\/v2\/pages\/7440\/revisions"}],"predecessor-version":[{"id":7444,"href":"https:\/\/alerno.de\/pl\/wp-json\/wp\/v2\/pages\/7440\/revisions\/7444"}],"up":[{"embeddable":true,"href":"https:\/\/alerno.de\/pl\/wp-json\/wp\/v2\/pages\/6999"}],"wp:attachment":[{"href":"https:\/\/alerno.de\/pl\/wp-json\/wp\/v2\/media?parent=7440"}],"curies":[{"name":"wp","href":"https:\/\/api.w.org\/{rel}","templated":true}]}}