{"id":6968,"date":"2022-09-22T11:43:49","date_gmt":"2022-09-22T09:43:49","guid":{"rendered":"https:\/\/alerno.de\/przykladowa-strona\/"},"modified":"2023-01-17T16:22:14","modified_gmt":"2023-01-17T15:22:14","slug":"przykladowa-strona","status":"publish","type":"page","link":"https:\/\/alerno.de\/pl\/przykladowa-strona\/","title":{"rendered":"Przyk\u0142adowa strona"},"content":{"rendered":"\n<p>To jest przyk\u0142adowa strona. Od post\u00f3w r\u00f3\u017cni si\u0119 tym, \u017ce zawsze pozostaje w tym samym miejscu i (w przypadku wi\u0119kszo\u015bci motyw\u00f3w) jest wy\u015bwietlany w nawigacji strony. Wi\u0119kszo\u015b\u0107 zaczyna od nadruku, polityki prywatno\u015bci lub strony &#8222;o nas\", aby przedstawi\u0107 si\u0119 potencjalnym odwiedzaj\u0105cym stron\u0119. Mog\u0142aby ona m\u00f3wi\u0107 na przyk\u0142ad:<\/p>\n\n<blockquote class=\"wp-block-quote is-layout-flow wp-block-quote-is-layout-flow\"><p>Witam! W dzie\u0144 pracuj\u0119 jako kurier rowerowy, w nocy jestem aspiruj\u0105cym aktorem, a to jest moja strona internetowa. Mieszkam w Berlinie, mam du\u017cego psa Jacka, lubi\u0119 pi\u00f1a colady, ale mniej zostawa\u0107 na deszczu (bez parasola).<\/p><\/blockquote>\n\n<p>&#8230; lub co\u015b w tym stylu:<\/p>\n\n<blockquote class=\"wp-block-quote is-layout-flow wp-block-quote-is-layout-flow\"><p>Firma XYZ zosta\u0142a za\u0142o\u017cona w 1971 roku i od tego czasu dostarcza spo\u0142ecze\u0144stwu wysokiej jako\u015bci produkty. W swojej lokalizacji w ma\u0142ym mie\u015bcie firma zatrudnia ponad 2000 os\u00f3b i wspiera mieszka\u0144c\u00f3w miasta na wiele sposob\u00f3w.<\/p><\/blockquote>\n\n<p>Jako nowy u\u017cytkownik WordPressa powiniene\u015b przej\u015b\u0107 do <a href=\"https:\/\/alerno.de\/wp-admin\/\">swojego pul<\/a> pitu nawigacyjnego, aby usun\u0105\u0107 t\u0119 stron\u0119 i utworzy\u0107 nowe strony i posty dla swojej witryny. Bawcie si\u0119 dobrze!<\/p>\n","protected":false},"excerpt":{"rendered":"<p>To jest przyk\u0142adowa strona. Od post\u00f3w r\u00f3\u017cni si\u0119 tym, \u017ce zawsze pozostaje w tym samym miejscu i (w przypadku wi\u0119kszo\u015bci motyw\u00f3w) jest wy\u015bwietlany w nawigacji strony. Wi\u0119kszo\u015b\u0107 zaczyna od nadruku, polityki prywatno\u015bci lub strony &#8222;o nas\", aby przedstawi\u0107 si\u0119 potencjalnym odwiedzaj\u0105cym stron\u0119. Mog\u0142aby ona m\u00f3wi\u0107 na przyk\u0142ad: Witam! W dzie\u0144 pracuj\u0119 jako kurier rowerowy, w [&hellip;]<\/p>\n","protected":false},"author":1,"featured_media":0,"parent":0,"menu_order":0,"comment_status":"closed","ping_status":"open","template":"","meta":{"_seopress_robots_primary_cat":"","_seopress_titles_title":"","_seopress_titles_desc":"","_seopress_robots_index":"","site-sidebar-layout":"default","site-content-layout":"","ast-site-content-layout":"default","site-content-style":"default","site-sidebar-style":"default","ast-global-header-display":"","ast-banner-title-visibility":"","ast-main-header-display":"","ast-hfb-above-header-display":"","ast-hfb-below-header-display":"","ast-hfb-mobile-header-display":"","site-post-title":"","ast-breadcrumbs-content":"","ast-featured-img":"","footer-sml-layout":"","ast-disable-related-posts":"","theme-transparent-header-meta":"","adv-header-id-meta":"","stick-header-meta":"","header-above-stick-meta":"","header-main-stick-meta":"","header-below-stick-meta":"","astra-migrate-meta-layouts":"default","ast-page-background-enabled":"default","ast-page-background-meta":{"desktop":{"background-color":"","background-image":"","background-repeat":"repeat","background-position":"center center","background-size":"auto","background-attachment":"scroll","background-type":"","background-media":"","overlay-type":"","overlay-color":"","overlay-opacity":"","overlay-gradient":""},"tablet":{"background-color":"","background-image":"","background-repeat":"repeat","background-position":"center center","background-size":"auto","background-attachment":"scroll","background-type":"","background-media":"","overlay-type":"","overlay-color":"","overlay-opacity":"","overlay-gradient":""},"mobile":{"background-color":"","background-image":"","background-repeat":"repeat","background-position":"center center","background-size":"auto","background-attachment":"scroll","background-type":"","background-media":"","overlay-type":"","overlay-color":"","overlay-opacity":"","overlay-gradient":""}},"ast-content-background-meta":{"desktop":{"background-color":"var(--ast-global-color-5)","background-image":"","background-repeat":"repeat","background-position":"center center","background-size":"auto","background-attachment":"scroll","background-type":"","background-media":"","overlay-type":"","overlay-color":"","overlay-opacity":"","overlay-gradient":""},"tablet":{"background-color":"var(--ast-global-color-5)","background-image":"","background-repeat":"repeat","background-position":"center center","background-size":"auto","background-attachment":"scroll","background-type":"","background-media":"","overlay-type":"","overlay-color":"","overlay-opacity":"","overlay-gradient":""},"mobile":{"background-color":"var(--ast-global-color-5)","background-image":"","background-repeat":"repeat","background-position":"center center","background-size":"auto","background-attachment":"scroll","background-type":"","background-media":"","overlay-type":"","overlay-color":"","overlay-opacity":"","overlay-gradient":""}},"footnotes":""},"class_list":["post-6968","page","type-page","status-publish","hentry"],"_links":{"self":[{"href":"https:\/\/alerno.de\/pl\/wp-json\/wp\/v2\/pages\/6968","targetHints":{"allow":["GET"]}}],"collection":[{"href":"https:\/\/alerno.de\/pl\/wp-json\/wp\/v2\/pages"}],"about":[{"href":"https:\/\/alerno.de\/pl\/wp-json\/wp\/v2\/types\/page"}],"author":[{"embeddable":true,"href":"https:\/\/alerno.de\/pl\/wp-json\/wp\/v2\/users\/1"}],"replies":[{"embeddable":true,"href":"https:\/\/alerno.de\/pl\/wp-json\/wp\/v2\/comments?post=6968"}],"version-history":[{"count":1,"href":"https:\/\/alerno.de\/pl\/wp-json\/wp\/v2\/pages\/6968\/revisions"}],"predecessor-version":[{"id":6971,"href":"https:\/\/alerno.de\/pl\/wp-json\/wp\/v2\/pages\/6968\/revisions\/6971"}],"wp:attachment":[{"href":"https:\/\/alerno.de\/pl\/wp-json\/wp\/v2\/media?parent=6968"}],"curies":[{"name":"wp","href":"https:\/\/api.w.org\/{rel}","templated":true}]}}