{"id":43733,"date":"2025-05-07T12:18:56","date_gmt":"2025-05-07T10:18:56","guid":{"rendered":"https:\/\/alerno.de\/kursy-wakacyjne-2025\/"},"modified":"2025-06-17T10:23:41","modified_gmt":"2025-06-17T08:23:41","slug":"kursy-wakacyjne-2025","status":"publish","type":"page","link":"https:\/\/alerno.de\/pl\/kursy-wakacyjne-2025\/","title":{"rendered":"Kursy wakacyjne-2025"},"content":{"rendered":"\t\t<div data-elementor-type=\"wp-page\" data-elementor-id=\"43733\" class=\"elementor elementor-43733 elementor-43221\" data-elementor-post-type=\"page\">\n\t\t\t\t\t\t<section class=\"elementor-section elementor-top-section elementor-element elementor-element-5cd9faa elementor-section-boxed elementor-section-height-default elementor-section-height-default\" data-id=\"5cd9faa\" data-element_type=\"section\" data-e-type=\"section\">\n\t\t\t\t\t\t<div class=\"elementor-container elementor-column-gap-default\">\n\t\t\t\t\t<div class=\"elementor-column elementor-col-100 elementor-top-column elementor-element elementor-element-aab293f\" data-id=\"aab293f\" data-element_type=\"column\" data-e-type=\"column\">\n\t\t\t<div class=\"elementor-widget-wrap elementor-element-populated\">\n\t\t\t\t\t\t<div class=\"elementor-element elementor-element-d0416b3 elementor-widget elementor-widget-heading\" data-id=\"d0416b3\" data-element_type=\"widget\" data-e-type=\"widget\" data-widget_type=\"heading.default\">\n\t\t\t\t<div class=\"elementor-widget-container\">\n\t\t\t\t\t<h2 class=\"elementor-heading-title elementor-size-default\">Kursy wakacyjne 2025<\/h2>\t\t\t\t<\/div>\n\t\t\t\t<\/div>\n\t\t\t\t\t<\/div>\n\t\t<\/div>\n\t\t\t\t\t<\/div>\n\t\t<\/section>\n\t\t\t\t<section class=\"elementor-section elementor-top-section elementor-element elementor-element-86fb2c6 elementor-section-boxed elementor-section-height-default elementor-section-height-default\" data-id=\"86fb2c6\" data-element_type=\"section\" data-e-type=\"section\">\n\t\t\t\t\t\t<div class=\"elementor-container elementor-column-gap-default\">\n\t\t\t\t\t<div class=\"elementor-column elementor-col-100 elementor-top-column elementor-element elementor-element-8d0e0ae\" data-id=\"8d0e0ae\" data-element_type=\"column\" data-e-type=\"column\">\n\t\t\t<div class=\"elementor-widget-wrap elementor-element-populated\">\n\t\t\t\t\t\t<div class=\"elementor-element elementor-element-efecd73 elementor-widget elementor-widget-text-editor\" data-id=\"efecd73\" data-element_type=\"widget\" data-e-type=\"widget\" data-widget_type=\"text-editor.default\">\n\t\t\t\t<div class=\"elementor-widget-container\">\n\t\t\t\t\t\t\t\t\t<p>Drodzy rodzice,<br>Wakacje to dobra okazja do utrwalenia materia\u0142u i rozpocz\u0119cia nowego roku szkolnego dobrze przygotowanym. W\u0142a\u015bnie to chcemy umo\u017cliwi\u0107 dzi\u0119ki naszym <strong>kursom wakacyjnym<\/strong>. <\/p><p><strong>Kto mo\u017ce wzi\u0105\u0107 udzia\u0142?<\/strong><\/p><p>Uczniowie posiadaj\u0105cy <strong>Bremen Pass<\/strong>, kt\u00f3rzy obecnie bior\u0105 udzia\u0142 w korepetycjach alerno, mog\u0105 zarejestrowa\u0107 si\u0119 na kursy wakacyjne alerno:<\/p><ul><li>Uczniowie, kt\u00f3rzy ucz\u0119szczaj\u0105 na jedn\u0105 <strong>regularn\u0105 lekcj\u0119 grupow\u0105 tygodniowo<\/strong> (jeden przedmiot), maj\u0105 prawo do <strong>jednego tygodnia kursu wakacyjnego<\/strong> z tego samego przedmiotu.<\/li><li>Dzi\u0119ki <strong>dw\u00f3m lekcjom grupowym tygodniowo<\/strong> mo\u017cna uczestniczy\u0107 w <strong>dw\u00f3ch kursach wakacyjnych<\/strong> z odpowiednich przedmiot\u00f3w.<\/li><\/ul><p><strong>Godziny i czas trwania kursu<\/strong><\/p><p>Kursy wakacyjne odbywaj\u0105 si\u0119 <strong>od poniedzia\u0142ku do pi\u0105tku rano<\/strong> i trwaj\u0105 <strong>90 minut<\/strong> ka\u017cdy.<br><strong>Godziny rozpocz\u0119cia:<\/strong> 10:00 lub 11:30 (wst\u0119pny wyb\u00f3r nie jest mo\u017cliwy). O dok\u0142adnej godzinie zostaniesz poinformowany z odpowiednim wyprzedzeniem - pro\u015bby o zmian\u0119 mog\u0105 zosta\u0107 rozpatrzone p\u00f3\u017aniej. <\/p><p><strong>Daty kurs\u00f3w wakacyjnych<\/strong><\/p><ul><li><strong>1. tydzie\u0144 kursu wakacyjnego:<\/strong> 28.07.2025 - 01.08.2025<\/li><li><strong>2. tydzie\u0144 kursu wakacyjnego:<\/strong> 04.08.2025 - 08.08.2025<\/li><\/ul>\t\t\t\t\t\t\t\t<\/div>\n\t\t\t\t<\/div>\n\t\t\t\t\t<\/div>\n\t\t<\/div>\n\t\t\t\t\t<\/div>\n\t\t<\/section>\n\t\t\t\t<section class=\"elementor-section elementor-top-section elementor-element elementor-element-26c60f8 elementor-section-boxed elementor-section-height-default elementor-section-height-default\" data-id=\"26c60f8\" data-element_type=\"section\" data-e-type=\"section\">\n\t\t\t\t\t\t<div class=\"elementor-container elementor-column-gap-default\">\n\t\t\t\t\t<div class=\"elementor-column elementor-col-100 elementor-top-column elementor-element elementor-element-4798975\" data-id=\"4798975\" data-element_type=\"column\" data-e-type=\"column\">\n\t\t\t<div class=\"elementor-widget-wrap elementor-element-populated\">\n\t\t\t\t\t\t<div class=\"elementor-element elementor-element-86df482 elementor-widget elementor-widget-html\" data-id=\"86df482\" data-element_type=\"widget\" data-e-type=\"widget\" data-widget_type=\"html.default\">\n\t\t\t\t<div class=\"elementor-widget-container\">\n\t\t\t\t\t<iframe src=\"https:\/\/forms.monday.com\/forms\/embed\/f182321e01baf2df82dc7a910830cfcc?r=use1\" width=\"650\" height=\"2300\" style=\"border: 0; box-shadow: 5px 5px 56px 0px rgba(0,0,0,0.25);\"><\/iframe>\t\t\t\t<\/div>\n\t\t\t\t<\/div>\n\t\t\t\t\t<\/div>\n\t\t<\/div>\n\t\t\t\t\t<\/div>\n\t\t<\/section>\n\t\t\t\t<\/div>\n\t\t","protected":false},"excerpt":{"rendered":"<p>Kursy wakacyjne 2025 Drodzy rodzice,Wakacje to dobra okazja do utrwalenia materia\u0142u i rozpocz\u0119cia nowego roku szkolnego dobrze przygotowanym. W\u0142a\u015bnie to chcemy umo\u017cliwi\u0107 dzi\u0119ki naszym kursom wakacyjnym. Kto mo\u017ce wzi\u0105\u0107 udzia\u0142? Uczniowie posiadaj\u0105cy Bremen Pass, kt\u00f3rzy obecnie bior\u0105 udzia\u0142 w korepetycjach alerno, mog\u0105 zarejestrowa\u0107 si\u0119 na kursy wakacyjne alerno: Uczniowie, kt\u00f3rzy ucz\u0119szczaj\u0105 na jedn\u0105 regularn\u0105 lekcj\u0119 [&hellip;]<\/p>\n","protected":false},"author":1,"featured_media":0,"parent":0,"menu_order":0,"comment_status":"closed","ping_status":"closed","template":"","meta":{"_seopress_robots_primary_cat":"","_seopress_titles_title":"","_seopress_titles_desc":"","_seopress_robots_index":"","site-sidebar-layout":"no-sidebar","site-content-layout":"page-builder","ast-site-content-layout":"full-width-container","site-content-style":"default","site-sidebar-style":"default","ast-global-header-display":"","ast-banner-title-visibility":"","ast-main-header-display":"","ast-hfb-above-header-display":"","ast-hfb-below-header-display":"","ast-hfb-mobile-header-display":"","site-post-title":"disabled","ast-breadcrumbs-content":"","ast-featured-img":"disabled","footer-sml-layout":"","ast-disable-related-posts":"","theme-transparent-header-meta":"default","adv-header-id-meta":"","stick-header-meta":"","header-above-stick-meta":"","header-main-stick-meta":"","header-below-stick-meta":"","astra-migrate-meta-layouts":"default","ast-page-background-enabled":"default","ast-page-background-meta":{"desktop":{"background-color":"","background-image":"","background-repeat":"repeat","background-position":"center center","background-size":"auto","background-attachment":"scroll","background-type":"","background-media":"","overlay-type":"","overlay-color":"","overlay-opacity":"","overlay-gradient":""},"tablet":{"background-color":"","background-image":"","background-repeat":"repeat","background-position":"center center","background-size":"auto","background-attachment":"scroll","background-type":"","background-media":"","overlay-type":"","overlay-color":"","overlay-opacity":"","overlay-gradient":""},"mobile":{"background-color":"","background-image":"","background-repeat":"repeat","background-position":"center center","background-size":"auto","background-attachment":"scroll","background-type":"","background-media":"","overlay-type":"","overlay-color":"","overlay-opacity":"","overlay-gradient":""}},"ast-content-background-meta":{"desktop":{"background-color":"var(--ast-global-color-5)","background-image":"","background-repeat":"repeat","background-position":"center center","background-size":"auto","background-attachment":"scroll","background-type":"","background-media":"","overlay-type":"","overlay-color":"","overlay-opacity":"","overlay-gradient":""},"tablet":{"background-color":"var(--ast-global-color-5)","background-image":"","background-repeat":"repeat","background-position":"center center","background-size":"auto","background-attachment":"scroll","background-type":"","background-media":"","overlay-type":"","overlay-color":"","overlay-opacity":"","overlay-gradient":""},"mobile":{"background-color":"var(--ast-global-color-5)","background-image":"","background-repeat":"repeat","background-position":"center center","background-size":"auto","background-attachment":"scroll","background-type":"","background-media":"","overlay-type":"","overlay-color":"","overlay-opacity":"","overlay-gradient":""}},"footnotes":""},"class_list":["post-43733","page","type-page","status-publish","hentry"],"_links":{"self":[{"href":"https:\/\/alerno.de\/pl\/wp-json\/wp\/v2\/pages\/43733","targetHints":{"allow":["GET"]}}],"collection":[{"href":"https:\/\/alerno.de\/pl\/wp-json\/wp\/v2\/pages"}],"about":[{"href":"https:\/\/alerno.de\/pl\/wp-json\/wp\/v2\/types\/page"}],"author":[{"embeddable":true,"href":"https:\/\/alerno.de\/pl\/wp-json\/wp\/v2\/users\/1"}],"replies":[{"embeddable":true,"href":"https:\/\/alerno.de\/pl\/wp-json\/wp\/v2\/comments?post=43733"}],"version-history":[{"count":1,"href":"https:\/\/alerno.de\/pl\/wp-json\/wp\/v2\/pages\/43733\/revisions"}],"predecessor-version":[{"id":43736,"href":"https:\/\/alerno.de\/pl\/wp-json\/wp\/v2\/pages\/43733\/revisions\/43736"}],"wp:attachment":[{"href":"https:\/\/alerno.de\/pl\/wp-json\/wp\/v2\/media?parent=43733"}],"curies":[{"name":"wp","href":"https:\/\/api.w.org\/{rel}","templated":true}]}}