{"id":22525,"date":"2023-06-08T11:44:49","date_gmt":"2023-06-08T09:44:49","guid":{"rendered":"https:\/\/alerno.de\/produkt\/praznicni-tecaj-matematike\/"},"modified":"2025-06-17T11:25:57","modified_gmt":"2025-06-17T09:25:57","slug":"matematicki-praznicni-tecaj","status":"publish","type":"product","link":"https:\/\/alerno.de\/hr\/produkt\/matematicki-praznicni-tecaj\/","title":{"rendered":"Prazni\u010dni te\u010daj osnovna \u0161kola 1 tjedan"},"content":{"rendered":"<h2 class=\"elementor-heading-title elementor-size-default\"><span class=\"ui-provider a b c d e f g h i j k l m n o p q r s t u v w x y z ab ac ae af ag ah ai aj ak\" dir=\"ltr\"><strong>U\u010denje u igri: ljetni prazni\u010dni te\u010daj matematike i njema\u010dkog jezika za osnovno\u0161kolce<\/strong><\/span><\/h2>\n<p>&nbsp;<\/p>\n<p>Te\u010daj \u201cU\u010denje kroz igru\u201d nudi osnovno\u0161kolcima od 1. do 4. razreda priliku da tijekom ljetnih praznika prodube svoje znanje matematike i njema\u010dkog jezika na razigran i djeci prilago\u0111en na\u010din.<\/p>\n<p><strong>detalji:<\/strong><\/p>\n<ul>\n<li><strong>1. tjedan:<\/strong> 22. srpnja 2024. do 26. srpnja 2024<\/li>\n<li><strong>2. tjedan:<\/strong> 29. srpnja 2024. do 2. kolovoza 2024<\/li>\n<li><strong>Trajanje:<\/strong> od ponedjeljka do petka, 180 minuta dnevno ujutro<\/li>\n<li><strong>Sadr\u017eaj:<\/strong> Razigrane vje\u017ebe iz matematike i njema\u010dkog jezika primjerene dobi<\/li>\n<li><strong>Pauze:<\/strong> igre u\u010denja i zajedni\u010dka pauza za doru\u010dak (molimo ponesite svoj doru\u010dak)<\/li>\n<li><strong>Mjesto:<\/strong> Bremen<\/li>\n<li><strong>Veli\u010dina grupe:<\/strong> Mala grupa za individualnu podr\u0161ku<\/li>\n<li><strong>Cijena:<\/strong> 99 \u20ac (besplatno za kupce s Bremen Passom)<\/li>\n<\/ul>\n<p><strong>Za\u0161to je te\u010daj za odmor u osnovnoj \u0161koli koristan?<\/strong><\/p>\n<ul>\n<li><strong>Ponavljanje nau\u010denog gradiva:<\/strong> U\u010dvr\u0161\u0107ivanje nau\u010denog iz predmeta njema\u010dki i matematika.<\/li>\n<li><strong>Opu\u0161tenije u\u010denje:<\/strong> Za vrijeme praznika nema pritiska \u0161kole, \u0161to omogu\u0107uje razigrano i opu\u0161teno u\u010denje.<\/li>\n<li><strong>Pozitivna atmosfera za u\u010denje:<\/strong> Na\u0161a opu\u0161tena atmosfera za u\u010denje optimalno podr\u017eava ovaj pristup.<\/li>\n<li><strong>Pozitivno iskustvo u\u010denja:<\/strong> Djeca bi trebala imati pozitivno i razigrano iskustvo u\u010denja tijekom ljetnih praznika.<\/li>\n<\/ul>\n<p><strong>Ciljevi u\u010denja:<\/strong><\/p>\n<ul>\n<li><strong>Matematika:<\/strong> U\u010dvrstiti osnove, rije\u0161iti prakti\u010dne i razigrane matemati\u010dke zadatke.<\/li>\n<li><strong>Njema\u010dki:<\/strong> promovirati jezi\u010dne vje\u0161tine, promovirati \u010ditanje kroz pri\u010de i kreativne vje\u017ebe, pisano izra\u017eavanje.<\/li>\n<li><strong>Op\u0107i ciljevi u\u010denja:<\/strong> motivacija za u\u010denje, socijalne vje\u0161tine kroz zajedni\u010dke aktivnosti, samostalno u\u010denje kroz vo\u0111ene zadatke.<\/li>\n<\/ul>\n<p><strong>Prednosti za roditelje:<\/strong> Va\u0161e dijete provodi 3 sata dnevno razumno i dobiva individualnu njegu. Na\u0161i iskusni u\u010ditelji osiguravaju inspirativno okru\u017eenje za u\u010denje u kojem svako dijete ima individualnu podr\u0161ku. To zna\u010di da djeca mogu krenuti u sljede\u0107u \u0161kolsku godinu oja\u010dana i s novim samopouzdanjem.<\/p>\n<hr>\n<p><strong>Napomena o potpori u u\u010denju putem Bremen Pass-a:<\/strong> Zahtjev za besplatnu potporu u u\u010denju putem Bremen Pass-a mo\u017ee se predati ve\u0107 za novu \u0161kolsku godinu 2024.\/25. Molimo koristite na\u0161 obrazac: <a class=\"fui-Link ___1rxvrpe f2hkw1w f3rmtva f1ewtqcl fyind8e f1k6fduh f1w7gpdv fk6fouc fjoy568 figsok6 f1hu3pq6 f11qmguv f19f4twv f1tyq0we f1g0x7ka fhxju0i f1qch9an f1cnd47f fqv5qza f1vmzxwi f1o700av f13mvf36 f1cmlufx f9n3di6 f1ids18y f1tx3yz7 f1deo86v f1eh06m1 f1iescvh fhgqx19 f1olyrje f1p93eir f1nev41a f1h8hb77 f1lqvz6u f10aw75t fsle3fq f17ae5zn\" title=\"https:\/\/alerno.de\/but\/\" href=\"https:\/\/alerno.de\/hr\/?page_id=31477\" target=\"_blank\" rel=\"noopener\" aria-label=\"Link Bremen Pass Antrag\">Prijava za Bremen Pass<\/a> .<\/p>\n<p>Radujemo se \u0161to mo\u017eemo po\u017eeljeti dobrodo\u0161licu va\u0161em djetetu na na\u0161e te\u010dajeve za odmor i \u017eelimo vam prekrasne i opu\u0161taju\u0107e ljetne praznike!<\/p>\n","protected":false},"excerpt":{"rendered":"<p>U\u010denje u igri: ljetni prazni\u010dni te\u010daj matematike i njema\u010dkog jezika za osnovno\u0161kolce &nbsp; Te\u010daj \u201cU\u010denje kroz igru\u201d nudi osnovno\u0161kolcima od 1. do 4. razreda priliku da tijekom ljetnih praznika prodube svoje znanje matematike i njema\u010dkog jezika na razigran i djeci prilago\u0111en na\u010din. detalji: 1. tjedan: 22. srpnja 2024. do 26. srpnja 2024 2. tjedan: 29. [&hellip;]<\/p>\n","protected":false},"featured_media":3729,"template":"","meta":{"_seopress_robots_primary_cat":"none","_seopress_titles_title":"","_seopress_titles_desc":"","_seopress_robots_index":"","site-sidebar-layout":"default","site-content-layout":"default","ast-site-content-layout":"default","site-content-style":"default","site-sidebar-style":"default","ast-global-header-display":"","ast-banner-title-visibility":"","ast-main-header-display":"","ast-hfb-above-header-display":"","ast-hfb-below-header-display":"","ast-hfb-mobile-header-display":"","site-post-title":"","ast-breadcrumbs-content":"","ast-featured-img":"","footer-sml-layout":"","ast-disable-related-posts":"","theme-transparent-header-meta":"default","adv-header-id-meta":"","stick-header-meta":"default","header-above-stick-meta":"","header-main-stick-meta":"","header-below-stick-meta":"","astra-migrate-meta-layouts":"default","ast-page-background-enabled":"default","ast-page-background-meta":{"desktop":{"background-color":"","background-image":"","background-repeat":"repeat","background-position":"center center","background-size":"auto","background-attachment":"scroll","background-type":"","background-media":"","overlay-type":"","overlay-color":"","overlay-opacity":"","overlay-gradient":""},"tablet":{"background-color":"","background-image":"","background-repeat":"repeat","background-position":"center center","background-size":"auto","background-attachment":"scroll","background-type":"","background-media":"","overlay-type":"","overlay-color":"","overlay-opacity":"","overlay-gradient":""},"mobile":{"background-color":"","background-image":"","background-repeat":"repeat","background-position":"center center","background-size":"auto","background-attachment":"scroll","background-type":"","background-media":"","overlay-type":"","overlay-color":"","overlay-opacity":"","overlay-gradient":""}},"ast-content-background-meta":{"desktop":{"background-color":"var(--ast-global-color-5)","background-image":"","background-repeat":"repeat","background-position":"center center","background-size":"auto","background-attachment":"scroll","background-type":"","background-media":"","overlay-type":"","overlay-color":"","overlay-opacity":"","overlay-gradient":""},"tablet":{"background-color":"var(--ast-global-color-5)","background-image":"","background-repeat":"repeat","background-position":"center center","background-size":"auto","background-attachment":"scroll","background-type":"","background-media":"","overlay-type":"","overlay-color":"","overlay-opacity":"","overlay-gradient":""},"mobile":{"background-color":"var(--ast-global-color-5)","background-image":"","background-repeat":"repeat","background-position":"center center","background-size":"auto","background-attachment":"scroll","background-type":"","background-media":"","overlay-type":"","overlay-color":"","overlay-opacity":"","overlay-gradient":""}}},"product_brand":[],"product_cat":[310],"product_tag":[],"class_list":{"0":"post-22525","1":"product","2":"type-product","3":"status-publish","4":"has-post-thumbnail","6":"product_cat-praznicni-tecajevi","7":"desktop-align-left","8":"tablet-align-left","9":"mobile-align-left","10":"ast-product-gallery-layout-horizontal-slider","11":"ast-product-gallery-with-no-image","12":"ast-product-single-variable","13":"ast-product-tabs-layout-horizontal","15":"first","16":"instock","17":"shipping-taxable","18":"purchasable","19":"product-type-variable"},"_links":{"self":[{"href":"https:\/\/alerno.de\/hr\/wp-json\/wp\/v2\/product\/22525","targetHints":{"allow":["GET"]}}],"collection":[{"href":"https:\/\/alerno.de\/hr\/wp-json\/wp\/v2\/product"}],"about":[{"href":"https:\/\/alerno.de\/hr\/wp-json\/wp\/v2\/types\/product"}],"wp:featuredmedia":[{"embeddable":true,"href":"https:\/\/alerno.de\/hr\/wp-json\/wp\/v2\/media\/3729"}],"wp:attachment":[{"href":"https:\/\/alerno.de\/hr\/wp-json\/wp\/v2\/media?parent=22525"}],"wp:term":[{"taxonomy":"product_brand","embeddable":true,"href":"https:\/\/alerno.de\/hr\/wp-json\/wp\/v2\/product_brand?post=22525"},{"taxonomy":"product_cat","embeddable":true,"href":"https:\/\/alerno.de\/hr\/wp-json\/wp\/v2\/product_cat?post=22525"},{"taxonomy":"product_tag","embeddable":true,"href":"https:\/\/alerno.de\/hr\/wp-json\/wp\/v2\/product_tag?post=22525"}],"curies":[{"name":"wp","href":"https:\/\/api.w.org\/{rel}","templated":true}]}}