{"id":22428,"date":"2023-06-08T11:44:42","date_gmt":"2023-06-08T09:44:42","guid":{"rendered":"https:\/\/alerno.de\/produkt\/praznicni-tecaj-engleskog-jezika\/"},"modified":"2025-06-17T11:25:45","modified_gmt":"2025-06-17T09:25:45","slug":"praznicni-tecaj-engleskog-jezika","status":"publish","type":"product","link":"https:\/\/alerno.de\/hr\/produkt\/praznicni-tecaj-engleskog-jezika\/","title":{"rendered":"Prazni\u010dni te\u010daj za vi\u0161u razinu (od 5. razreda) 1 tjedan"},"content":{"rendered":"<h2 class=\"elementor-heading-title elementor-size-default\"><span class=\"ui-provider a b c d e f g h i j k l m n o p q r s t u v w x y z ab ac ae af ag ah ai aj ak\" dir=\"ltr\"><strong>Ljeti zabavno u\u010denje: matematika, njema\u010dki i engleski za u\u010denike od 5. razreda<\/strong><\/span><\/h2>\n<p>Pru\u017eite svom djetetu priliku da tijekom ljetnih praznika popuni rupe u znanju i optimalno se pripremi za novu \u0161kolsku godinu. Na\u0161 te\u010daj \u201cLearning Fun in Summer\u201d nudi intenzivno ponavljanje i obnavljanje \u0161kolskog gradiva iz predmeta matematike, njema\u010dkog i engleskog jezika.<\/p>\n<p><strong>detalji:<\/strong><\/p>\n<ul>\n<li><strong>1. tjedan:<\/strong> 22. srpnja 2024. do 26. srpnja 2024<\/li>\n<li><strong>2. tjedan:<\/strong> 29. srpnja 2024. do 2. kolovoza 2024<\/li>\n<li><strong>Trajanje:<\/strong> od ponedjeljka do petka, 90 minuta dnevno ujutro<\/li>\n<li><strong>Sadr\u017eaj:<\/strong> Individualna poduka u malim grupama (do 5 polaznika)<\/li>\n<li><strong>Mjesta:<\/strong> Bremen<\/li>\n<\/ul>\n<p><strong>Pravo na prazni\u010dne te\u010dajeve za postoje\u0107e kupce:<\/strong><\/p>\n<p>Studenti koji jednom tjedno imaju nastavu iz predmeta u poslijepodnevnim satima imaju pravo na nastavu na odmoru. Samo jedan predmet (njema\u010dki, matematika ili engleski) mo\u017ee se izabrati po te\u010daju za odmor. Odabrani te\u010dajevi za odmor moraju biti iz predmeta za koje je tako\u0111er mogu\u0107e podu\u010davanje od strane Alera tijekom \u0161kolskih sati. Mora postojati valjana registracija koja je u tijeku ili Bremenska propusnica koja vrijedi do kraja \u0161kolske godine 2023\/2024. Prazni\u010dni te\u010dajevi besplatni su za studente s Bremenskom propusnicom.<\/p>\n<p><strong>Za\u0161to ljetni prazni\u010dni te\u010dajevi?<\/strong><\/p>\n<ul>\n<li><strong>Ponavljanje nastavnog gradiva:<\/strong> u\u010dvr\u0161\u0107ivanje nau\u010denog u predmetima njema\u010dki, matematika i engleski jezik.<\/li>\n<li><strong>Opu\u0161tenije u\u010denje:<\/strong> Za vrijeme praznika nema pritiska \u0161kole, \u0161to omogu\u0107uje razigrano i opu\u0161teno u\u010denje.<\/li>\n<li><strong>Pozitivna atmosfera za u\u010denje:<\/strong> Na\u0161a opu\u0161tena atmosfera za u\u010denje optimalno podr\u017eava ovaj pristup.<\/li>\n<\/ul>\n<p><strong>Ciljevi u\u010denja:<\/strong><\/p>\n<ul>\n<li><strong>Matematika:<\/strong> U\u010dvrstiti osnove, produbiti slo\u017eene teme, primijeniti koncepte.<\/li>\n<li><strong>Njema\u010dki:<\/strong> pobolj\u0161ati pravopis i gramatiku, promovirati \u010ditanje, pisano izra\u017eavanje.<\/li>\n<li><strong>Engleski:<\/strong> gramatika i pravopis, razumijevanje pro\u010ditanog, jezi\u010dna praksa.<\/li>\n<li><strong>Op\u0107i ciljevi u\u010denja:<\/strong> samostalno u\u010denje, motivacija za u\u010denje, socijalne vje\u0161tine.<\/li>\n<\/ul>\n<p><strong>Prednosti za roditelje:<\/strong><\/p>\n<p>Va\u0161e dijete provodi 90 minuta dnevno razumno i dobiva individualnu pa\u017enju.<\/p>\n","protected":false},"excerpt":{"rendered":"<p>Ljeti zabavno u\u010denje: matematika, njema\u010dki i engleski za u\u010denike od 5. razreda Pru\u017eite svom djetetu priliku da tijekom ljetnih praznika popuni rupe u znanju i optimalno se pripremi za novu \u0161kolsku godinu. Na\u0161 te\u010daj \u201cLearning Fun in Summer\u201d nudi intenzivno ponavljanje i obnavljanje \u0161kolskog gradiva iz predmeta matematike, njema\u010dkog i engleskog jezika. detalji: 1. tjedan: [&hellip;]<\/p>\n","protected":false},"featured_media":3745,"template":"","meta":{"_seopress_robots_primary_cat":"none","_seopress_titles_title":"","_seopress_titles_desc":"","_seopress_robots_index":"","site-sidebar-layout":"default","site-content-layout":"default","ast-site-content-layout":"default","site-content-style":"default","site-sidebar-style":"default","ast-global-header-display":"","ast-banner-title-visibility":"","ast-main-header-display":"","ast-hfb-above-header-display":"","ast-hfb-below-header-display":"","ast-hfb-mobile-header-display":"","site-post-title":"","ast-breadcrumbs-content":"","ast-featured-img":"","footer-sml-layout":"","ast-disable-related-posts":"","theme-transparent-header-meta":"default","adv-header-id-meta":"","stick-header-meta":"default","header-above-stick-meta":"","header-main-stick-meta":"","header-below-stick-meta":"","astra-migrate-meta-layouts":"default","ast-page-background-enabled":"default","ast-page-background-meta":{"desktop":{"background-color":"","background-image":"","background-repeat":"repeat","background-position":"center center","background-size":"auto","background-attachment":"scroll","background-type":"","background-media":"","overlay-type":"","overlay-color":"","overlay-opacity":"","overlay-gradient":""},"tablet":{"background-color":"","background-image":"","background-repeat":"repeat","background-position":"center center","background-size":"auto","background-attachment":"scroll","background-type":"","background-media":"","overlay-type":"","overlay-color":"","overlay-opacity":"","overlay-gradient":""},"mobile":{"background-color":"","background-image":"","background-repeat":"repeat","background-position":"center center","background-size":"auto","background-attachment":"scroll","background-type":"","background-media":"","overlay-type":"","overlay-color":"","overlay-opacity":"","overlay-gradient":""}},"ast-content-background-meta":{"desktop":{"background-color":"var(--ast-global-color-5)","background-image":"","background-repeat":"repeat","background-position":"center center","background-size":"auto","background-attachment":"scroll","background-type":"","background-media":"","overlay-type":"","overlay-color":"","overlay-opacity":"","overlay-gradient":""},"tablet":{"background-color":"var(--ast-global-color-5)","background-image":"","background-repeat":"repeat","background-position":"center center","background-size":"auto","background-attachment":"scroll","background-type":"","background-media":"","overlay-type":"","overlay-color":"","overlay-opacity":"","overlay-gradient":""},"mobile":{"background-color":"var(--ast-global-color-5)","background-image":"","background-repeat":"repeat","background-position":"center center","background-size":"auto","background-attachment":"scroll","background-type":"","background-media":"","overlay-type":"","overlay-color":"","overlay-opacity":"","overlay-gradient":""}}},"product_brand":[],"product_cat":[310],"product_tag":[],"class_list":{"0":"post-22428","1":"product","2":"type-product","3":"status-publish","4":"has-post-thumbnail","6":"product_cat-praznicni-tecajevi","7":"desktop-align-left","8":"tablet-align-left","9":"mobile-align-left","10":"ast-product-gallery-layout-horizontal-slider","11":"ast-product-gallery-with-no-image","12":"ast-product-single-variable","13":"ast-product-tabs-layout-horizontal","15":"first","16":"instock","17":"shipping-taxable","18":"purchasable","19":"product-type-variable"},"_links":{"self":[{"href":"https:\/\/alerno.de\/hr\/wp-json\/wp\/v2\/product\/22428","targetHints":{"allow":["GET"]}}],"collection":[{"href":"https:\/\/alerno.de\/hr\/wp-json\/wp\/v2\/product"}],"about":[{"href":"https:\/\/alerno.de\/hr\/wp-json\/wp\/v2\/types\/product"}],"wp:featuredmedia":[{"embeddable":true,"href":"https:\/\/alerno.de\/hr\/wp-json\/wp\/v2\/media\/3745"}],"wp:attachment":[{"href":"https:\/\/alerno.de\/hr\/wp-json\/wp\/v2\/media?parent=22428"}],"wp:term":[{"taxonomy":"product_brand","embeddable":true,"href":"https:\/\/alerno.de\/hr\/wp-json\/wp\/v2\/product_brand?post=22428"},{"taxonomy":"product_cat","embeddable":true,"href":"https:\/\/alerno.de\/hr\/wp-json\/wp\/v2\/product_cat?post=22428"},{"taxonomy":"product_tag","embeddable":true,"href":"https:\/\/alerno.de\/hr\/wp-json\/wp\/v2\/product_tag?post=22428"}],"curies":[{"name":"wp","href":"https:\/\/api.w.org\/{rel}","templated":true}]}}