{"id":14050,"date":"2023-02-27T11:43:01","date_gmt":"2023-02-27T10:43:01","guid":{"rendered":"https:\/\/alerno.de\/produkt\/abi-ubrzani-tecaj-izazov-od-24-sata\/"},"modified":"2023-04-12T15:11:57","modified_gmt":"2023-04-12T13:11:57","slug":"abi-brzi-tecaj-24-satni-izazov","status":"publish","type":"product","link":"https:\/\/alerno.de\/hr\/produkt\/abi-brzi-tecaj-24-satni-izazov\/","title":{"rendered":"Abi ubrzani te\u010daj \u2013 izazov od 24 sata"},"content":{"rendered":"<section class=\"elementor-section elementor-top-section elementor-element elementor-element-5eac0c0 elementor-section-boxed elementor-section-height-default elementor-section-height-default\" data-id=\"5eac0c0\" data-element_type=\"section\">\n<div class=\"elementor-container elementor-column-gap-default\">\n<div class=\"elementor-column elementor-col-100 elementor-top-column elementor-element elementor-element-c0a42c7\" data-id=\"c0a42c7\" data-element_type=\"column\">\n<div class=\"elementor-widget-wrap elementor-element-populated\">\n<div class=\"elementor-element elementor-element-3d0f124 elementor-widget elementor-widget-heading\" data-id=\"3d0f124\" data-element_type=\"widget\" data-widget_type=\"heading.default\">\n<div class=\"elementor-widget-container\">\n<h2 class=\"elementor-heading-title elementor-size-default\">Na\u0161 bestseler \u2013 24-satni izazov<\/h2>\n<\/p><\/div>\n<\/p><\/div>\n<\/p><\/div>\n<\/p><\/div>\n<\/p><\/div>\n<\/section>\n<section class=\"elementor-section elementor-top-section elementor-element elementor-element-bf7defa elementor-section-boxed elementor-section-height-default elementor-section-height-default\" data-id=\"bf7defa\" data-element_type=\"section\">\n<div class=\"elementor-container elementor-column-gap-default\">\n<div class=\"elementor-column elementor-col-100 elementor-top-column elementor-element elementor-element-53ef57f\" data-id=\"53ef57f\" data-element_type=\"column\">\n<div class=\"elementor-widget-wrap elementor-element-populated\">\n<div class=\"elementor-element elementor-element-85f5f9b elementor-widget elementor-widget-text-editor\" data-id=\"85f5f9b\" data-element_type=\"widget\" data-widget_type=\"text-editor.default\">\n<div class=\"elementor-widget-container\">\n<p>Sve intenzivno ponavljati neposredno prije mature?<\/p>\n<p>Va\u0161a grupa se sastoji od 5-10 sudionika. Zna\u010dajno manja veli\u010dina grupe u usporedbi s drugim pru\u017eateljima usluga pove\u0107ava va\u0161 uspjeh u u\u010denju i stvara motiviraju\u0107u grupnu dinamiku.<\/p>\n<h3><strong>Za\u0161to biste trebali rezervirati ovaj te\u010daj<\/strong><\/h3>\n<ul>\n<li>Ponavljanje cjelokupnog relevantnog gradiva unutar 24 sata<\/li>\n<li>Abitur zadaci iz prethodnih godina s oglednim rje\u0161enjima<\/li>\n<li>Iskusni trener u\u010denja, uvijek uz vas<\/li>\n<\/ul>\n<h3><strong>Kada po\u010dinje 24-satni izazov?<\/strong><\/h3>\n<p>1. dio: subota\u2013nedjelja (22.04.-23.04.2023.) 10 do 16.30 (uklju\u010duju\u0107i pauzu od 30 minuta)<br \/>\n2. dio: subota \u2013 nedjelja (29.04.-30.04.2023.) 10.00 do 16.30 (uklju\u010duju\u0107i pauzu od 30 minuta)<\/p>\n<h3><strong>Gdje se odvija 24-satni izazov?<\/strong><\/h3>\n<ul>\n<li>Walle (Steffensweg 177)<\/li>\n<li>Mitte (Papenstr. 1)<\/li>\n<li>Vegesack (Gerhard-Rohlfs-Strasse 21)<\/li>\n<li>Schwachhausen (Schwachhauser-Heerstr. 51)<\/li>\n<li>Horn-Lehe (Leher Heerstr. 173)<\/li>\n<\/ul>\n<h3><strong>Koliko ko\u0161ta sudjelovanje u 24-satnom izazovu?<\/strong><\/h3>\n<p>Turbo Boost za va\u0161u matemati\u010dku Abi uz jednokratnu naknadu od 249 \u20ac.<br \/>\nOgrani\u010den broj sudionika.<\/p>\n<\/div><\/div>\n<\/p><\/div>\n<\/p><\/div>\n<\/p><\/div>\n<\/section>\n","protected":false},"excerpt":{"rendered":"<p>Na\u0161 bestseler \u2013 24-satni izazov Sve intenzivno ponavljati neposredno prije mature? Va\u0161a grupa se sastoji od 5-10 sudionika. Zna\u010dajno manja veli\u010dina grupe u usporedbi s drugim pru\u017eateljima usluga pove\u0107ava va\u0161 uspjeh u u\u010denju i stvara motiviraju\u0107u grupnu dinamiku. Za\u0161to biste trebali rezervirati ovaj te\u010daj Ponavljanje cjelokupnog relevantnog gradiva unutar 24 sata Abitur zadaci iz prethodnih [&hellip;]<\/p>\n","protected":false},"featured_media":13589,"template":"","meta":{"_seopress_robots_primary_cat":"none","_seopress_titles_title":"","_seopress_titles_desc":"","_seopress_robots_index":"","site-sidebar-layout":"default","site-content-layout":"default","ast-site-content-layout":"default","site-content-style":"default","site-sidebar-style":"default","ast-global-header-display":"","ast-banner-title-visibility":"","ast-main-header-display":"","ast-hfb-above-header-display":"","ast-hfb-below-header-display":"","ast-hfb-mobile-header-display":"","site-post-title":"","ast-breadcrumbs-content":"","ast-featured-img":"","footer-sml-layout":"","ast-disable-related-posts":"","theme-transparent-header-meta":"default","adv-header-id-meta":"","stick-header-meta":"default","header-above-stick-meta":"","header-main-stick-meta":"","header-below-stick-meta":"","astra-migrate-meta-layouts":"default","ast-page-background-enabled":"default","ast-page-background-meta":{"desktop":{"background-color":"","background-image":"","background-repeat":"repeat","background-position":"center center","background-size":"auto","background-attachment":"scroll","background-type":"","background-media":"","overlay-type":"","overlay-color":"","overlay-opacity":"","overlay-gradient":""},"tablet":{"background-color":"","background-image":"","background-repeat":"repeat","background-position":"center center","background-size":"auto","background-attachment":"scroll","background-type":"","background-media":"","overlay-type":"","overlay-color":"","overlay-opacity":"","overlay-gradient":""},"mobile":{"background-color":"","background-image":"","background-repeat":"repeat","background-position":"center center","background-size":"auto","background-attachment":"scroll","background-type":"","background-media":"","overlay-type":"","overlay-color":"","overlay-opacity":"","overlay-gradient":""}},"ast-content-background-meta":{"desktop":{"background-color":"var(--ast-global-color-5)","background-image":"","background-repeat":"repeat","background-position":"center center","background-size":"auto","background-attachment":"scroll","background-type":"","background-media":"","overlay-type":"","overlay-color":"","overlay-opacity":"","overlay-gradient":""},"tablet":{"background-color":"var(--ast-global-color-5)","background-image":"","background-repeat":"repeat","background-position":"center center","background-size":"auto","background-attachment":"scroll","background-type":"","background-media":"","overlay-type":"","overlay-color":"","overlay-opacity":"","overlay-gradient":""},"mobile":{"background-color":"var(--ast-global-color-5)","background-image":"","background-repeat":"repeat","background-position":"center center","background-size":"auto","background-attachment":"scroll","background-type":"","background-media":"","overlay-type":"","overlay-color":"","overlay-opacity":"","overlay-gradient":""}}},"product_brand":[],"product_cat":[232],"product_tag":[],"class_list":{"0":"post-14050","1":"product","2":"type-product","3":"status-publish","4":"has-post-thumbnail","6":"product_cat-tecajevi","7":"desktop-align-left","8":"tablet-align-left","9":"mobile-align-left","10":"ast-product-gallery-layout-horizontal-slider","11":"ast-product-gallery-with-no-image","12":"ast-product-single-variable","13":"ast-product-tabs-layout-horizontal","15":"first","16":"outofstock","17":"shipping-taxable","18":"purchasable","19":"product-type-variable"},"_links":{"self":[{"href":"https:\/\/alerno.de\/hr\/wp-json\/wp\/v2\/product\/14050","targetHints":{"allow":["GET"]}}],"collection":[{"href":"https:\/\/alerno.de\/hr\/wp-json\/wp\/v2\/product"}],"about":[{"href":"https:\/\/alerno.de\/hr\/wp-json\/wp\/v2\/types\/product"}],"wp:featuredmedia":[{"embeddable":true,"href":"https:\/\/alerno.de\/hr\/wp-json\/wp\/v2\/media\/13589"}],"wp:attachment":[{"href":"https:\/\/alerno.de\/hr\/wp-json\/wp\/v2\/media?parent=14050"}],"wp:term":[{"taxonomy":"product_brand","embeddable":true,"href":"https:\/\/alerno.de\/hr\/wp-json\/wp\/v2\/product_brand?post=14050"},{"taxonomy":"product_cat","embeddable":true,"href":"https:\/\/alerno.de\/hr\/wp-json\/wp\/v2\/product_cat?post=14050"},{"taxonomy":"product_tag","embeddable":true,"href":"https:\/\/alerno.de\/hr\/wp-json\/wp\/v2\/product_tag?post=14050"}],"curies":[{"name":"wp","href":"https:\/\/api.w.org\/{rel}","templated":true}]}}