{"id":7417,"date":"2023-01-10T11:52:27","date_gmt":"2023-01-10T10:52:27","guid":{"rendered":"https:\/\/alerno.de\/poducavanje\/individualna-i-grupna-poduka\/"},"modified":"2023-01-17T16:26:03","modified_gmt":"2023-01-17T15:26:03","slug":"individualna-i-grupna-poduka","status":"publish","type":"page","link":"https:\/\/alerno.de\/hr\/poducavanje\/individualna-i-grupna-poduka\/","title":{"rendered":"Individualna i grupna poduka"},"content":{"rendered":"\t\t<div data-elementor-type=\"wp-post\" data-elementor-id=\"7417\" class=\"elementor elementor-7417 elementor-1107\" data-elementor-post-type=\"page\">\n\t\t\t\t\t\t<section class=\"elementor-section elementor-top-section elementor-element elementor-element-67e95b4e elementor-section-content-middle elementor-section-boxed elementor-section-height-default elementor-section-height-default\" data-id=\"67e95b4e\" data-element_type=\"section\" data-e-type=\"section\" data-settings=\"{&quot;background_background&quot;:&quot;classic&quot;}\">\n\t\t\t\t\t\t<div class=\"elementor-container elementor-column-gap-no\">\n\t\t\t\t\t<div class=\"elementor-column elementor-col-50 elementor-top-column elementor-element elementor-element-7fe8011\" data-id=\"7fe8011\" data-element_type=\"column\" data-e-type=\"column\" data-settings=\"{&quot;background_background&quot;:&quot;classic&quot;}\">\n\t\t\t<div class=\"elementor-widget-wrap elementor-element-populated\">\n\t\t\t\t\t\t<div class=\"elementor-element elementor-element-671febbd elementor-widget elementor-widget-heading\" data-id=\"671febbd\" data-element_type=\"widget\" data-e-type=\"widget\" data-widget_type=\"heading.default\">\n\t\t\t\t<div class=\"elementor-widget-container\">\n\t\t\t\t\t<h1 class=\"elementor-heading-title elementor-size-default\">Individualna i grupna poduka<\/h1>\t\t\t\t<\/div>\n\t\t\t\t<\/div>\n\t\t\t\t<div class=\"elementor-element elementor-element-1453cc30 elementor-widget-divider--view-line elementor-widget elementor-widget-divider\" data-id=\"1453cc30\" data-element_type=\"widget\" data-e-type=\"widget\" data-widget_type=\"divider.default\">\n\t\t\t\t<div class=\"elementor-widget-container\">\n\t\t\t\t\t\t\t<div class=\"elementor-divider\">\n\t\t\t<span class=\"elementor-divider-separator\">\n\t\t\t\t\t\t<\/span>\n\t\t<\/div>\n\t\t\t\t\t\t<\/div>\n\t\t\t\t<\/div>\n\t\t\t\t\t<\/div>\n\t\t<\/div>\n\t\t\t\t<div class=\"elementor-column elementor-col-50 elementor-top-column elementor-element elementor-element-72b76697\" data-id=\"72b76697\" data-element_type=\"column\" data-e-type=\"column\">\n\t\t\t<div class=\"elementor-widget-wrap\">\n\t\t\t\t\t\t\t<\/div>\n\t\t<\/div>\n\t\t\t\t\t<\/div>\n\t\t<\/section>\n\t\t\t\t<section class=\"elementor-section elementor-top-section elementor-element elementor-element-13ffab0b elementor-section-content-middle elementor-section-boxed elementor-section-height-default elementor-section-height-default\" data-id=\"13ffab0b\" data-element_type=\"section\" data-e-type=\"section\" data-settings=\"{&quot;background_background&quot;:&quot;classic&quot;}\">\n\t\t\t\t\t\t\t<div class=\"elementor-background-overlay\"><\/div>\n\t\t\t\t\t\t\t<div class=\"elementor-container elementor-column-gap-no\">\n\t\t\t\t\t<div class=\"elementor-column elementor-col-100 elementor-top-column elementor-element elementor-element-57978a14\" data-id=\"57978a14\" data-element_type=\"column\" data-e-type=\"column\">\n\t\t\t<div class=\"elementor-widget-wrap elementor-element-populated\">\n\t\t\t\t\t\t<div class=\"elementor-element elementor-element-f6f53f5 elementor-widget elementor-widget-text-editor\" data-id=\"f6f53f5\" data-element_type=\"widget\" data-e-type=\"widget\" data-widget_type=\"text-editor.default\">\n\t\t\t\t<div class=\"elementor-widget-container\">\n\t\t\t\t\t\t\t\t\t<h2><strong>Individualna i grupna poduka uz alerno<\/strong><\/h2>\n<p>Zabavite se u\u010de\u0107i uz alerno. <br \/>Kao partner javnih \u0161kola, dio na\u0161eg temeljnog koncepta je pozitivno motivirati u\u010denike tako da u\u010de radosno i dobrovoljno. Na\u0161i treneri za u\u010denje posebno se bave jakim i slabim stranama svakog pojedinog u\u010denika i tako postavljaju temelje za optimalan i odr\u017eiv uspjeh u u\u010denju. Odaberite jednu od na\u0161ih <a href=\"https:\/\/www.alerno.de\/standorte\/\"><strong>11 alerno lokacija u Bremenu i okolici<\/strong><\/a> koja je najbli\u017ea va\u0161em domu i samo svratite!<\/p>\n<h3>Individualna nastava u malim grupama<\/h3>\n<ul>\n<li>tri do najvi\u0161e 5 studenata mentora<\/li>\n<li>tjedno u dogovoreno vrijeme<\/li>\n<li>svi u\u010denici su individualno zbrinuti<\/li>\n<li>dobra i ugodna atmosfera tijekom u\u010denja<\/li>\n<\/ul>\n<h3>privatne lekcije<\/h3>\n<ul>\n<li>privatne lekcije<\/li>\n<li>puno materijala u kratkom vremenu<\/li>\n<li>nakon duljeg izbivanja, boravka u inozemstvu ili bolesti (u slu\u010daju velikih praznina u znanju)<\/li>\n<li>Priprema i pra\u0107enje \u0161kolske nastave<\/li>\n<\/ul>\n<div>\n<table class=\"deedba\">\n<tbody>\n<tr>\n<td>\n<p><strong>Prednosti u\u010denja u maloj grupi:<\/strong><\/p>\n<ul>\n<li><strong>pozitivna motivacija,<\/strong> u\u010denje zajedno<\/li>\n<li><strong>Manje stresa, i<\/strong> drugi grije\u0161e<\/li>\n<li><strong>ni\u017ea cijena<\/strong> zbog grupne konstelacije<\/li>\n<li><strong>Dovoljno radno vrijeme<\/strong> (90 min jedinica)<\/li>\n<li>jedan besplatni <strong>dodatni termin<\/strong> mjese\u010dno<\/li>\n<li><strong>transparentan razvoj u\u010denja<\/strong> u\u010denika<\/li>\n<\/ul>\n<\/td>\n<td>\n<p><strong>Prednosti u\u010denja na privatnim satovima:<\/strong><\/p>\n<ul>\n<li>imajte trenera u\u010denja za <strong>sebe<\/strong><strong><br \/><\/strong><\/li>\n<li><strong>Prilagodite<\/strong> <strong>vrijeme<\/strong> i <strong>\u0161kolski predmet<\/strong> u kratkom roku<\/li>\n<li>vlastiti <strong>tempo u\u010denja<\/strong><\/li>\n<li>neometano u\u010denje, <strong>bez ometanja<\/strong><\/li>\n<li><strong>transparentan razvoj u\u010denja<\/strong> u\u010denika<\/li>\n<li>posebno u\u010dinkovit kod priprema za <strong>ispite<\/strong><\/li>\n<\/ul>\n<\/td>\n<\/tr>\n<\/tbody>\n<\/table>\n<\/div>\n\t\t\t\t\t\t\t\t<\/div>\n\t\t\t\t<\/div>\n\t\t\t\t\t<\/div>\n\t\t<\/div>\n\t\t\t\t\t<\/div>\n\t\t<\/section>\n\t\t\t\t<section class=\"elementor-section elementor-top-section elementor-element elementor-element-07ca8f4 elementor-section-boxed elementor-section-height-default elementor-section-height-default\" data-id=\"07ca8f4\" data-element_type=\"section\" data-e-type=\"section\">\n\t\t\t\t\t\t<div class=\"elementor-container elementor-column-gap-default\">\n\t\t\t\t\t<div class=\"elementor-column elementor-col-100 elementor-top-column elementor-element elementor-element-fd0c882\" data-id=\"fd0c882\" data-element_type=\"column\" data-e-type=\"column\">\n\t\t\t<div class=\"elementor-widget-wrap elementor-element-populated\">\n\t\t\t\t\t\t<div class=\"elementor-element elementor-element-3cf1dbc elementor-widget elementor-widget-text-editor\" data-id=\"3cf1dbc\" data-element_type=\"widget\" data-e-type=\"widget\" data-widget_type=\"text-editor.default\">\n\t\t\t\t<div class=\"elementor-widget-container\">\n\t\t\t\t\t\t\t\t\t<h3>Jesmo li pobudili va\u0161 interes?<\/h3>\n<p>Zatim nas nazovite sada ili nam izravno po\u0161aljite e-po\u0161tu koriste\u0107i <a href=\"https:\/\/alerno.de\/hr\/kontakt\/\" target=\"_blank\" rel=\"noopener\">obrazac za kontakt<\/a> !<\/p>\n<p><strong>pon \u2013 G\u0111a. 9 do 17 sati:<\/strong>&nbsp;<b>0421-60 95 737<\/b><\/p>\t\t\t\t\t\t\t\t<\/div>\n\t\t\t\t<\/div>\n\t\t\t\t\t<\/div>\n\t\t<\/div>\n\t\t\t\t\t<\/div>\n\t\t<\/section>\n\t\t\t\t<\/div>\n\t\t","protected":false},"excerpt":{"rendered":"<p>Individualna i grupna poduka Individualna i grupna poduka uz alerno Zabavite se u\u010de\u0107i uz alerno. Kao partner javnih \u0161kola, dio na\u0161eg temeljnog koncepta je pozitivno motivirati u\u010denike tako da u\u010de radosno i dobrovoljno. Na\u0161i treneri za u\u010denje posebno se bave jakim i slabim stranama svakog pojedinog u\u010denika i tako postavljaju temelje za optimalan i odr\u017eiv [&hellip;]<\/p>\n","protected":false},"author":1,"featured_media":0,"parent":7044,"menu_order":0,"comment_status":"closed","ping_status":"closed","template":"","meta":{"_seopress_robots_primary_cat":"","_seopress_titles_title":"","_seopress_titles_desc":"","_seopress_robots_index":"","site-sidebar-layout":"no-sidebar","site-content-layout":"page-builder","ast-site-content-layout":"default","site-content-style":"default","site-sidebar-style":"default","ast-global-header-display":"","ast-banner-title-visibility":"","ast-main-header-display":"","ast-hfb-above-header-display":"","ast-hfb-below-header-display":"","ast-hfb-mobile-header-display":"","site-post-title":"disabled","ast-breadcrumbs-content":"","ast-featured-img":"disabled","footer-sml-layout":"","ast-disable-related-posts":"","theme-transparent-header-meta":"default","adv-header-id-meta":"","stick-header-meta":"","header-above-stick-meta":"","header-main-stick-meta":"","header-below-stick-meta":"","astra-migrate-meta-layouts":"default","ast-page-background-enabled":"default","ast-page-background-meta":{"desktop":{"background-color":"","background-image":"","background-repeat":"repeat","background-position":"center center","background-size":"auto","background-attachment":"scroll","background-type":"","background-media":"","overlay-type":"","overlay-color":"","overlay-opacity":"","overlay-gradient":""},"tablet":{"background-color":"","background-image":"","background-repeat":"repeat","background-position":"center center","background-size":"auto","background-attachment":"scroll","background-type":"","background-media":"","overlay-type":"","overlay-color":"","overlay-opacity":"","overlay-gradient":""},"mobile":{"background-color":"","background-image":"","background-repeat":"repeat","background-position":"center center","background-size":"auto","background-attachment":"scroll","background-type":"","background-media":"","overlay-type":"","overlay-color":"","overlay-opacity":"","overlay-gradient":""}},"ast-content-background-meta":{"desktop":{"background-color":"var(--ast-global-color-5)","background-image":"","background-repeat":"repeat","background-position":"center center","background-size":"auto","background-attachment":"scroll","background-type":"","background-media":"","overlay-type":"","overlay-color":"","overlay-opacity":"","overlay-gradient":""},"tablet":{"background-color":"var(--ast-global-color-5)","background-image":"","background-repeat":"repeat","background-position":"center center","background-size":"auto","background-attachment":"scroll","background-type":"","background-media":"","overlay-type":"","overlay-color":"","overlay-opacity":"","overlay-gradient":""},"mobile":{"background-color":"var(--ast-global-color-5)","background-image":"","background-repeat":"repeat","background-position":"center center","background-size":"auto","background-attachment":"scroll","background-type":"","background-media":"","overlay-type":"","overlay-color":"","overlay-opacity":"","overlay-gradient":""}},"footnotes":""},"class_list":["post-7417","page","type-page","status-publish","hentry"],"_links":{"self":[{"href":"https:\/\/alerno.de\/hr\/wp-json\/wp\/v2\/pages\/7417","targetHints":{"allow":["GET"]}}],"collection":[{"href":"https:\/\/alerno.de\/hr\/wp-json\/wp\/v2\/pages"}],"about":[{"href":"https:\/\/alerno.de\/hr\/wp-json\/wp\/v2\/types\/page"}],"author":[{"embeddable":true,"href":"https:\/\/alerno.de\/hr\/wp-json\/wp\/v2\/users\/1"}],"replies":[{"embeddable":true,"href":"https:\/\/alerno.de\/hr\/wp-json\/wp\/v2\/comments?post=7417"}],"version-history":[{"count":1,"href":"https:\/\/alerno.de\/hr\/wp-json\/wp\/v2\/pages\/7417\/revisions"}],"predecessor-version":[{"id":7421,"href":"https:\/\/alerno.de\/hr\/wp-json\/wp\/v2\/pages\/7417\/revisions\/7421"}],"up":[{"embeddable":true,"href":"https:\/\/alerno.de\/hr\/wp-json\/wp\/v2\/pages\/7044"}],"wp:attachment":[{"href":"https:\/\/alerno.de\/hr\/wp-json\/wp\/v2\/media?parent=7417"}],"curies":[{"name":"wp","href":"https:\/\/api.w.org\/{rel}","templated":true}]}}