{"id":6961,"date":"2022-09-22T11:43:49","date_gmt":"2022-09-22T09:43:49","guid":{"rendered":"https:\/\/alerno.de\/ogledna-stranica\/"},"modified":"2023-01-17T16:22:14","modified_gmt":"2023-01-17T15:22:14","slug":"ogledna-stranica","status":"publish","type":"page","link":"https:\/\/alerno.de\/hr\/ogledna-stranica\/","title":{"rendered":"ogledna stranica"},"content":{"rendered":"\n<p>Ovo je primjer stranice. Razlikuje se od postova po tome \u0161to uvijek ostaje na istom mjestu i (na ve\u0107ini tema) pojavljuje se u navigaciji stranice. Ve\u0107ina po\u010dinje impresumom, politikom privatnosti ili stranicom &#8220;O nama\" kako bi se predstavili potencijalnim posjetiteljima stranice. Na primjer, moglo bi postojati:<\/p>\n\n<blockquote class=\"wp-block-quote is-layout-flow wp-block-quote-is-layout-flow\"><p>Bok! Danju radim kao raznosa\u010d na biciklu, no\u0107u sam ambiciozan glumac i ovo je moja web stranica. \u017divim u Berlinu, imam velikog psa po imenu Jack, poput pi\u00f1a colade, ali ne toliko izostavljen na ki\u0161i (bez ki\u0161obrana).<\/p><\/blockquote>\n\n<p>&#8230;ili ne\u0161to poput:<\/p>\n\n<blockquote class=\"wp-block-quote is-layout-flow wp-block-quote-is-layout-flow\"><p>Tvrtka XYZ osnovana je 1971. godine i od tada javnosti pru\u017ea proizvode visoke kvalitete. Smje\u0161tena u malom gradu, tvrtka zapo\u0161ljava vi\u0161e od 2000 ljudi i podr\u017eava gra\u0111ane na mnogo na\u010dina.<\/p><\/blockquote>\n\n<p>Kao novi korisnik WordPress-a, trebali biste oti\u0107i na <a href=\"https:\/\/alerno.de\/wp-admin\/\">nadzornu plo\u010du<\/a> kako biste izbrisali ovu stranicu i izradili nove stranice i postove za svoju web-lokaciju. Zabavi se!<\/p>\n","protected":false},"excerpt":{"rendered":"<p>Ovo je primjer stranice. Razlikuje se od postova po tome \u0161to uvijek ostaje na istom mjestu i (na ve\u0107ini tema) pojavljuje se u navigaciji stranice. Ve\u0107ina po\u010dinje impresumom, politikom privatnosti ili stranicom &#8220;O nama\" kako bi se predstavili potencijalnim posjetiteljima stranice. Na primjer, moglo bi postojati: Bok! Danju radim kao raznosa\u010d na biciklu, no\u0107u sam [&hellip;]<\/p>\n","protected":false},"author":1,"featured_media":0,"parent":0,"menu_order":0,"comment_status":"closed","ping_status":"open","template":"","meta":{"_seopress_robots_primary_cat":"","_seopress_titles_title":"","_seopress_titles_desc":"","_seopress_robots_index":"","site-sidebar-layout":"default","site-content-layout":"","ast-site-content-layout":"default","site-content-style":"default","site-sidebar-style":"default","ast-global-header-display":"","ast-banner-title-visibility":"","ast-main-header-display":"","ast-hfb-above-header-display":"","ast-hfb-below-header-display":"","ast-hfb-mobile-header-display":"","site-post-title":"","ast-breadcrumbs-content":"","ast-featured-img":"","footer-sml-layout":"","ast-disable-related-posts":"","theme-transparent-header-meta":"","adv-header-id-meta":"","stick-header-meta":"","header-above-stick-meta":"","header-main-stick-meta":"","header-below-stick-meta":"","astra-migrate-meta-layouts":"default","ast-page-background-enabled":"default","ast-page-background-meta":{"desktop":{"background-color":"","background-image":"","background-repeat":"repeat","background-position":"center center","background-size":"auto","background-attachment":"scroll","background-type":"","background-media":"","overlay-type":"","overlay-color":"","overlay-opacity":"","overlay-gradient":""},"tablet":{"background-color":"","background-image":"","background-repeat":"repeat","background-position":"center center","background-size":"auto","background-attachment":"scroll","background-type":"","background-media":"","overlay-type":"","overlay-color":"","overlay-opacity":"","overlay-gradient":""},"mobile":{"background-color":"","background-image":"","background-repeat":"repeat","background-position":"center center","background-size":"auto","background-attachment":"scroll","background-type":"","background-media":"","overlay-type":"","overlay-color":"","overlay-opacity":"","overlay-gradient":""}},"ast-content-background-meta":{"desktop":{"background-color":"var(--ast-global-color-5)","background-image":"","background-repeat":"repeat","background-position":"center center","background-size":"auto","background-attachment":"scroll","background-type":"","background-media":"","overlay-type":"","overlay-color":"","overlay-opacity":"","overlay-gradient":""},"tablet":{"background-color":"var(--ast-global-color-5)","background-image":"","background-repeat":"repeat","background-position":"center center","background-size":"auto","background-attachment":"scroll","background-type":"","background-media":"","overlay-type":"","overlay-color":"","overlay-opacity":"","overlay-gradient":""},"mobile":{"background-color":"var(--ast-global-color-5)","background-image":"","background-repeat":"repeat","background-position":"center center","background-size":"auto","background-attachment":"scroll","background-type":"","background-media":"","overlay-type":"","overlay-color":"","overlay-opacity":"","overlay-gradient":""}},"footnotes":""},"class_list":["post-6961","page","type-page","status-publish","hentry"],"_links":{"self":[{"href":"https:\/\/alerno.de\/hr\/wp-json\/wp\/v2\/pages\/6961","targetHints":{"allow":["GET"]}}],"collection":[{"href":"https:\/\/alerno.de\/hr\/wp-json\/wp\/v2\/pages"}],"about":[{"href":"https:\/\/alerno.de\/hr\/wp-json\/wp\/v2\/types\/page"}],"author":[{"embeddable":true,"href":"https:\/\/alerno.de\/hr\/wp-json\/wp\/v2\/users\/1"}],"replies":[{"embeddable":true,"href":"https:\/\/alerno.de\/hr\/wp-json\/wp\/v2\/comments?post=6961"}],"version-history":[{"count":1,"href":"https:\/\/alerno.de\/hr\/wp-json\/wp\/v2\/pages\/6961\/revisions"}],"predecessor-version":[{"id":6964,"href":"https:\/\/alerno.de\/hr\/wp-json\/wp\/v2\/pages\/6961\/revisions\/6964"}],"wp:attachment":[{"href":"https:\/\/alerno.de\/hr\/wp-json\/wp\/v2\/media?parent=6961"}],"curies":[{"name":"wp","href":"https:\/\/api.w.org\/{rel}","templated":true}]}}