{"id":43741,"date":"2025-05-07T12:18:56","date_gmt":"2025-05-07T10:18:56","guid":{"rendered":"https:\/\/alerno.de\/tecajevi-za-vrijeme-praznika-2025\/"},"modified":"2025-06-17T10:23:42","modified_gmt":"2025-06-17T08:23:42","slug":"tecajevi-za-vrijeme-praznika-2025","status":"publish","type":"page","link":"https:\/\/alerno.de\/hr\/tecajevi-za-vrijeme-praznika-2025\/","title":{"rendered":"Te\u010dajevi za vrijeme praznika 2025."},"content":{"rendered":"\t\t<div data-elementor-type=\"wp-page\" data-elementor-id=\"43741\" class=\"elementor elementor-43741 elementor-43221\" data-elementor-post-type=\"page\">\n\t\t\t\t\t\t<section class=\"elementor-section elementor-top-section elementor-element elementor-element-5cd9faa elementor-section-boxed elementor-section-height-default elementor-section-height-default\" data-id=\"5cd9faa\" data-element_type=\"section\" data-e-type=\"section\">\n\t\t\t\t\t\t<div class=\"elementor-container elementor-column-gap-default\">\n\t\t\t\t\t<div class=\"elementor-column elementor-col-100 elementor-top-column elementor-element elementor-element-aab293f\" data-id=\"aab293f\" data-element_type=\"column\" data-e-type=\"column\">\n\t\t\t<div class=\"elementor-widget-wrap elementor-element-populated\">\n\t\t\t\t\t\t<div class=\"elementor-element elementor-element-d0416b3 elementor-widget elementor-widget-heading\" data-id=\"d0416b3\" data-element_type=\"widget\" data-e-type=\"widget\" data-widget_type=\"heading.default\">\n\t\t\t\t<div class=\"elementor-widget-container\">\n\t\t\t\t\t<h2 class=\"elementor-heading-title elementor-size-default\">Te\u010dajevi za vrijeme praznika 2025.<\/h2>\t\t\t\t<\/div>\n\t\t\t\t<\/div>\n\t\t\t\t\t<\/div>\n\t\t<\/div>\n\t\t\t\t\t<\/div>\n\t\t<\/section>\n\t\t\t\t<section class=\"elementor-section elementor-top-section elementor-element elementor-element-86fb2c6 elementor-section-boxed elementor-section-height-default elementor-section-height-default\" data-id=\"86fb2c6\" data-element_type=\"section\" data-e-type=\"section\">\n\t\t\t\t\t\t<div class=\"elementor-container elementor-column-gap-default\">\n\t\t\t\t\t<div class=\"elementor-column elementor-col-100 elementor-top-column elementor-element elementor-element-8d0e0ae\" data-id=\"8d0e0ae\" data-element_type=\"column\" data-e-type=\"column\">\n\t\t\t<div class=\"elementor-widget-wrap elementor-element-populated\">\n\t\t\t\t\t\t<div class=\"elementor-element elementor-element-efecd73 elementor-widget elementor-widget-text-editor\" data-id=\"efecd73\" data-element_type=\"widget\" data-e-type=\"widget\" data-widget_type=\"text-editor.default\">\n\t\t\t\t<div class=\"elementor-widget-container\">\n\t\t\t\t\t\t\t\t\t<p>Po\u0161tovani roditelji,<br> Ljetni praznici izvrsna su prilika za u\u010dvr\u0161\u0107ivanje nau\u010denog gradiva i dobar po\u010detak nove \u0161kolske godine pripremljen. Na\u0161i <strong>prazni\u010dni te\u010dajevi<\/strong> imaju za cilj to omogu\u0107iti. <\/p><p><strong>Tko mo\u017ee sudjelovati?<\/strong><\/p><p>Studenti s <strong>Bremen Passom<\/strong> koji trenutno poha\u0111aju poduku u Alernu mogu se prijaviti za Alerno-ve te\u010dajeve tijekom praznika:<\/p><ul><li>Ako <strong>poha\u0111ate jednu redovnu grupnu lekciju tjedno<\/strong> (jedan predmet), imate pravo na <strong>jedan tjedan prazni\u010dnih te\u010dajeva<\/strong> iz istog predmeta.<\/li><li>S <strong>dva grupna te\u010daja tjedno<\/strong> mogu se poha\u0111ati <strong>dva te\u010daja tijekom praznika<\/strong> iz odgovaraju\u0107ih predmeta.<\/li><\/ul><p><strong>Vrijeme i trajanje te\u010daja<\/strong><\/p><p>Te\u010dajevi tijekom praznika odr\u017eavaju se <strong>od ponedjeljka do petka ujutro<\/strong> i traju <strong>90 minuta<\/strong> svaki.<br><strong>Vrijeme po\u010detka:<\/strong> 10:00 ili 11:30 (predodabir nije mogu\u0107). Obavijest o to\u010dnom vremenu primit \u0107ete unaprijed; zahtjevi za promjenama mogu se naknadno udovoljiti. <\/p><p><strong>Datumi te\u010dajeva za vrijeme praznika<\/strong><\/p><ul><li><strong>1. tjedan te\u010daja za vrijeme praznika:<\/strong> 28. srpnja 2025. \u2013 1. kolovoza 2025.<\/li><li><strong>2. tjedan te\u010daja za vrijeme praznika:<\/strong> 04.08.2025. \u2013 08.08.2025.<\/li><\/ul>\t\t\t\t\t\t\t\t<\/div>\n\t\t\t\t<\/div>\n\t\t\t\t\t<\/div>\n\t\t<\/div>\n\t\t\t\t\t<\/div>\n\t\t<\/section>\n\t\t\t\t<section class=\"elementor-section elementor-top-section elementor-element elementor-element-26c60f8 elementor-section-boxed elementor-section-height-default elementor-section-height-default\" data-id=\"26c60f8\" data-element_type=\"section\" data-e-type=\"section\">\n\t\t\t\t\t\t<div class=\"elementor-container elementor-column-gap-default\">\n\t\t\t\t\t<div class=\"elementor-column elementor-col-100 elementor-top-column elementor-element elementor-element-4798975\" data-id=\"4798975\" data-element_type=\"column\" data-e-type=\"column\">\n\t\t\t<div class=\"elementor-widget-wrap elementor-element-populated\">\n\t\t\t\t\t\t<div class=\"elementor-element elementor-element-86df482 elementor-widget elementor-widget-html\" data-id=\"86df482\" data-element_type=\"widget\" data-e-type=\"widget\" data-widget_type=\"html.default\">\n\t\t\t\t<div class=\"elementor-widget-container\">\n\t\t\t\t\t<iframe src=\"https:\/\/forms.monday.com\/forms\/embed\/f182321e01baf2df82dc7a910830cfcc?r=use1\" width=\"650\" height=\"2300\" style=\"border: 0; box-shadow: 5px 5px 56px 0px rgba(0,0,0,0.25);\"><\/iframe>\t\t\t\t<\/div>\n\t\t\t\t<\/div>\n\t\t\t\t\t<\/div>\n\t\t<\/div>\n\t\t\t\t\t<\/div>\n\t\t<\/section>\n\t\t\t\t<\/div>\n\t\t","protected":false},"excerpt":{"rendered":"<p>Te\u010dajevi za vrijeme praznika 2025. Po\u0161tovani roditelji, Ljetni praznici izvrsna su prilika za u\u010dvr\u0161\u0107ivanje nau\u010denog gradiva i dobar po\u010detak nove \u0161kolske godine pripremljen. Na\u0161i prazni\u010dni te\u010dajevi imaju za cilj to omogu\u0107iti. Tko mo\u017ee sudjelovati? Studenti s Bremen Passom koji trenutno poha\u0111aju poduku u Alernu mogu se prijaviti za Alerno-ve te\u010dajeve tijekom praznika: Ako poha\u0111ate jednu [&hellip;]<\/p>\n","protected":false},"author":1,"featured_media":0,"parent":0,"menu_order":0,"comment_status":"closed","ping_status":"closed","template":"","meta":{"_seopress_robots_primary_cat":"","_seopress_titles_title":"","_seopress_titles_desc":"","_seopress_robots_index":"","site-sidebar-layout":"no-sidebar","site-content-layout":"page-builder","ast-site-content-layout":"full-width-container","site-content-style":"default","site-sidebar-style":"default","ast-global-header-display":"","ast-banner-title-visibility":"","ast-main-header-display":"","ast-hfb-above-header-display":"","ast-hfb-below-header-display":"","ast-hfb-mobile-header-display":"","site-post-title":"disabled","ast-breadcrumbs-content":"","ast-featured-img":"disabled","footer-sml-layout":"","ast-disable-related-posts":"","theme-transparent-header-meta":"default","adv-header-id-meta":"","stick-header-meta":"","header-above-stick-meta":"","header-main-stick-meta":"","header-below-stick-meta":"","astra-migrate-meta-layouts":"default","ast-page-background-enabled":"default","ast-page-background-meta":{"desktop":{"background-color":"","background-image":"","background-repeat":"repeat","background-position":"center center","background-size":"auto","background-attachment":"scroll","background-type":"","background-media":"","overlay-type":"","overlay-color":"","overlay-opacity":"","overlay-gradient":""},"tablet":{"background-color":"","background-image":"","background-repeat":"repeat","background-position":"center center","background-size":"auto","background-attachment":"scroll","background-type":"","background-media":"","overlay-type":"","overlay-color":"","overlay-opacity":"","overlay-gradient":""},"mobile":{"background-color":"","background-image":"","background-repeat":"repeat","background-position":"center center","background-size":"auto","background-attachment":"scroll","background-type":"","background-media":"","overlay-type":"","overlay-color":"","overlay-opacity":"","overlay-gradient":""}},"ast-content-background-meta":{"desktop":{"background-color":"var(--ast-global-color-5)","background-image":"","background-repeat":"repeat","background-position":"center center","background-size":"auto","background-attachment":"scroll","background-type":"","background-media":"","overlay-type":"","overlay-color":"","overlay-opacity":"","overlay-gradient":""},"tablet":{"background-color":"var(--ast-global-color-5)","background-image":"","background-repeat":"repeat","background-position":"center center","background-size":"auto","background-attachment":"scroll","background-type":"","background-media":"","overlay-type":"","overlay-color":"","overlay-opacity":"","overlay-gradient":""},"mobile":{"background-color":"var(--ast-global-color-5)","background-image":"","background-repeat":"repeat","background-position":"center center","background-size":"auto","background-attachment":"scroll","background-type":"","background-media":"","overlay-type":"","overlay-color":"","overlay-opacity":"","overlay-gradient":""}},"footnotes":""},"class_list":["post-43741","page","type-page","status-publish","hentry"],"_links":{"self":[{"href":"https:\/\/alerno.de\/hr\/wp-json\/wp\/v2\/pages\/43741","targetHints":{"allow":["GET"]}}],"collection":[{"href":"https:\/\/alerno.de\/hr\/wp-json\/wp\/v2\/pages"}],"about":[{"href":"https:\/\/alerno.de\/hr\/wp-json\/wp\/v2\/types\/page"}],"author":[{"embeddable":true,"href":"https:\/\/alerno.de\/hr\/wp-json\/wp\/v2\/users\/1"}],"replies":[{"embeddable":true,"href":"https:\/\/alerno.de\/hr\/wp-json\/wp\/v2\/comments?post=43741"}],"version-history":[{"count":1,"href":"https:\/\/alerno.de\/hr\/wp-json\/wp\/v2\/pages\/43741\/revisions"}],"predecessor-version":[{"id":43744,"href":"https:\/\/alerno.de\/hr\/wp-json\/wp\/v2\/pages\/43741\/revisions\/43744"}],"wp:attachment":[{"href":"https:\/\/alerno.de\/hr\/wp-json\/wp\/v2\/media?parent=43741"}],"curies":[{"name":"wp","href":"https:\/\/api.w.org\/{rel}","templated":true}]}}