{"id":22572,"date":"2023-06-08T11:44:49","date_gmt":"2023-06-08T09:44:49","guid":{"rendered":"https:\/\/alerno.de\/produkt\/cours-de-maths-de-vacances\/"},"modified":"2025-06-17T11:25:55","modified_gmt":"2025-06-17T09:25:55","slug":"cours-de-maths-pendant-les-vacances","status":"publish","type":"product","link":"https:\/\/alerno.de\/fr\/produkt\/cours-de-maths-pendant-les-vacances\/","title":{"rendered":"Cours de vacances \u00e9cole primaire 1 semaine"},"content":{"rendered":"<h2 class=\"elementor-heading-title elementor-size-default\"><span class=\"ui-provider a b c d e f g h i j k l m n o p q r s t u v w x y z ab ac ae af ag ah ai aj ak\" dir=\"ltr\"><strong>Apprendre en s&rsquo;amusant : cours de maths et d&rsquo;allemand pendant les vacances d&rsquo;\u00e9t\u00e9 pour les enfants de l&rsquo;\u00e9cole primaire<\/strong><\/span><\/h2>\n<p>&nbsp;<\/p>\n<p>Le cours \u00ab\u00a0Apprentissage ludique\" offre aux enfants du primaire de la 1\u00e8re \u00e0 la 4\u00e8me ann\u00e9e la possibilit\u00e9 d&rsquo;approfondir leurs connaissances en math\u00e9matiques et en allemand pendant les vacances d&rsquo;\u00e9t\u00e9, de mani\u00e8re ludique et adapt\u00e9e aux enfants.<\/p>\n<p><strong>D\u00e9tails :<\/strong><\/p>\n<ul>\n<li><strong>Semaine 1 :<\/strong> 22.07.2024 au 26.07.2024<\/li>\n<li><strong>Semaine 2 :<\/strong> 29.07.2024 au 02.08.2024<\/li>\n<li><strong>Dur\u00e9e :<\/strong> du lundi au vendredi, 180 minutes par jour le matin<\/li>\n<li><strong>Contenu :<\/strong> Exercices ludiques et adapt\u00e9s \u00e0 l&rsquo;\u00e2ge en math\u00e9matiques et en allemand<\/li>\n<li><strong>Pauses :<\/strong> jeux \u00e9ducatifs et une pause petit-d\u00e9jeuner commune (veuillez apporter votre propre petit-d\u00e9jeuner)<\/li>\n<li><strong>Lieu d&rsquo;implantation :<\/strong> Br\u00eame<\/li>\n<li><strong>Taille du groupe :<\/strong> Petit groupe pour un soutien individuel<\/li>\n<li><strong>Co\u00fbt :<\/strong> 99,- \u20ac (gratuit pour les clients titulaires du Bremen Pass)<\/li>\n<\/ul>\n<p><strong>Pourquoi les cours de vacances de l&rsquo;\u00e9cole primaire sont-ils utiles ?<\/strong><\/p>\n<ul>\n<li><strong>R\u00e9vision de la mati\u00e8re :<\/strong> consolidation des connaissances acquises en allemand et en math\u00e9matiques.<\/li>\n<li><strong>Un apprentissage plus d\u00e9tendu :<\/strong> Pendant les vacances, la pression scolaire dispara\u00eet, ce qui permet d&rsquo;apprendre de mani\u00e8re ludique et d\u00e9tendue.<\/li>\n<li><strong>Une atmosph\u00e8re d&rsquo;apprentissage positive :<\/strong> notre atmosph\u00e8re d&rsquo;apprentissage d\u00e9contract\u00e9e soutient parfaitement cette approche.<\/li>\n<li><strong>Exp\u00e9rience d&rsquo;apprentissage positive :<\/strong> les enfants doivent vivre une exp\u00e9rience d&rsquo;apprentissage positive et ludique pendant les vacances d&rsquo;\u00e9t\u00e9.<\/li>\n<\/ul>\n<p><strong>Objectifs d&rsquo;apprentissage :<\/strong><\/p>\n<ul>\n<li><strong>Maths :<\/strong> consolider les bases, r\u00e9soudre des probl\u00e8mes math\u00e9matiques pratiques et ludiques.<\/li>\n<li><strong>Allemand :<\/strong> d\u00e9velopper les comp\u00e9tences linguistiques, encourager la lecture \u00e0 travers des histoires et des exercices cr\u00e9atifs, expression \u00e9crite.<\/li>\n<li><strong>Objectifs d&rsquo;apprentissage g\u00e9n\u00e9raux :<\/strong> Motivation \u00e0 apprendre, comp\u00e9tences sociales gr\u00e2ce \u00e0 des activit\u00e9s communes, apprentissage autonome gr\u00e2ce \u00e0 des t\u00e2ches guid\u00e9es.<\/li>\n<\/ul>\n<p><strong>Avantages pour les parents : <\/strong>Votre enfant passe 3 heures par jour de mani\u00e8re utile et b\u00e9n\u00e9ficie d&rsquo;une attention individuelle. Nos tuteurs exp\u00e9riment\u00e9s assurent un environnement d&rsquo;apprentissage inspirant, dans lequel chaque enfant est soutenu individuellement. Les enfants peuvent ainsi commencer l&rsquo;ann\u00e9e scolaire suivante plus forts et avec une confiance renouvel\u00e9e.<\/p>\n<hr>\n<p><strong>Remarque sur l&rsquo;aide \u00e0 l&rsquo;apprentissage via le Bremen Pass : <\/strong>la demande d&rsquo;aide gratuite \u00e0 l&rsquo;apprentissage via le Bremen Pass peut \u00eatre faite d\u00e8s maintenant pour la nouvelle ann\u00e9e scolaire 2024\/25. Utilisez pour cela notre formulaire : <a class=\"fui-Link ___1rxvrpe f2hkw1w f3rmtva f1ewtqcl fyind8e f1k6fduh f1w7gpdv fk6fouc fjoy568 figsok6 f1hu3pq6 f11qmguv f19f4twv f1tyq0we f1g0x7ka fhxju0i f1qch9an f1cnd47f fqv5qza f1vmzxwi f1o700av f13mvf36 f1cmlufx f9n3di6 f1ids18y f1tx3yz7 f1deo86v f1eh06m1 f1iescvh fhgqx19 f1olyrje f1p93eir f1nev41a f1h8hb77 f1lqvz6u f10aw75t fsle3fq f17ae5zn\" title=\"https:\/\/alerno.de\/but\/\" href=\"https:\/\/alerno.de\/fr\/?page_id=31476\" target=\"_blank\" rel=\"noopener\" aria-label=\"Link Bremen Pass Antrag\">Demande de passeport pour Br\u00eame<\/a>.<\/p>\n<p>Nous nous r\u00e9jouissons d&rsquo;accueillir votre enfant dans nos cours de vacances et vous souhaitons de bonnes vacances d&rsquo;\u00e9t\u00e9 !<\/p>\n","protected":false},"excerpt":{"rendered":"<p>Apprendre en s&rsquo;amusant : cours de maths et d&rsquo;allemand pendant les vacances d&rsquo;\u00e9t\u00e9 pour les enfants de l&rsquo;\u00e9cole primaire &nbsp; Le cours \u00ab\u00a0Apprentissage ludique\" offre aux enfants du primaire de la 1\u00e8re \u00e0 la 4\u00e8me ann\u00e9e la possibilit\u00e9 d&rsquo;approfondir leurs connaissances en math\u00e9matiques et en allemand pendant les vacances d&rsquo;\u00e9t\u00e9, de mani\u00e8re ludique et adapt\u00e9e [&hellip;]<\/p>\n","protected":false},"featured_media":3731,"template":"","meta":{"_seopress_robots_primary_cat":"none","_seopress_titles_title":"","_seopress_titles_desc":"","_seopress_robots_index":"","site-sidebar-layout":"default","site-content-layout":"default","ast-site-content-layout":"default","site-content-style":"default","site-sidebar-style":"default","ast-global-header-display":"","ast-banner-title-visibility":"","ast-main-header-display":"","ast-hfb-above-header-display":"","ast-hfb-below-header-display":"","ast-hfb-mobile-header-display":"","site-post-title":"","ast-breadcrumbs-content":"","ast-featured-img":"","footer-sml-layout":"","ast-disable-related-posts":"","theme-transparent-header-meta":"default","adv-header-id-meta":"","stick-header-meta":"default","header-above-stick-meta":"","header-main-stick-meta":"","header-below-stick-meta":"","astra-migrate-meta-layouts":"default","ast-page-background-enabled":"default","ast-page-background-meta":{"desktop":{"background-color":"","background-image":"","background-repeat":"repeat","background-position":"center center","background-size":"auto","background-attachment":"scroll","background-type":"","background-media":"","overlay-type":"","overlay-color":"","overlay-opacity":"","overlay-gradient":""},"tablet":{"background-color":"","background-image":"","background-repeat":"repeat","background-position":"center center","background-size":"auto","background-attachment":"scroll","background-type":"","background-media":"","overlay-type":"","overlay-color":"","overlay-opacity":"","overlay-gradient":""},"mobile":{"background-color":"","background-image":"","background-repeat":"repeat","background-position":"center center","background-size":"auto","background-attachment":"scroll","background-type":"","background-media":"","overlay-type":"","overlay-color":"","overlay-opacity":"","overlay-gradient":""}},"ast-content-background-meta":{"desktop":{"background-color":"var(--ast-global-color-5)","background-image":"","background-repeat":"repeat","background-position":"center center","background-size":"auto","background-attachment":"scroll","background-type":"","background-media":"","overlay-type":"","overlay-color":"","overlay-opacity":"","overlay-gradient":""},"tablet":{"background-color":"var(--ast-global-color-5)","background-image":"","background-repeat":"repeat","background-position":"center center","background-size":"auto","background-attachment":"scroll","background-type":"","background-media":"","overlay-type":"","overlay-color":"","overlay-opacity":"","overlay-gradient":""},"mobile":{"background-color":"var(--ast-global-color-5)","background-image":"","background-repeat":"repeat","background-position":"center center","background-size":"auto","background-attachment":"scroll","background-type":"","background-media":"","overlay-type":"","overlay-color":"","overlay-opacity":"","overlay-gradient":""}}},"product_brand":[],"product_cat":[311],"product_tag":[],"class_list":{"0":"post-22572","1":"product","2":"type-product","3":"status-publish","4":"has-post-thumbnail","6":"product_cat-cours-de-vacances","7":"desktop-align-left","8":"tablet-align-left","9":"mobile-align-left","10":"ast-product-gallery-layout-horizontal-slider","11":"ast-product-gallery-with-no-image","12":"ast-product-single-variable","13":"ast-product-tabs-layout-horizontal","15":"first","16":"instock","17":"shipping-taxable","18":"purchasable","19":"product-type-variable"},"_links":{"self":[{"href":"https:\/\/alerno.de\/fr\/wp-json\/wp\/v2\/product\/22572","targetHints":{"allow":["GET"]}}],"collection":[{"href":"https:\/\/alerno.de\/fr\/wp-json\/wp\/v2\/product"}],"about":[{"href":"https:\/\/alerno.de\/fr\/wp-json\/wp\/v2\/types\/product"}],"wp:featuredmedia":[{"embeddable":true,"href":"https:\/\/alerno.de\/fr\/wp-json\/wp\/v2\/media\/3731"}],"wp:attachment":[{"href":"https:\/\/alerno.de\/fr\/wp-json\/wp\/v2\/media?parent=22572"}],"wp:term":[{"taxonomy":"product_brand","embeddable":true,"href":"https:\/\/alerno.de\/fr\/wp-json\/wp\/v2\/product_brand?post=22572"},{"taxonomy":"product_cat","embeddable":true,"href":"https:\/\/alerno.de\/fr\/wp-json\/wp\/v2\/product_cat?post=22572"},{"taxonomy":"product_tag","embeddable":true,"href":"https:\/\/alerno.de\/fr\/wp-json\/wp\/v2\/product_tag?post=22572"}],"curies":[{"name":"wp","href":"https:\/\/api.w.org\/{rel}","templated":true}]}}