{"id":22476,"date":"2023-06-08T11:44:42","date_gmt":"2023-06-08T09:44:42","guid":{"rendered":"https:\/\/alerno.de\/produkt\/cours-danglais-de-vacances\/"},"modified":"2025-06-17T11:25:42","modified_gmt":"2025-06-17T09:25:42","slug":"cours-danglais-pour-les-vacances","status":"publish","type":"product","link":"https:\/\/alerno.de\/fr\/produkt\/cours-danglais-pour-les-vacances\/","title":{"rendered":"Cours de vacances niveau sup\u00e9rieur (\u00e0 partir de la 5e ann\u00e9e) 1 semaine"},"content":{"rendered":"<h2 class=\"elementor-heading-title elementor-size-default\"><span class=\"ui-provider a b c d e f g h i j k l m n o p q r s t u v w x y z ab ac ae af ag ah ai aj ak\" dir=\"ltr\"><strong>Le plaisir d&rsquo;apprendre pendant l&rsquo;\u00e9t\u00e9 : maths, allemand et anglais pour les \u00e9l\u00e8ves \u00e0 partir de la 5e ann\u00e9e.<\/strong><\/span><\/h2>\n<p>Donnez \u00e0 votre enfant la possibilit\u00e9 de combler ses lacunes pendant les vacances d&rsquo;\u00e9t\u00e9 et de se pr\u00e9parer au mieux pour la nouvelle ann\u00e9e scolaire. Notre cours \u00ab\u00a0Lernspa\u00df im Sommer\" propose une r\u00e9vision et un rattrapage intensifs des mati\u00e8res scolaires en math\u00e9matiques, allemand et anglais.<\/p>\n<p><strong>D\u00e9tails :<\/strong><\/p>\n<ul>\n<li><strong>Semaine 1 :<\/strong> 22.07.2024 au 26.07.2024<\/li>\n<li><strong>Semaine 2 :<\/strong> 29.07.2024 au 02.08.2024<\/li>\n<li><strong>Dur\u00e9e :<\/strong> du lundi au vendredi, 90 minutes par jour le matin<\/li>\n<li><strong>Contenu :<\/strong> Soutien scolaire individuel en petit groupe (jusqu&rsquo;\u00e0 5 \u00e9tudiants)<\/li>\n<li><strong>Emplacements :<\/strong> Bremen<\/li>\n<\/ul>\n<p><strong>Droit aux cours de vacances pour les clients existants :<\/strong><\/p>\n<p>Les \u00e9l\u00e8ves qui ont besoin d&rsquo;un soutien scolaire dans une mati\u00e8re l&rsquo;apr\u00e8s-midi une fois par semaine ont droit \u00e0 un cours de vacances. Une seule mati\u00e8re (allemand, maths ou anglais) peut \u00eatre choisie par cours de vacances. Les cours de vacances choisis doivent se situer dans les mati\u00e8res pour lesquelles des cours de soutien sont \u00e9galement demand\u00e9s \u00e0 alerno pendant la p\u00e9riode scolaire. Une inscription valide et en cours ou un Bremen Pass valable jusqu&rsquo;\u00e0 la fin de l&rsquo;ann\u00e9e scolaire 2023\/2024 doit \u00eatre disponible. Les cours d&rsquo;\u00e9t\u00e9 sont gratuits pour les \u00e9tudiants d\u00e9tenteurs d&rsquo;un Bremen Pass.<\/p>\n<p><strong>Pourquoi des cours d&rsquo;\u00e9t\u00e9 ?<\/strong><\/p>\n<ul>\n<li><strong>R\u00e9vision de la mati\u00e8re :<\/strong> consolidation des connaissances acquises en allemand, math\u00e9matiques et anglais.<\/li>\n<li><strong>Un apprentissage plus d\u00e9tendu :<\/strong> Pendant les vacances, la pression scolaire dispara\u00eet, ce qui permet d&rsquo;apprendre de mani\u00e8re ludique et d\u00e9tendue.<\/li>\n<li><strong>Une atmosph\u00e8re d&rsquo;apprentissage positive :<\/strong> notre atmosph\u00e8re d&rsquo;apprentissage d\u00e9contract\u00e9e soutient parfaitement cette approche.<\/li>\n<\/ul>\n<p><strong>Objectifs d&rsquo;apprentissage :<\/strong><\/p>\n<ul>\n<li><strong>Maths :<\/strong> consolider les bases, approfondir des sujets complexes, appliquer des concepts.<\/li>\n<li><strong>Allemand :<\/strong> am\u00e9liorer l&rsquo;orthographe et la grammaire, la lecture, l&rsquo;expression \u00e9crite.<\/li>\n<li><strong>Anglais :<\/strong> grammaire et orthographe, compr\u00e9hension \u00e9crite, pratique de la langue.<\/li>\n<li><strong>Objectifs d&rsquo;apprentissage g\u00e9n\u00e9raux :<\/strong> Apprentissage autonome, motivation \u00e0 apprendre, comp\u00e9tences sociales.<\/li>\n<\/ul>\n<p><strong>Avantages pour les parents :<\/strong><\/p>\n<p>Votre enfant passe 90 minutes par jour de mani\u00e8re utile et b\u00e9n\u00e9ficie d&rsquo;une attention individuelle.<\/p>\n","protected":false},"excerpt":{"rendered":"<p>Le plaisir d&rsquo;apprendre pendant l&rsquo;\u00e9t\u00e9 : maths, allemand et anglais pour les \u00e9l\u00e8ves \u00e0 partir de la 5e ann\u00e9e. Donnez \u00e0 votre enfant la possibilit\u00e9 de combler ses lacunes pendant les vacances d&rsquo;\u00e9t\u00e9 et de se pr\u00e9parer au mieux pour la nouvelle ann\u00e9e scolaire. Notre cours \u00ab\u00a0Lernspa\u00df im Sommer\" propose une r\u00e9vision et un rattrapage [&hellip;]<\/p>\n","protected":false},"featured_media":3747,"template":"","meta":{"_seopress_robots_primary_cat":"none","_seopress_titles_title":"","_seopress_titles_desc":"","_seopress_robots_index":"","site-sidebar-layout":"default","site-content-layout":"default","ast-site-content-layout":"default","site-content-style":"default","site-sidebar-style":"default","ast-global-header-display":"","ast-banner-title-visibility":"","ast-main-header-display":"","ast-hfb-above-header-display":"","ast-hfb-below-header-display":"","ast-hfb-mobile-header-display":"","site-post-title":"","ast-breadcrumbs-content":"","ast-featured-img":"","footer-sml-layout":"","ast-disable-related-posts":"","theme-transparent-header-meta":"default","adv-header-id-meta":"","stick-header-meta":"default","header-above-stick-meta":"","header-main-stick-meta":"","header-below-stick-meta":"","astra-migrate-meta-layouts":"default","ast-page-background-enabled":"default","ast-page-background-meta":{"desktop":{"background-color":"","background-image":"","background-repeat":"repeat","background-position":"center center","background-size":"auto","background-attachment":"scroll","background-type":"","background-media":"","overlay-type":"","overlay-color":"","overlay-opacity":"","overlay-gradient":""},"tablet":{"background-color":"","background-image":"","background-repeat":"repeat","background-position":"center center","background-size":"auto","background-attachment":"scroll","background-type":"","background-media":"","overlay-type":"","overlay-color":"","overlay-opacity":"","overlay-gradient":""},"mobile":{"background-color":"","background-image":"","background-repeat":"repeat","background-position":"center center","background-size":"auto","background-attachment":"scroll","background-type":"","background-media":"","overlay-type":"","overlay-color":"","overlay-opacity":"","overlay-gradient":""}},"ast-content-background-meta":{"desktop":{"background-color":"var(--ast-global-color-5)","background-image":"","background-repeat":"repeat","background-position":"center center","background-size":"auto","background-attachment":"scroll","background-type":"","background-media":"","overlay-type":"","overlay-color":"","overlay-opacity":"","overlay-gradient":""},"tablet":{"background-color":"var(--ast-global-color-5)","background-image":"","background-repeat":"repeat","background-position":"center center","background-size":"auto","background-attachment":"scroll","background-type":"","background-media":"","overlay-type":"","overlay-color":"","overlay-opacity":"","overlay-gradient":""},"mobile":{"background-color":"var(--ast-global-color-5)","background-image":"","background-repeat":"repeat","background-position":"center center","background-size":"auto","background-attachment":"scroll","background-type":"","background-media":"","overlay-type":"","overlay-color":"","overlay-opacity":"","overlay-gradient":""}}},"product_brand":[],"product_cat":[311],"product_tag":[],"class_list":{"0":"post-22476","1":"product","2":"type-product","3":"status-publish","4":"has-post-thumbnail","6":"product_cat-cours-de-vacances","7":"desktop-align-left","8":"tablet-align-left","9":"mobile-align-left","10":"ast-product-gallery-layout-horizontal-slider","11":"ast-product-gallery-with-no-image","12":"ast-product-single-variable","13":"ast-product-tabs-layout-horizontal","15":"first","16":"instock","17":"shipping-taxable","18":"purchasable","19":"product-type-variable"},"_links":{"self":[{"href":"https:\/\/alerno.de\/fr\/wp-json\/wp\/v2\/product\/22476","targetHints":{"allow":["GET"]}}],"collection":[{"href":"https:\/\/alerno.de\/fr\/wp-json\/wp\/v2\/product"}],"about":[{"href":"https:\/\/alerno.de\/fr\/wp-json\/wp\/v2\/types\/product"}],"wp:featuredmedia":[{"embeddable":true,"href":"https:\/\/alerno.de\/fr\/wp-json\/wp\/v2\/media\/3747"}],"wp:attachment":[{"href":"https:\/\/alerno.de\/fr\/wp-json\/wp\/v2\/media?parent=22476"}],"wp:term":[{"taxonomy":"product_brand","embeddable":true,"href":"https:\/\/alerno.de\/fr\/wp-json\/wp\/v2\/product_brand?post=22476"},{"taxonomy":"product_cat","embeddable":true,"href":"https:\/\/alerno.de\/fr\/wp-json\/wp\/v2\/product_cat?post=22476"},{"taxonomy":"product_tag","embeddable":true,"href":"https:\/\/alerno.de\/fr\/wp-json\/wp\/v2\/product_tag?post=22476"}],"curies":[{"name":"wp","href":"https:\/\/api.w.org\/{rel}","templated":true}]}}