{"id":22286,"date":"2023-06-08T11:41:15","date_gmt":"2023-06-08T09:41:15","guid":{"rendered":"https:\/\/alerno.de\/produkt\/cours-dallemand-de-vacances\/"},"modified":"2023-06-08T13:19:30","modified_gmt":"2023-06-08T11:19:30","slug":"cours-dallemand-pour-les-vacances","status":"publish","type":"product","link":"https:\/\/alerno.de\/fr\/produkt\/cours-dallemand-pour-les-vacances\/","title":{"rendered":"Cours d&rsquo;allemand de vacances 1 semaine"},"content":{"rendered":"<p>Sur la base des souhaits et des besoins individuels, il est possible de travailler sur la compr\u00e9hension de texte, l&rsquo;orthographe, mais aussi sur tout autre sujet. Les vacances offrent le temps et la tranquillit\u00e9 n\u00e9cessaires pour rattraper le retard et combler les lacunes.<\/p>\n<p>Les heures de cours sont attribu\u00e9es en fonction de la disponibilit\u00e9 et de l&rsquo;accord. Si le cours n&rsquo;a pas lieu, il est possible de suivre un cours alternatif ou de se faire rembourser les frais de cours.<\/p>\n","protected":false},"excerpt":{"rendered":"<p>Sur la base des souhaits et des besoins individuels, il est possible de travailler sur la compr\u00e9hension de texte, l&rsquo;orthographe, mais aussi sur tout autre sujet. Les vacances offrent le temps et la tranquillit\u00e9 n\u00e9cessaires pour rattraper le retard et combler les lacunes. Les heures de cours sont attribu\u00e9es en fonction de la disponibilit\u00e9 et [&hellip;]<\/p>\n","protected":false},"featured_media":3739,"template":"","meta":{"_seopress_robots_primary_cat":"none","_seopress_titles_title":"","_seopress_titles_desc":"","_seopress_robots_index":"","site-sidebar-layout":"default","site-content-layout":"default","ast-site-content-layout":"default","site-content-style":"default","site-sidebar-style":"default","ast-global-header-display":"","ast-banner-title-visibility":"","ast-main-header-display":"","ast-hfb-above-header-display":"","ast-hfb-below-header-display":"","ast-hfb-mobile-header-display":"","site-post-title":"","ast-breadcrumbs-content":"","ast-featured-img":"","footer-sml-layout":"","ast-disable-related-posts":"","theme-transparent-header-meta":"default","adv-header-id-meta":"","stick-header-meta":"default","header-above-stick-meta":"","header-main-stick-meta":"","header-below-stick-meta":"","astra-migrate-meta-layouts":"default","ast-page-background-enabled":"default","ast-page-background-meta":{"desktop":{"background-color":"","background-image":"","background-repeat":"repeat","background-position":"center center","background-size":"auto","background-attachment":"scroll","background-type":"","background-media":"","overlay-type":"","overlay-color":"","overlay-opacity":"","overlay-gradient":""},"tablet":{"background-color":"","background-image":"","background-repeat":"repeat","background-position":"center center","background-size":"auto","background-attachment":"scroll","background-type":"","background-media":"","overlay-type":"","overlay-color":"","overlay-opacity":"","overlay-gradient":""},"mobile":{"background-color":"","background-image":"","background-repeat":"repeat","background-position":"center center","background-size":"auto","background-attachment":"scroll","background-type":"","background-media":"","overlay-type":"","overlay-color":"","overlay-opacity":"","overlay-gradient":""}},"ast-content-background-meta":{"desktop":{"background-color":"var(--ast-global-color-5)","background-image":"","background-repeat":"repeat","background-position":"center center","background-size":"auto","background-attachment":"scroll","background-type":"","background-media":"","overlay-type":"","overlay-color":"","overlay-opacity":"","overlay-gradient":""},"tablet":{"background-color":"var(--ast-global-color-5)","background-image":"","background-repeat":"repeat","background-position":"center center","background-size":"auto","background-attachment":"scroll","background-type":"","background-media":"","overlay-type":"","overlay-color":"","overlay-opacity":"","overlay-gradient":""},"mobile":{"background-color":"var(--ast-global-color-5)","background-image":"","background-repeat":"repeat","background-position":"center center","background-size":"auto","background-attachment":"scroll","background-type":"","background-media":"","overlay-type":"","overlay-color":"","overlay-opacity":"","overlay-gradient":""}}},"product_brand":[],"product_cat":[311],"product_tag":[],"class_list":{"0":"post-22286","1":"product","2":"type-product","3":"status-publish","4":"has-post-thumbnail","6":"product_cat-cours-de-vacances","7":"desktop-align-left","8":"tablet-align-left","9":"mobile-align-left","10":"ast-product-gallery-layout-horizontal-slider","11":"ast-product-gallery-with-no-image","12":"ast-product-single-variable","13":"ast-product-tabs-layout-horizontal","15":"first","16":"instock","17":"shipping-taxable","18":"purchasable","19":"product-type-variable"},"_links":{"self":[{"href":"https:\/\/alerno.de\/fr\/wp-json\/wp\/v2\/product\/22286","targetHints":{"allow":["GET"]}}],"collection":[{"href":"https:\/\/alerno.de\/fr\/wp-json\/wp\/v2\/product"}],"about":[{"href":"https:\/\/alerno.de\/fr\/wp-json\/wp\/v2\/types\/product"}],"wp:featuredmedia":[{"embeddable":true,"href":"https:\/\/alerno.de\/fr\/wp-json\/wp\/v2\/media\/3739"}],"wp:attachment":[{"href":"https:\/\/alerno.de\/fr\/wp-json\/wp\/v2\/media?parent=22286"}],"wp:term":[{"taxonomy":"product_brand","embeddable":true,"href":"https:\/\/alerno.de\/fr\/wp-json\/wp\/v2\/product_brand?post=22286"},{"taxonomy":"product_cat","embeddable":true,"href":"https:\/\/alerno.de\/fr\/wp-json\/wp\/v2\/product_cat?post=22286"},{"taxonomy":"product_tag","embeddable":true,"href":"https:\/\/alerno.de\/fr\/wp-json\/wp\/v2\/product_tag?post=22286"}],"curies":[{"name":"wp","href":"https:\/\/api.w.org\/{rel}","templated":true}]}}