{"id":14059,"date":"2023-02-27T11:43:01","date_gmt":"2023-02-27T10:43:01","guid":{"rendered":"https:\/\/alerno.de\/produkt\/cours-accelere-abi-24-heures-de-challenge\/"},"modified":"2023-04-12T15:11:57","modified_gmt":"2023-04-12T13:11:57","slug":"abi-crash-cours-24-heures-challenge","status":"publish","type":"product","link":"https:\/\/alerno.de\/fr\/produkt\/abi-crash-cours-24-heures-challenge\/","title":{"rendered":"Cours acc\u00e9l\u00e9r\u00e9 Abi - 24 heures de challenge"},"content":{"rendered":"<section class=\"elementor-section elementor-top-section elementor-element elementor-element-5eac0c0 elementor-section-boxed elementor-section-height-default elementor-section-height-default\" data-id=\"5eac0c0\" data-element_type=\"section\">\n<div class=\"elementor-container elementor-column-gap-default\">\n<div class=\"elementor-column elementor-col-100 elementor-top-column elementor-element elementor-element-c0a42c7\" data-id=\"c0a42c7\" data-element_type=\"column\">\n<div class=\"elementor-widget-wrap elementor-element-populated\">\n<div class=\"elementor-element elementor-element-3d0f124 elementor-widget elementor-widget-heading\" data-id=\"3d0f124\" data-element_type=\"widget\" data-widget_type=\"heading.default\">\n<div class=\"elementor-widget-container\">\n<h2 class=\"elementor-heading-title elementor-size-default\">Notre best-seller - le d\u00e9fi des 24 heures<\/h2>\n<\/p><\/div>\n<\/p><\/div>\n<\/p><\/div>\n<\/p><\/div>\n<\/p><\/div>\n<\/section>\n<section class=\"elementor-section elementor-top-section elementor-element elementor-element-bf7defa elementor-section-boxed elementor-section-height-default elementor-section-height-default\" data-id=\"bf7defa\" data-element_type=\"section\">\n<div class=\"elementor-container elementor-column-gap-default\">\n<div class=\"elementor-column elementor-col-100 elementor-top-column elementor-element elementor-element-53ef57f\" data-id=\"53ef57f\" data-element_type=\"column\">\n<div class=\"elementor-widget-wrap elementor-element-populated\">\n<div class=\"elementor-element elementor-element-85f5f9b elementor-widget elementor-widget-text-editor\" data-id=\"85f5f9b\" data-element_type=\"widget\" data-widget_type=\"text-editor.default\">\n<div class=\"elementor-widget-container\">\n<p>Juste avant le baccalaur\u00e9at, il faut tout r\u00e9viser intensivement ?<\/p>\n<p>Ton groupe est compos\u00e9 de 5 \u00e0 10 participants. La taille nettement plus petite des groupes par rapport \u00e0 d&rsquo;autres prestataires augmente ton succ\u00e8s d&rsquo;apprentissage et une dynamique de groupe motivante est cr\u00e9\u00e9e.<\/p>\n<h3><strong>Pourquoi r\u00e9server ce cours ?<\/strong><\/h3>\n<ul>\n<li>R\u00e9vision de l&rsquo;ensemble de la mati\u00e8re pertinente en l&rsquo;espace de 24 heures<\/li>\n<li>Exercices du baccalaur\u00e9at des ann\u00e9es pr\u00e9c\u00e9dentes avec solutions types<\/li>\n<li>Un coach d&rsquo;apprentissage exp\u00e9riment\u00e9, toujours \u00e0 tes c\u00f4t\u00e9s<\/li>\n<\/ul>\n<h3><strong>Quand commence le Challenge 24 heures ?<\/strong><\/h3>\n<p>1\u00e8re partie : samedi-dimanche (22.04.-23.04.2023) 10h00 \u00e0 16h30 (30 min de pause incluse)<br \/>\n2e partie : samedi - dimanche (29.04.-30.04.2023) 10h00 \u00e0 16h30 (30 min de pause incluses)<\/p>\n<h3><strong>O\u00f9 se d\u00e9roule le 24 Stunden Challenge ?<\/strong><\/h3>\n<ul>\n<li>Walle (177, Steffensweg)<\/li>\n<li>Mitte (Papenstr. 1)<\/li>\n<li>Vegesack (Gerhard-Rohlfs-Str. 21)<\/li>\n<li>Schwachhausen (Schwachhauser-Heerstr. 51)<\/li>\n<li>Horn-Lehe (Leher Heerstr. 173)<\/li>\n<\/ul>\n<h3><strong>Combien co\u00fbte la participation au 24 Stunden Challenge ?<\/strong><\/h3>\n<p>Le Turbo Boost pour ton bac de maths pour une seule fois 249\u20ac.<br \/>\nNombre de participants limit\u00e9.<\/p>\n<\/div><\/div>\n<\/p><\/div>\n<\/p><\/div>\n<\/p><\/div>\n<\/section>\n","protected":false},"excerpt":{"rendered":"<p>Notre best-seller - le d\u00e9fi des 24 heures Juste avant le baccalaur\u00e9at, il faut tout r\u00e9viser intensivement ? Ton groupe est compos\u00e9 de 5 \u00e0 10 participants. La taille nettement plus petite des groupes par rapport \u00e0 d&rsquo;autres prestataires augmente ton succ\u00e8s d&rsquo;apprentissage et une dynamique de groupe motivante est cr\u00e9\u00e9e. Pourquoi r\u00e9server ce cours [&hellip;]<\/p>\n","protected":false},"featured_media":13591,"template":"","meta":{"_seopress_robots_primary_cat":"none","_seopress_titles_title":"","_seopress_titles_desc":"","_seopress_robots_index":"","site-sidebar-layout":"default","site-content-layout":"default","ast-site-content-layout":"default","site-content-style":"default","site-sidebar-style":"default","ast-global-header-display":"","ast-banner-title-visibility":"","ast-main-header-display":"","ast-hfb-above-header-display":"","ast-hfb-below-header-display":"","ast-hfb-mobile-header-display":"","site-post-title":"","ast-breadcrumbs-content":"","ast-featured-img":"","footer-sml-layout":"","ast-disable-related-posts":"","theme-transparent-header-meta":"default","adv-header-id-meta":"","stick-header-meta":"default","header-above-stick-meta":"","header-main-stick-meta":"","header-below-stick-meta":"","astra-migrate-meta-layouts":"default","ast-page-background-enabled":"default","ast-page-background-meta":{"desktop":{"background-color":"","background-image":"","background-repeat":"repeat","background-position":"center center","background-size":"auto","background-attachment":"scroll","background-type":"","background-media":"","overlay-type":"","overlay-color":"","overlay-opacity":"","overlay-gradient":""},"tablet":{"background-color":"","background-image":"","background-repeat":"repeat","background-position":"center center","background-size":"auto","background-attachment":"scroll","background-type":"","background-media":"","overlay-type":"","overlay-color":"","overlay-opacity":"","overlay-gradient":""},"mobile":{"background-color":"","background-image":"","background-repeat":"repeat","background-position":"center center","background-size":"auto","background-attachment":"scroll","background-type":"","background-media":"","overlay-type":"","overlay-color":"","overlay-opacity":"","overlay-gradient":""}},"ast-content-background-meta":{"desktop":{"background-color":"var(--ast-global-color-5)","background-image":"","background-repeat":"repeat","background-position":"center center","background-size":"auto","background-attachment":"scroll","background-type":"","background-media":"","overlay-type":"","overlay-color":"","overlay-opacity":"","overlay-gradient":""},"tablet":{"background-color":"var(--ast-global-color-5)","background-image":"","background-repeat":"repeat","background-position":"center center","background-size":"auto","background-attachment":"scroll","background-type":"","background-media":"","overlay-type":"","overlay-color":"","overlay-opacity":"","overlay-gradient":""},"mobile":{"background-color":"var(--ast-global-color-5)","background-image":"","background-repeat":"repeat","background-position":"center center","background-size":"auto","background-attachment":"scroll","background-type":"","background-media":"","overlay-type":"","overlay-color":"","overlay-opacity":"","overlay-gradient":""}}},"product_brand":[],"product_cat":[239],"product_tag":[],"class_list":{"0":"post-14059","1":"product","2":"type-product","3":"status-publish","4":"has-post-thumbnail","6":"product_cat-cours","7":"desktop-align-left","8":"tablet-align-left","9":"mobile-align-left","10":"ast-product-gallery-layout-horizontal-slider","11":"ast-product-gallery-with-no-image","12":"ast-product-single-variable","13":"ast-product-tabs-layout-horizontal","15":"first","16":"outofstock","17":"shipping-taxable","18":"purchasable","19":"product-type-variable"},"_links":{"self":[{"href":"https:\/\/alerno.de\/fr\/wp-json\/wp\/v2\/product\/14059","targetHints":{"allow":["GET"]}}],"collection":[{"href":"https:\/\/alerno.de\/fr\/wp-json\/wp\/v2\/product"}],"about":[{"href":"https:\/\/alerno.de\/fr\/wp-json\/wp\/v2\/types\/product"}],"wp:featuredmedia":[{"embeddable":true,"href":"https:\/\/alerno.de\/fr\/wp-json\/wp\/v2\/media\/13591"}],"wp:attachment":[{"href":"https:\/\/alerno.de\/fr\/wp-json\/wp\/v2\/media?parent=14059"}],"wp:term":[{"taxonomy":"product_brand","embeddable":true,"href":"https:\/\/alerno.de\/fr\/wp-json\/wp\/v2\/product_brand?post=14059"},{"taxonomy":"product_cat","embeddable":true,"href":"https:\/\/alerno.de\/fr\/wp-json\/wp\/v2\/product_cat?post=14059"},{"taxonomy":"product_tag","embeddable":true,"href":"https:\/\/alerno.de\/fr\/wp-json\/wp\/v2\/product_tag?post=14059"}],"curies":[{"name":"wp","href":"https:\/\/api.w.org\/{rel}","templated":true}]}}