{"id":7430,"date":"2023-01-10T11:52:27","date_gmt":"2023-01-10T10:52:27","guid":{"rendered":"https:\/\/alerno.de\/cours-de-soutien\/cours-particuliers-et-cours-collectifs\/"},"modified":"2023-01-17T16:26:03","modified_gmt":"2023-01-17T15:26:03","slug":"cours-particuliers-et-cours-collectifs","status":"publish","type":"page","link":"https:\/\/alerno.de\/fr\/cours-de-soutien\/cours-particuliers-et-cours-collectifs\/","title":{"rendered":"Cours particuliers et cours collectifs"},"content":{"rendered":"\t\t<div data-elementor-type=\"wp-post\" data-elementor-id=\"7430\" class=\"elementor elementor-7430 elementor-1107\" data-elementor-post-type=\"page\">\n\t\t\t\t\t\t<section class=\"elementor-section elementor-top-section elementor-element elementor-element-67e95b4e elementor-section-content-middle elementor-section-boxed elementor-section-height-default elementor-section-height-default\" data-id=\"67e95b4e\" data-element_type=\"section\" data-e-type=\"section\" data-settings=\"{&quot;background_background&quot;:&quot;classic&quot;}\">\n\t\t\t\t\t\t<div class=\"elementor-container elementor-column-gap-no\">\n\t\t\t\t\t<div class=\"elementor-column elementor-col-50 elementor-top-column elementor-element elementor-element-7fe8011\" data-id=\"7fe8011\" data-element_type=\"column\" data-e-type=\"column\" data-settings=\"{&quot;background_background&quot;:&quot;classic&quot;}\">\n\t\t\t<div class=\"elementor-widget-wrap elementor-element-populated\">\n\t\t\t\t\t\t<div class=\"elementor-element elementor-element-671febbd elementor-widget elementor-widget-heading\" data-id=\"671febbd\" data-element_type=\"widget\" data-e-type=\"widget\" data-widget_type=\"heading.default\">\n\t\t\t\t<div class=\"elementor-widget-container\">\n\t\t\t\t\t<h1 class=\"elementor-heading-title elementor-size-default\">Cours particuliers et cours collectifs<\/h1>\t\t\t\t<\/div>\n\t\t\t\t<\/div>\n\t\t\t\t<div class=\"elementor-element elementor-element-1453cc30 elementor-widget-divider--view-line elementor-widget elementor-widget-divider\" data-id=\"1453cc30\" data-element_type=\"widget\" data-e-type=\"widget\" data-widget_type=\"divider.default\">\n\t\t\t\t<div class=\"elementor-widget-container\">\n\t\t\t\t\t\t\t<div class=\"elementor-divider\">\n\t\t\t<span class=\"elementor-divider-separator\">\n\t\t\t\t\t\t<\/span>\n\t\t<\/div>\n\t\t\t\t\t\t<\/div>\n\t\t\t\t<\/div>\n\t\t\t\t\t<\/div>\n\t\t<\/div>\n\t\t\t\t<div class=\"elementor-column elementor-col-50 elementor-top-column elementor-element elementor-element-72b76697\" data-id=\"72b76697\" data-element_type=\"column\" data-e-type=\"column\">\n\t\t\t<div class=\"elementor-widget-wrap\">\n\t\t\t\t\t\t\t<\/div>\n\t\t<\/div>\n\t\t\t\t\t<\/div>\n\t\t<\/section>\n\t\t\t\t<section class=\"elementor-section elementor-top-section elementor-element elementor-element-13ffab0b elementor-section-content-middle elementor-section-boxed elementor-section-height-default elementor-section-height-default\" data-id=\"13ffab0b\" data-element_type=\"section\" data-e-type=\"section\" data-settings=\"{&quot;background_background&quot;:&quot;classic&quot;}\">\n\t\t\t\t\t\t\t<div class=\"elementor-background-overlay\"><\/div>\n\t\t\t\t\t\t\t<div class=\"elementor-container elementor-column-gap-no\">\n\t\t\t\t\t<div class=\"elementor-column elementor-col-100 elementor-top-column elementor-element elementor-element-57978a14\" data-id=\"57978a14\" data-element_type=\"column\" data-e-type=\"column\">\n\t\t\t<div class=\"elementor-widget-wrap elementor-element-populated\">\n\t\t\t\t\t\t<div class=\"elementor-element elementor-element-f6f53f5 elementor-widget elementor-widget-text-editor\" data-id=\"f6f53f5\" data-element_type=\"widget\" data-e-type=\"widget\" data-widget_type=\"text-editor.default\">\n\t\t\t\t<div class=\"elementor-widget-container\">\n\t\t\t\t\t\t\t\t\t<h2><strong>Soutien scolaire individuel et en groupe avec alerno<\/strong><\/h2>\n<p>Avoir du plaisir \u00e0 apprendre avec alerno.  <br \/>En tant que partenaire des \u00e9coles publiques, notre concept de base est de motiver les \u00e9l\u00e8ves de mani\u00e8re positive, afin qu&rsquo;ils aient envie d&rsquo;apprendre et qu&rsquo;ils le fassent de leur plein gr\u00e9. Nos coachs d&rsquo;apprentissage se concentrent sur les forces et les faiblesses de chaque \u00e9l\u00e8ve et posent ainsi les bases d&rsquo;un succ\u00e8s d&rsquo;apprentissage optimal et durable. Choisis l&rsquo;un de nos <a href=\"https:\/\/www.alerno.de\/standorte\/\"><br \/>\n  <strong>11 sites alerno \u00e0 Br\u00eame et dans les environs<\/strong><br \/>\n<\/a>qui est le plus proche de chez toi et viens y faire un tour !<\/p>\n<h3>Cours individuels en petit groupe<\/h3>\n<ul>\n<li>trois \u00e0 cinq \u00e9l\u00e8ves maximum<\/li>\n<li>hebdomadaire \u00e0 des heures convenues<\/li>\n<li>toutes les \u00e9l\u00e8ves sont suivies individuellement<\/li>\n<li>une bonne et agr\u00e9able atmosph\u00e8re d&rsquo;apprentissage<\/li>\n<\/ul>\n<h3>Cours individuels<\/h3>\n<ul>\n<li>Cours individuels<\/li>\n<li>beaucoup de mati\u00e8re en peu de temps<\/li>\n<li>apr\u00e8s une absence prolong\u00e9e, un s\u00e9jour \u00e0 l&rsquo;\u00e9tranger ou une maladie (en cas de grandes lacunes dans les connaissances)<\/li>\n<li>Pr\u00e9paration et suivi de l&rsquo;enseignement scolaire<\/li>\n<\/ul>\n<div>\n<table class=\"deedba\">\n<tbody>\n<tr>\n<td>\n<p><strong>Avantages de l&rsquo;apprentissage en petit groupe :<\/strong><\/p>\n<ul>\n<li><strong>motivation positive, <\/strong>apprentissage en commun<\/li>\n<li><strong>moins de stress, <\/strong>les autres aussi font des erreurs<\/li>\n<li><strong>prix avantageux<\/strong> gr\u00e2ce \u00e0 la constellation de groupes<\/li>\n<li><strong>temps de travail suffisant<\/strong> (unit\u00e9s de 90 min.)<\/li>\n<li>un<strong> rendez-vous suppl\u00e9mentaire<\/strong> gratuit par mois<\/li>\n<li><strong>d\u00e9veloppement transparent<\/strong> de l<strong>&lsquo;apprentissage<\/strong> des \u00e9l\u00e8ves<\/li>\n<\/ul>\n<\/td>\n<td>\n<p><strong>Avantages de l&rsquo;apprentissage en cours particuliers :<\/strong><\/p>\n<ul>\n<li>avoir le coach d&rsquo;apprentissage pour soi<strong> seul <\/strong><strong><br \/><\/strong><\/li>\n<li> <strong>Adapter<\/strong><strong>les horaires<\/strong> et <strong>la mati\u00e8re scolaire<\/strong> <strong>\u00e0 court terme<\/strong><\/li>\n<li>propre<strong> rythme d&rsquo;apprentissage<\/strong><\/li>\n<li>apprentissage non perturb\u00e9,<strong> pas de distraction<\/strong><\/li>\n<li><strong>d\u00e9veloppement transparent<\/strong> de l<strong>&lsquo;apprentissage<\/strong> des \u00e9l\u00e8ves<\/li>\n<li>particuli\u00e8rement efficace pour la<strong> pr\u00e9paration aux examens<\/strong><\/li>\n<\/ul>\n<\/td>\n<\/tr>\n<\/tbody>\n<\/table>\n<\/div>\n\t\t\t\t\t\t\t\t<\/div>\n\t\t\t\t<\/div>\n\t\t\t\t\t<\/div>\n\t\t<\/div>\n\t\t\t\t\t<\/div>\n\t\t<\/section>\n\t\t\t\t<section class=\"elementor-section elementor-top-section elementor-element elementor-element-07ca8f4 elementor-section-boxed elementor-section-height-default elementor-section-height-default\" data-id=\"07ca8f4\" data-element_type=\"section\" data-e-type=\"section\">\n\t\t\t\t\t\t<div class=\"elementor-container elementor-column-gap-default\">\n\t\t\t\t\t<div class=\"elementor-column elementor-col-100 elementor-top-column elementor-element elementor-element-fd0c882\" data-id=\"fd0c882\" data-element_type=\"column\" data-e-type=\"column\">\n\t\t\t<div class=\"elementor-widget-wrap elementor-element-populated\">\n\t\t\t\t\t\t<div class=\"elementor-element elementor-element-3cf1dbc elementor-widget elementor-widget-text-editor\" data-id=\"3cf1dbc\" data-element_type=\"widget\" data-e-type=\"widget\" data-widget_type=\"text-editor.default\">\n\t\t\t\t<div class=\"elementor-widget-container\">\n\t\t\t\t\t\t\t\t\t<h3>Nous avons \u00e9veill\u00e9 ton int\u00e9r\u00eat ?<\/h3>\n<p>Alors appelle-nous maintenant ou envoie-nous directement un e-mail via le <a href=\"https:\/\/alerno.de\/fr\/contact\/\" target=\"_blank\" rel=\"noopener\">formulaire de contact<\/a>!<\/p>\n<p><strong>Mo. - Fr. De 9h \u00e0 17h :<\/strong>&nbsp;<b>0421-60 95 737<\/b><\/p>\t\t\t\t\t\t\t\t<\/div>\n\t\t\t\t<\/div>\n\t\t\t\t\t<\/div>\n\t\t<\/div>\n\t\t\t\t\t<\/div>\n\t\t<\/section>\n\t\t\t\t<\/div>\n\t\t","protected":false},"excerpt":{"rendered":"<p>Cours particuliers et cours collectifs Soutien scolaire individuel et en groupe avec alerno Avoir du plaisir \u00e0 apprendre avec alerno. En tant que partenaire des \u00e9coles publiques, notre concept de base est de motiver les \u00e9l\u00e8ves de mani\u00e8re positive, afin qu&rsquo;ils aient envie d&rsquo;apprendre et qu&rsquo;ils le fassent de leur plein gr\u00e9. Nos coachs d&rsquo;apprentissage [&hellip;]<\/p>\n","protected":false},"author":1,"featured_media":0,"parent":6996,"menu_order":0,"comment_status":"closed","ping_status":"closed","template":"","meta":{"_seopress_robots_primary_cat":"","_seopress_titles_title":"","_seopress_titles_desc":"","_seopress_robots_index":"","site-sidebar-layout":"no-sidebar","site-content-layout":"page-builder","ast-site-content-layout":"default","site-content-style":"default","site-sidebar-style":"default","ast-global-header-display":"","ast-banner-title-visibility":"","ast-main-header-display":"","ast-hfb-above-header-display":"","ast-hfb-below-header-display":"","ast-hfb-mobile-header-display":"","site-post-title":"disabled","ast-breadcrumbs-content":"","ast-featured-img":"disabled","footer-sml-layout":"","ast-disable-related-posts":"","theme-transparent-header-meta":"default","adv-header-id-meta":"","stick-header-meta":"","header-above-stick-meta":"","header-main-stick-meta":"","header-below-stick-meta":"","astra-migrate-meta-layouts":"default","ast-page-background-enabled":"default","ast-page-background-meta":{"desktop":{"background-color":"","background-image":"","background-repeat":"repeat","background-position":"center center","background-size":"auto","background-attachment":"scroll","background-type":"","background-media":"","overlay-type":"","overlay-color":"","overlay-opacity":"","overlay-gradient":""},"tablet":{"background-color":"","background-image":"","background-repeat":"repeat","background-position":"center center","background-size":"auto","background-attachment":"scroll","background-type":"","background-media":"","overlay-type":"","overlay-color":"","overlay-opacity":"","overlay-gradient":""},"mobile":{"background-color":"","background-image":"","background-repeat":"repeat","background-position":"center center","background-size":"auto","background-attachment":"scroll","background-type":"","background-media":"","overlay-type":"","overlay-color":"","overlay-opacity":"","overlay-gradient":""}},"ast-content-background-meta":{"desktop":{"background-color":"var(--ast-global-color-5)","background-image":"","background-repeat":"repeat","background-position":"center center","background-size":"auto","background-attachment":"scroll","background-type":"","background-media":"","overlay-type":"","overlay-color":"","overlay-opacity":"","overlay-gradient":""},"tablet":{"background-color":"var(--ast-global-color-5)","background-image":"","background-repeat":"repeat","background-position":"center center","background-size":"auto","background-attachment":"scroll","background-type":"","background-media":"","overlay-type":"","overlay-color":"","overlay-opacity":"","overlay-gradient":""},"mobile":{"background-color":"var(--ast-global-color-5)","background-image":"","background-repeat":"repeat","background-position":"center center","background-size":"auto","background-attachment":"scroll","background-type":"","background-media":"","overlay-type":"","overlay-color":"","overlay-opacity":"","overlay-gradient":""}},"footnotes":""},"class_list":["post-7430","page","type-page","status-publish","hentry"],"_links":{"self":[{"href":"https:\/\/alerno.de\/fr\/wp-json\/wp\/v2\/pages\/7430","targetHints":{"allow":["GET"]}}],"collection":[{"href":"https:\/\/alerno.de\/fr\/wp-json\/wp\/v2\/pages"}],"about":[{"href":"https:\/\/alerno.de\/fr\/wp-json\/wp\/v2\/types\/page"}],"author":[{"embeddable":true,"href":"https:\/\/alerno.de\/fr\/wp-json\/wp\/v2\/users\/1"}],"replies":[{"embeddable":true,"href":"https:\/\/alerno.de\/fr\/wp-json\/wp\/v2\/comments?post=7430"}],"version-history":[{"count":1,"href":"https:\/\/alerno.de\/fr\/wp-json\/wp\/v2\/pages\/7430\/revisions"}],"predecessor-version":[{"id":7436,"href":"https:\/\/alerno.de\/fr\/wp-json\/wp\/v2\/pages\/7430\/revisions\/7436"}],"up":[{"embeddable":true,"href":"https:\/\/alerno.de\/fr\/wp-json\/wp\/v2\/pages\/6996"}],"wp:attachment":[{"href":"https:\/\/alerno.de\/fr\/wp-json\/wp\/v2\/media?parent=7430"}],"curies":[{"name":"wp","href":"https:\/\/api.w.org\/{rel}","templated":true}]}}