{"id":43737,"date":"2025-05-07T12:18:56","date_gmt":"2025-05-07T10:18:56","guid":{"rendered":"https:\/\/alerno.de\/cours-de-vacances-2025\/"},"modified":"2025-06-17T10:23:41","modified_gmt":"2025-06-17T08:23:41","slug":"cours-de-vacances-2025","status":"publish","type":"page","link":"https:\/\/alerno.de\/fr\/cours-de-vacances-2025\/","title":{"rendered":"Cours de vacances-2025"},"content":{"rendered":"\t\t<div data-elementor-type=\"wp-page\" data-elementor-id=\"43737\" class=\"elementor elementor-43737 elementor-43221\" data-elementor-post-type=\"page\">\n\t\t\t\t\t\t<section class=\"elementor-section elementor-top-section elementor-element elementor-element-5cd9faa elementor-section-boxed elementor-section-height-default elementor-section-height-default\" data-id=\"5cd9faa\" data-element_type=\"section\" data-e-type=\"section\">\n\t\t\t\t\t\t<div class=\"elementor-container elementor-column-gap-default\">\n\t\t\t\t\t<div class=\"elementor-column elementor-col-100 elementor-top-column elementor-element elementor-element-aab293f\" data-id=\"aab293f\" data-element_type=\"column\" data-e-type=\"column\">\n\t\t\t<div class=\"elementor-widget-wrap elementor-element-populated\">\n\t\t\t\t\t\t<div class=\"elementor-element elementor-element-d0416b3 elementor-widget elementor-widget-heading\" data-id=\"d0416b3\" data-element_type=\"widget\" data-e-type=\"widget\" data-widget_type=\"heading.default\">\n\t\t\t\t<div class=\"elementor-widget-container\">\n\t\t\t\t\t<h2 class=\"elementor-heading-title elementor-size-default\">Cours de vacances 2025<\/h2>\t\t\t\t<\/div>\n\t\t\t\t<\/div>\n\t\t\t\t\t<\/div>\n\t\t<\/div>\n\t\t\t\t\t<\/div>\n\t\t<\/section>\n\t\t\t\t<section class=\"elementor-section elementor-top-section elementor-element elementor-element-86fb2c6 elementor-section-boxed elementor-section-height-default elementor-section-height-default\" data-id=\"86fb2c6\" data-element_type=\"section\" data-e-type=\"section\">\n\t\t\t\t\t\t<div class=\"elementor-container elementor-column-gap-default\">\n\t\t\t\t\t<div class=\"elementor-column elementor-col-100 elementor-top-column elementor-element elementor-element-8d0e0ae\" data-id=\"8d0e0ae\" data-element_type=\"column\" data-e-type=\"column\">\n\t\t\t<div class=\"elementor-widget-wrap elementor-element-populated\">\n\t\t\t\t\t\t<div class=\"elementor-element elementor-element-efecd73 elementor-widget elementor-widget-text-editor\" data-id=\"efecd73\" data-element_type=\"widget\" data-e-type=\"widget\" data-widget_type=\"text-editor.default\">\n\t\t\t\t<div class=\"elementor-widget-container\">\n\t\t\t\t\t\t\t\t\t<p>Chers parents,<br>les vacances d&rsquo;\u00e9t\u00e9 sont une bonne occasion de consolider les acquis et de commencer la nouvelle ann\u00e9e scolaire en \u00e9tant bien pr\u00e9par\u00e9. C&rsquo;est exactement ce que nous voulons vous permettre de faire avec nos <strong>cours de vacances<\/strong>. <\/p><p><strong>Qui peut participer ?<\/strong><\/p><p>Les \u00e9l\u00e8ves titulaires du <strong>Bremen-Pass<\/strong> qui participent actuellement au soutien scolaire d&rsquo;alerno peuvent s&rsquo;inscrire aux cours de vacances d&rsquo;alerno :<\/p><ul><li><strong>Un cours collectif r\u00e9gulier par semaine<\/strong> (une mati\u00e8re) donne droit \u00e0 <strong>une semaine de cours de vacances<\/strong> dans la m\u00eame mati\u00e8re.<\/li><li>Avec <strong>deux cours collectifs par semaine<\/strong>, il est possible de suivre <strong>deux cours de vacances<\/strong> dans les mati\u00e8res concern\u00e9es.<\/li><\/ul><p><strong>Horaires et dur\u00e9e des cours<\/strong><\/p><p>Les cours de vacances ont lieu <strong>du lundi au vendredi, le matin<\/strong>, et durent <strong>90 minutes<\/strong>.<br><strong>Heure de d\u00e9part :<\/strong> 10h00 ou 11h30 (pas de pr\u00e9s\u00e9lection possible). Vous recevrez en temps utile une information sur l&rsquo;heure exacte - les demandes de modification peuvent \u00eatre prises en compte par la suite. <\/p><p><strong>Dates des cours de vacances<\/strong><\/p><ul><li><strong>1\u00e8re semaine de cours de vacances :<\/strong> 28.07.2025 - 01.08.2025<\/li><li><strong>2\u00e8me semaine de cours de vacances :<\/strong> 04.08.2025 - 08.08.2025<\/li><\/ul>\t\t\t\t\t\t\t\t<\/div>\n\t\t\t\t<\/div>\n\t\t\t\t\t<\/div>\n\t\t<\/div>\n\t\t\t\t\t<\/div>\n\t\t<\/section>\n\t\t\t\t<section class=\"elementor-section elementor-top-section elementor-element elementor-element-26c60f8 elementor-section-boxed elementor-section-height-default elementor-section-height-default\" data-id=\"26c60f8\" data-element_type=\"section\" data-e-type=\"section\">\n\t\t\t\t\t\t<div class=\"elementor-container elementor-column-gap-default\">\n\t\t\t\t\t<div class=\"elementor-column elementor-col-100 elementor-top-column elementor-element elementor-element-4798975\" data-id=\"4798975\" data-element_type=\"column\" data-e-type=\"column\">\n\t\t\t<div class=\"elementor-widget-wrap elementor-element-populated\">\n\t\t\t\t\t\t<div class=\"elementor-element elementor-element-86df482 elementor-widget elementor-widget-html\" data-id=\"86df482\" data-element_type=\"widget\" data-e-type=\"widget\" data-widget_type=\"html.default\">\n\t\t\t\t<div class=\"elementor-widget-container\">\n\t\t\t\t\t<iframe src=\"https:\/\/forms.monday.com\/forms\/embed\/f182321e01baf2df82dc7a910830cfcc?r=use1\" width=\"650\" height=\"2300\" style=\"border: 0; box-shadow: 5px 5px 56px 0px rgba(0,0,0,0.25);\"><\/iframe>\t\t\t\t<\/div>\n\t\t\t\t<\/div>\n\t\t\t\t\t<\/div>\n\t\t<\/div>\n\t\t\t\t\t<\/div>\n\t\t<\/section>\n\t\t\t\t<\/div>\n\t\t","protected":false},"excerpt":{"rendered":"<p>Cours de vacances 2025 Chers parents,les vacances d&rsquo;\u00e9t\u00e9 sont une bonne occasion de consolider les acquis et de commencer la nouvelle ann\u00e9e scolaire en \u00e9tant bien pr\u00e9par\u00e9. C&rsquo;est exactement ce que nous voulons vous permettre de faire avec nos cours de vacances. Qui peut participer ? Les \u00e9l\u00e8ves titulaires du Bremen-Pass qui participent actuellement au [&hellip;]<\/p>\n","protected":false},"author":1,"featured_media":0,"parent":0,"menu_order":0,"comment_status":"closed","ping_status":"closed","template":"","meta":{"_seopress_robots_primary_cat":"","_seopress_titles_title":"","_seopress_titles_desc":"","_seopress_robots_index":"","site-sidebar-layout":"no-sidebar","site-content-layout":"page-builder","ast-site-content-layout":"full-width-container","site-content-style":"default","site-sidebar-style":"default","ast-global-header-display":"","ast-banner-title-visibility":"","ast-main-header-display":"","ast-hfb-above-header-display":"","ast-hfb-below-header-display":"","ast-hfb-mobile-header-display":"","site-post-title":"disabled","ast-breadcrumbs-content":"","ast-featured-img":"disabled","footer-sml-layout":"","ast-disable-related-posts":"","theme-transparent-header-meta":"default","adv-header-id-meta":"","stick-header-meta":"","header-above-stick-meta":"","header-main-stick-meta":"","header-below-stick-meta":"","astra-migrate-meta-layouts":"default","ast-page-background-enabled":"default","ast-page-background-meta":{"desktop":{"background-color":"","background-image":"","background-repeat":"repeat","background-position":"center center","background-size":"auto","background-attachment":"scroll","background-type":"","background-media":"","overlay-type":"","overlay-color":"","overlay-opacity":"","overlay-gradient":""},"tablet":{"background-color":"","background-image":"","background-repeat":"repeat","background-position":"center center","background-size":"auto","background-attachment":"scroll","background-type":"","background-media":"","overlay-type":"","overlay-color":"","overlay-opacity":"","overlay-gradient":""},"mobile":{"background-color":"","background-image":"","background-repeat":"repeat","background-position":"center center","background-size":"auto","background-attachment":"scroll","background-type":"","background-media":"","overlay-type":"","overlay-color":"","overlay-opacity":"","overlay-gradient":""}},"ast-content-background-meta":{"desktop":{"background-color":"var(--ast-global-color-5)","background-image":"","background-repeat":"repeat","background-position":"center center","background-size":"auto","background-attachment":"scroll","background-type":"","background-media":"","overlay-type":"","overlay-color":"","overlay-opacity":"","overlay-gradient":""},"tablet":{"background-color":"var(--ast-global-color-5)","background-image":"","background-repeat":"repeat","background-position":"center center","background-size":"auto","background-attachment":"scroll","background-type":"","background-media":"","overlay-type":"","overlay-color":"","overlay-opacity":"","overlay-gradient":""},"mobile":{"background-color":"var(--ast-global-color-5)","background-image":"","background-repeat":"repeat","background-position":"center center","background-size":"auto","background-attachment":"scroll","background-type":"","background-media":"","overlay-type":"","overlay-color":"","overlay-opacity":"","overlay-gradient":""}},"footnotes":""},"class_list":["post-43737","page","type-page","status-publish","hentry"],"_links":{"self":[{"href":"https:\/\/alerno.de\/fr\/wp-json\/wp\/v2\/pages\/43737","targetHints":{"allow":["GET"]}}],"collection":[{"href":"https:\/\/alerno.de\/fr\/wp-json\/wp\/v2\/pages"}],"about":[{"href":"https:\/\/alerno.de\/fr\/wp-json\/wp\/v2\/types\/page"}],"author":[{"embeddable":true,"href":"https:\/\/alerno.de\/fr\/wp-json\/wp\/v2\/users\/1"}],"replies":[{"embeddable":true,"href":"https:\/\/alerno.de\/fr\/wp-json\/wp\/v2\/comments?post=43737"}],"version-history":[{"count":1,"href":"https:\/\/alerno.de\/fr\/wp-json\/wp\/v2\/pages\/43737\/revisions"}],"predecessor-version":[{"id":43740,"href":"https:\/\/alerno.de\/fr\/wp-json\/wp\/v2\/pages\/43737\/revisions\/43740"}],"wp:attachment":[{"href":"https:\/\/alerno.de\/fr\/wp-json\/wp\/v2\/media?parent=43737"}],"curies":[{"name":"wp","href":"https:\/\/api.w.org\/{rel}","templated":true}]}}